{"id":33,"date":"2015-10-22T10:50:09","date_gmt":"2015-10-22T08:50:09","guid":{"rendered":"https:\/\/blog.jena.de\/wagnergasse\/?page_id=33"},"modified":"2017-07-25T12:54:57","modified_gmt":"2017-07-25T10:54:57","slug":"geschichte","status":"publish","type":"page","link":"https:\/\/blog.jena.de\/wagnergasse\/geschichte\/","title":{"rendered":"Geschichte"},"content":{"rendered":"<h2>Johannisplatz und Wagnergasse: Vom Kutschenbau zur Kneipenmeile<\/h2>\n<p><a href=\"https:\/\/blog.jena.de\/wagnergasse\/wp-content\/uploads\/sites\/16\/2015\/10\/fl_spl_jena_1732.jpg\"><img loading=\"lazy\" decoding=\"async\" class=\"wp-image-46 size-medium alignright\" src=\"https:\/\/blog.jena.de\/wagnergasse\/wp-content\/uploads\/sites\/16\/2015\/10\/fl_spl_jena_1732-300x154.jpg\" alt=\"\" width=\"300\" height=\"154\" \/><\/a>Der Johannisplatz leitet seinen Namen von der katholischen Kirche &#8222;St. Johannis Baptist&#8220; an der Wagnergasse ab. Als Taufkirche wurde sie nach Johannes dem T\u00e4ufer benannt und ist eine der \u00e4ltesten Kirchbauten Th\u00fcringens.<br \/>\nDer Platz selbst \u2013 auch als Richtplatz genutzt \u2013 lag im mittelalterlichen Jena au\u00dferhalb der Stadtmauern und war ein Teil der Johannisvorstadt. Durch die Bachstra\u00dfe und \u00fcber den Johannisplatz f\u00fchrte das Fl\u00fcsschen Leutra Frischwasser in die Stadt, das zuvor im Brunnenhaus (jetzt \u203aJenaer B\u00fccherstube\u2039) in gro\u00dfen Bottichen gesammelt wurde.<\/p>\n<p>Die Wagnergasse lag an der historischen Handelsstra\u00dfe nach Weimar und Erfurt. Deshalb siedelten sich hier sehr fr\u00fch die Handwerker an, die mit dem Bau von Wagen und Kutschen besch\u00e4ftigt waren \u2013 die \u203aWagner\u2039. Bis in die 1930er Jahre war die Gasse die einzige Stra\u00dfe nach Westen. Seit 1931 fuhr die Stra\u00dfenbahn ins M\u00fchltal, von 1969 bis 1996 der Linienbus durch die Wagnergasse. Bis in die fr\u00fchen 1990er Jahre pr\u00e4gten kleine Gesch\u00e4fte das Gesicht der Wagnergasse. Es existierte nur eine Kneipe: der \u203aGoldene Anker\u2039. Seit 1995 entwickelten sich die Wagnergasse und der angrenzende Johannisplatz dann immer mehr zur heute so beliebten \u203aKneipenmeile\u2039 Jenas.<\/p>\n<div id='gallery-1' class='gallery galleryid-33 gallery-columns-3 gallery-size-thumbnail'><figure class='gallery-item'>\n\t\t\t<div class='gallery-icon portrait'>\n\t\t\t\t<a href='https:\/\/blog.jena.de\/wagnergasse\/wp-content\/uploads\/sites\/16\/2015\/10\/fl_Bild_1962.jpg'><img loading=\"lazy\" decoding=\"async\" width=\"234\" height=\"321\" src=\"https:\/\/blog.jena.de\/wagnergasse\/wp-content\/uploads\/sites\/16\/2015\/10\/fl_Bild_1962.jpg\" class=\"attachment-thumbnail size-thumbnail\" alt=\"\" aria-describedby=\"gallery-1-47\" \/><\/a>\n\t\t\t<\/div>\n\t\t\t\t<figcaption class='wp-caption-text gallery-caption' id='gallery-1-47'>\n\t\t\t\tJenah\n\t\t\t\t<\/figcaption><\/figure><figure class='gallery-item'>\n\t\t\t<div class='gallery-icon portrait'>\n\t\t\t\t<a href='https:\/\/blog.jena.de\/wagnergasse\/wp-content\/uploads\/sites\/16\/2015\/10\/fl_Bild_1992.jpg'><img loading=\"lazy\" decoding=\"async\" width=\"228\" height=\"321\" src=\"https:\/\/blog.jena.de\/wagnergasse\/wp-content\/uploads\/sites\/16\/2015\/10\/fl_Bild_1992.jpg\" class=\"attachment-thumbnail size-thumbnail\" alt=\"\" aria-describedby=\"gallery-1-44\" \/><\/a>\n\t\t\t<\/div>\n\t\t\t\t<figcaption class='wp-caption-text gallery-caption' id='gallery-1-44'>\n\t\t\t\tStadt Jena \/ Philler\n\t\t\t\t<\/figcaption><\/figure><figure class='gallery-item'>\n\t\t\t<div class='gallery-icon portrait'>\n\t\t\t\t<a href='https:\/\/blog.jena.de\/wagnergasse\/wp-content\/uploads\/sites\/16\/2015\/10\/fl_Bild_jetzt.jpg'><img loading=\"lazy\" decoding=\"async\" width=\"228\" height=\"318\" src=\"https:\/\/blog.jena.de\/wagnergasse\/wp-content\/uploads\/sites\/16\/2015\/10\/fl_Bild_jetzt.jpg\" class=\"attachment-thumbnail size-thumbnail\" alt=\"\" aria-describedby=\"gallery-1-45\" \/><\/a>\n\t\t\t<\/div>\n\t\t\t\t<figcaption class='wp-caption-text gallery-caption' id='gallery-1-45'>\n\t\t\t\tJenaKultur\n\t\t\t\t<\/figcaption><\/figure>\n\t\t<\/div>\n\n<p>&nbsp;<\/p>\n","protected":false},"excerpt":{"rendered":"<p>Johannisplatz und Wagnergasse: Vom Kutschenbau zur Kneipenmeile Der Johannisplatz leitet seinen Namen von der katholischen Kirche &#8222;St. Johannis Baptist&#8220; an der Wagnergasse ab.&hellip;<\/p>\n","protected":false},"author":8,"featured_media":240,"parent":0,"menu_order":2,"comment_status":"closed","ping_status":"closed","template":"page-templates\/full-width.php","meta":{"footnotes":""},"class_list":["post-33","page","type-page","status-publish","has-post-thumbnail","hentry"],"_links":{"self":[{"href":"https:\/\/blog.jena.de\/wagnergasse\/wp-json\/wp\/v2\/pages\/33","targetHints":{"allow":["GET"]}}],"collection":[{"href":"https:\/\/blog.jena.de\/wagnergasse\/wp-json\/wp\/v2\/pages"}],"about":[{"href":"https:\/\/blog.jena.de\/wagnergasse\/wp-json\/wp\/v2\/types\/page"}],"author":[{"embeddable":true,"href":"https:\/\/blog.jena.de\/wagnergasse\/wp-json\/wp\/v2\/users\/8"}],"replies":[{"embeddable":true,"href":"https:\/\/blog.jena.de\/wagnergasse\/wp-json\/wp\/v2\/comments?post=33"}],"version-history":[{"count":14,"href":"https:\/\/blog.jena.de\/wagnergasse\/wp-json\/wp\/v2\/pages\/33\/revisions"}],"predecessor-version":[{"id":280,"href":"https:\/\/blog.jena.de\/wagnergasse\/wp-json\/wp\/v2\/pages\/33\/revisions\/280"}],"wp:featuredmedia":[{"embeddable":true,"href":"https:\/\/blog.jena.de\/wagnergasse\/wp-json\/wp\/v2\/media\/240"}],"wp:attachment":[{"href":"https:\/\/blog.jena.de\/wagnergasse\/wp-json\/wp\/v2\/media?parent=33"}],"curies":[{"name":"wp","href":"https:\/\/api.w.org\/{rel}","templated":true}]}}