{"id":13,"date":"2015-10-21T14:10:01","date_gmt":"2015-10-21T12:10:01","guid":{"rendered":"http:\/\/blog.jena.de\/wagnergasse\/?page_id=13"},"modified":"2017-07-25T12:53:11","modified_gmt":"2017-07-25T10:53:11","slug":"projektbeschreibung","status":"publish","type":"page","link":"https:\/\/blog.jena.de\/wagnergasse\/projektbeschreibung\/","title":{"rendered":"Projektbeschreibung"},"content":{"rendered":"<h2>Das Bauvorhaben im \u00dcberblick<\/h2>\n<figure id=\"attachment_60\" aria-describedby=\"caption-attachment-60\" style=\"width: 500px\" class=\"wp-caption alignright\"><a href=\"https:\/\/blog.jena.de\/wagnergasse\/wp-content\/uploads\/sites\/16\/2015\/10\/\u00dcbersichtslageplan-Bauabschnitte-1.jpg\"><img loading=\"lazy\" decoding=\"async\" class=\"wp-image-60 size-medium\" src=\"https:\/\/blog.jena.de\/wagnergasse\/wp-content\/uploads\/sites\/16\/2015\/10\/\u00dcbersichtslageplan-Bauabschnitte-1-500x230.jpg\" alt=\"\u00dcbersichtslageplan Bauabschnitte \u00a9 Ingenieurparterschaft Reisl\u00f6hner + Fr\u00f6lich\" width=\"500\" height=\"230\" srcset=\"https:\/\/blog.jena.de\/wagnergasse\/wp-content\/uploads\/sites\/16\/2015\/10\/\u00dcbersichtslageplan-Bauabschnitte-1-500x230.jpg 500w, https:\/\/blog.jena.de\/wagnergasse\/wp-content\/uploads\/sites\/16\/2015\/10\/\u00dcbersichtslageplan-Bauabschnitte-1-768x353.jpg 768w, https:\/\/blog.jena.de\/wagnergasse\/wp-content\/uploads\/sites\/16\/2015\/10\/\u00dcbersichtslageplan-Bauabschnitte-1-1000x460.jpg 1000w, https:\/\/blog.jena.de\/wagnergasse\/wp-content\/uploads\/sites\/16\/2015\/10\/\u00dcbersichtslageplan-Bauabschnitte-1-600x276.jpg 600w, https:\/\/blog.jena.de\/wagnergasse\/wp-content\/uploads\/sites\/16\/2015\/10\/\u00dcbersichtslageplan-Bauabschnitte-1-1500x690.jpg 1500w\" sizes=\"auto, (max-width: 500px) 100vw, 500px\" \/><\/a><figcaption id=\"caption-attachment-60\" class=\"wp-caption-text\">Ingenieurparterschaft Reisl\u00f6hner + Fr\u00f6lich | \u00dcbersichtslageplan Bauabschnitte<\/figcaption><\/figure>\n<p>Ab dem 2. November 2015 beginnt der grundhafte Ausbau von Wagnergasse sowie Johannisplatz und verl\u00e4ngerter Bachstra\u00dfe. Bis Ende November 2017 werden sich die Baufahrzeuge in mehreren Etappen vom Johannisplatz bis zur Angergasse vorarbeiten. Damit setzen die Stadt Jena, der Zweckverband JenaWasser und die Stadtwerke Energie gemeinsam ein f\u00fcr die Nutzer der Wagnergasse unangenehmes, deshalb aber nicht weniger notwendiges Bauvorhaben um.<\/p>\n<p>In den kommenden zwei Jahren wird der unter- und oberirdische Stra\u00dfenraum in Jenas Kneipenmeile neu geordnet. Die Bauausf\u00fchrung ist knifflig: Der Kanalbau muss in bis zu vier Metern Tiefe und in einer Gasse erfolgen, die an ihrer schmalsten Stelle kaum Platz f\u00fcr einen Bagger bietet. Die Stadtwerke und JenaWasser erneuern parallel die Trinkwasserleitungen inklusive der Hausanschl\u00fcsse, verlegen Strom- und Gasleitungen sowie Kommunikationskabel um.<\/p>\n<p>Die Stadt Jena \u00fcbernimmt anschlie\u00dfend den Stra\u00dfenbau und die Au\u00dfengestaltung. Die Wagnergasse erh\u00e4lt unter Verwendung der vorhandenen Steine eine neue Pflasterung, der Johannisplatz wird zu einer Ruhe- und Begegnungszone ausgebaut, begradigt, gepflastert, neu terrassiert, mit Sitzgelegenheiten und einem Wasserkunstwerk aufgewertet.<\/p>\n<p>In diesem Blog informieren wir Sie \u00fcber die vorgesehenen Arbeiten, den geplanten Bauablauf und Ihre Ansprechpartner f\u00fcr Fragen und Anregungen. Denn eine Bauma\u00dfnahme dieses Umfangs bleibt leider nicht ohne Auswirkungen auf Gastronomen und H\u00e4ndler, Anwohner und Besucher von Jenas Kneipenmeile. Gemeinsam m\u00f6chten wir versuchen, die Einschr\u00e4nkungen f\u00fcr alle Beteiligten in einem ertr\u00e4glichen Rahmen zu halten.<\/p>\n<h2>Geplanter Bauablauf<\/h2>\n<h3><strong>Bauabschnitt 1:<\/strong> (2015 \/ 2016)<strong><br \/>\n<\/strong><\/h3>\n<p>Johannisplatz und verl\u00e4ngerte Bachstra\u00dfe<\/p>\n<p>Geplante Bauzeit:<\/p>\n<p>November 2015 bis Ende November 2016<\/p>\n<p>Winterpause (witterungsabh\u00e4ngig):<\/p>\n<p>Mitte Dezember 2015 bis Ende Februar 2016<\/p>\n<h3><strong>Bauabschnitt 2.1: <\/strong>(2016)<strong><br \/>\n<\/strong><\/h3>\n<p>Johannisplatz bis Treppe Kirche<\/p>\n<p>Geplante Bauzeit:<\/p>\n<p>Anfang M\u00e4rz bis Ende November 2016<\/p>\n<h3><strong>Bauabschnitt 2.2: <\/strong>(2016 \/ 2017)<strong><br \/>\n<\/strong><\/h3>\n<p>Treppe Kirche bis Quergasse<\/p>\n<p>Geplante Bauzeit:<\/p>\n<p>Juni 2016 bis Juni 2017<\/p>\n<p>Winterpause (witterungsabh\u00e4ngig):<\/p>\n<p>Mitte Dezember 2016 bis Ende Februar 2017<\/p>\n<h3><strong>Bauabschnitt 3: <\/strong>(2017)<strong><br \/>\n<\/strong><\/h3>\n<p>Quergasse bis Angergasse<br \/>\nGeplante Bauzeit:<br \/>\nJuni bis November 2017<\/p>\n<p>Bitte beachten Sie, dass es sich hier um geplante Bauzeiten und Bauabl\u00e4ufe handelt. Verschiebungen aufgrund des Wetters oder wegen technologischer Abh\u00e4ngigkeiten im Bauprozess sind m\u00f6glich.<\/p>\n<p>\u00dcber grundlegende \u00c4nderungen im Bauablauf werden wir Sie rechtzeitig informieren.<\/p>\n","protected":false},"excerpt":{"rendered":"<p>Das Bauvorhaben im \u00dcberblick Ab dem 2. November 2015 beginnt der grundhafte Ausbau von Wagnergasse sowie Johannisplatz und verl\u00e4ngerter Bachstra\u00dfe. Bis Ende November&hellip;<\/p>\n","protected":false},"author":8,"featured_media":240,"parent":0,"menu_order":1,"comment_status":"closed","ping_status":"closed","template":"page-templates\/full-width.php","meta":{"footnotes":""},"class_list":["post-13","page","type-page","status-publish","has-post-thumbnail","hentry"],"_links":{"self":[{"href":"https:\/\/blog.jena.de\/wagnergasse\/wp-json\/wp\/v2\/pages\/13","targetHints":{"allow":["GET"]}}],"collection":[{"href":"https:\/\/blog.jena.de\/wagnergasse\/wp-json\/wp\/v2\/pages"}],"about":[{"href":"https:\/\/blog.jena.de\/wagnergasse\/wp-json\/wp\/v2\/types\/page"}],"author":[{"embeddable":true,"href":"https:\/\/blog.jena.de\/wagnergasse\/wp-json\/wp\/v2\/users\/8"}],"replies":[{"embeddable":true,"href":"https:\/\/blog.jena.de\/wagnergasse\/wp-json\/wp\/v2\/comments?post=13"}],"version-history":[{"count":32,"href":"https:\/\/blog.jena.de\/wagnergasse\/wp-json\/wp\/v2\/pages\/13\/revisions"}],"predecessor-version":[{"id":277,"href":"https:\/\/blog.jena.de\/wagnergasse\/wp-json\/wp\/v2\/pages\/13\/revisions\/277"}],"wp:featuredmedia":[{"embeddable":true,"href":"https:\/\/blog.jena.de\/wagnergasse\/wp-json\/wp\/v2\/media\/240"}],"wp:attachment":[{"href":"https:\/\/blog.jena.de\/wagnergasse\/wp-json\/wp\/v2\/media?parent=13"}],"curies":[{"name":"wp","href":"https:\/\/api.w.org\/{rel}","templated":true}]}}