{"id":7,"date":"2014-10-28T18:48:11","date_gmt":"2014-10-28T16:48:11","guid":{"rendered":"http:\/\/blog.jena.de\/straba\/?page_id=7"},"modified":"2017-12-15T08:59:57","modified_gmt":"2017-12-15T07:59:57","slug":"projektbeschreibung","status":"publish","type":"page","link":"https:\/\/blog.jena.de\/straba\/projektbeschreibung\/","title":{"rendered":"Projektbeschreibung"},"content":{"rendered":"<p style=\"text-align: left\">Das Bauvorhaben Verl\u00e4ngerung Stra\u00dfenbahn Nord umfasst sowohl den Neubauabschnitt der Gleisanlage von der Haltestelle Zw\u00e4tzen bis zur n\u00f6rdlichen Anbindung der Carl-Orff-Stra\u00dfe an die Naumburger Stra\u00dfe als auch den Umbauabschnitt der Naumburger Stra\u00dfe von der Einm\u00fcndung der Camburger Stra\u00dfe in die Naumburger Stra\u00dfe bis zur derzeitigen Endhaltestelle Zw\u00e4tzen.<\/p>\n<p style=\"text-align: left\">Im Ergebnis der im Jahr 2013 gef\u00fchrten Vorstudie hat sich der Stadtrat Jena im Januar 2014 f\u00fcr eine Variante entschieden, die den zweigleisigen, stra\u00dfenb\u00fcndigen Ausbau der Gleisanlagen im gesamten um- bzw. auszubauenden Abschnitt vorsieht. Dabei ist f\u00fcr den ersten Abschnitt (Einm\u00fcndung Camburger Str. in die Naumburger Str. bis Kreuzung Naumburger Str.\/Rautal\/Steinbach) vorgesehen, die Gleisanlagen in der Seitenlage zu belassen, im zweiten Abschnitt (Kreuzung Naumburger Stra\u00dfe\/Rautal\/Steinbach bis Bauende Carl-Orff-Stra\u00dfe) werden die Gleise in der sogenannten Mittellage verlegt (vgl. Karl-Liebknecht-Stra\u00dfe).<\/p>\n<p style=\"text-align: left\" align=\"JUSTIFY\">Beidseitig der Fahrbahn werden die Nebenanlagen f\u00fcr den Fu\u00dfg\u00e4nger- und Radverkehr sowie in Bereichen, in denen die Fl\u00e4chen verf\u00fcgbar sind, Gr\u00fcnstreifen mit Baumpflanzungen angeordnet.<\/p>\n","protected":false},"excerpt":{"rendered":"<p>Das Bauvorhaben Verl\u00e4ngerung Stra\u00dfenbahn Nord umfasst sowohl den Neubauabschnitt der Gleisanlage von der Haltestelle Zw\u00e4tzen bis zur n\u00f6rdlichen Anbindung der Carl-Orff-Stra\u00dfe an die&hellip;<\/p>\n","protected":false},"author":10,"featured_media":283,"parent":0,"menu_order":1,"comment_status":"closed","ping_status":"open","template":"","meta":{"footnotes":""},"class_list":["post-7","page","type-page","status-publish","has-post-thumbnail","hentry"],"_links":{"self":[{"href":"https:\/\/blog.jena.de\/straba\/wp-json\/wp\/v2\/pages\/7","targetHints":{"allow":["GET"]}}],"collection":[{"href":"https:\/\/blog.jena.de\/straba\/wp-json\/wp\/v2\/pages"}],"about":[{"href":"https:\/\/blog.jena.de\/straba\/wp-json\/wp\/v2\/types\/page"}],"author":[{"embeddable":true,"href":"https:\/\/blog.jena.de\/straba\/wp-json\/wp\/v2\/users\/10"}],"replies":[{"embeddable":true,"href":"https:\/\/blog.jena.de\/straba\/wp-json\/wp\/v2\/comments?post=7"}],"version-history":[{"count":15,"href":"https:\/\/blog.jena.de\/straba\/wp-json\/wp\/v2\/pages\/7\/revisions"}],"predecessor-version":[{"id":313,"href":"https:\/\/blog.jena.de\/straba\/wp-json\/wp\/v2\/pages\/7\/revisions\/313"}],"wp:featuredmedia":[{"embeddable":true,"href":"https:\/\/blog.jena.de\/straba\/wp-json\/wp\/v2\/media\/283"}],"wp:attachment":[{"href":"https:\/\/blog.jena.de\/straba\/wp-json\/wp\/v2\/media?parent=7"}],"curies":[{"name":"wp","href":"https:\/\/api.w.org\/{rel}","templated":true}]}}