{"id":77,"date":"2015-10-23T14:11:48","date_gmt":"2015-10-23T12:11:48","guid":{"rendered":"http:\/\/blog.jena.de\/stadtmitte\/?page_id=77"},"modified":"2020-09-15T11:51:54","modified_gmt":"2020-09-15T09:51:54","slug":"rueckblick","status":"publish","type":"page","link":"https:\/\/blog.jena.de\/stadtmitte\/rueckblick\/","title":{"rendered":"R\u00fcckblick"},"content":{"rendered":"<p align=\"LEFT\">Bereits seit Anfang der 1990er Jahre verfolgt die Stadt Jena das Ziel, die kriegs- und vorwendebedingten innerst\u00e4dtischen Brachfl\u00e4chen wieder einer baulichen Nutzung zuzuf\u00fchren. Im folgenden sind zun\u00e4chst die wichtigsten Verfahrensschritte und Dokumente der Planungen am Eichplatzareal aus den letzten 20 Jahren zusammengefasst.<\/p>\n<p align=\"LEFT\">Das Bebauungsplanverfahren \u201cEichplatz\u201d wurde 1993 eingeleitet. Nach einem bundesweiten st\u00e4dtebaulichen Wettbewerb, der T\u00e4tigkeit von B\u00fcrgerarbeitskreisen sowie der Erstellung und \u00dcberarbeitung eines st\u00e4dtebaulichen Entwurfs 2001 wurde der erste Bebauungsplanentwurf im Jahr 2003 \u00f6ffentlich ausgelegt. Im Ergebnis einer weiteren \u00dcberarbeitung der Planung wurde ein <a href=\"https:\/\/sessionnet.jena.de\/sessionnet\/buergerinfo\/\/vo0050.php?__kvonr=3194&amp;search=1\" target=\"_blank\" rel=\"noopener noreferrer\">2. Planentwurf<\/a> erstellt, durch den Stadtrat gebilligt und 2006 \u00f6ffentlich ausgelegt.<\/p>\n<figure id=\"attachment_127\" aria-describedby=\"caption-attachment-127\" style=\"width: 150px\" class=\"wp-caption alignleft\"><a href=\"https:\/\/blog.jena.de\/stadtmitte\/wp-content\/uploads\/sites\/15\/2015\/10\/Blog-1a-1.jpg\"><img loading=\"lazy\" decoding=\"async\" class=\"wp-image-127 size-thumbnail\" src=\"https:\/\/blog.jena.de\/stadtmitte\/wp-content\/uploads\/sites\/15\/2015\/10\/Blog-1a-1-150x150.jpg\" alt=\"Blick auf das Eichplatzareal \/ \u00a9 Stadt Jena\" width=\"150\" height=\"150\" \/><\/a><figcaption id=\"caption-attachment-127\" class=\"wp-caption-text\">Blick auf den Eichplatz \/ \u00a9 Stadt Jena<\/figcaption><\/figure>\n<p align=\"LEFT\">2008 wurde ein externes B\u00fcro mit der Erarbeitung einer Realisierbarkeitsstudie f\u00fcr die geplante Bebauung beauftragt. Darauf aufbauend sowie aus ver\u00e4nderten Rahmenbedingungen bestand ein Bedarf zur \u00dcberarbeitung der bisherigen Planinhalte. Nach der Billigung durch den Stadtrat am 27.10.2010 wurde der <a href=\"https:\/\/sessionnet.jena.de\/sessionnet\/buergerinfo\/\/vo0050.php?__kvonr=3911&amp;search=1\">3. Planentwurf<\/a> Ende 2010 \u00f6ffentlich ausgelegt. W\u00e4hrend dieser Zeit fanden zwei \u00f6ffentliche Veranstaltungen statt, bei denen die Planinhalte erl\u00e4utert wurden und Gelegenheit bestand, Fragen und Anregungen zu \u00e4u\u00dfern. Die \u00f6ffentliche Auslegung wurde rege in Anspruch genommen. Die von den B\u00fcrgern w\u00e4hrend der \u00f6ffentlichen Auslegung bzw. von den Tr\u00e4gern \u00f6ffentlicher Belange im Rahmen ihrer Beteiligung vorgebrachten Anregungen zum 3. Entwurf f\u00fcr den Bebauungsplan \u201cEichplatz\u201d wurden durch den Stadtrat am 11. Mai 2011 <a href=\"https:\/\/sessionnet.jena.de\/sessionnet\/buergerinfo\/\/vo0050.php?__kvonr=4285&amp;search=1\">abgewogen<\/a>.<br \/>\nDar\u00fcber hinaus wurde zus\u00e4tzlich zu den bereits vorliegenden Gutachten (<a href=\"https:\/\/blog.jena.de\/stadtmitte\/wp-content\/uploads\/sites\/15\/2015\/10\/Hydrogeologisches_Gutachten_Text.pdf\">Hydrogeologisches Gutachten und Bodenuntersuchungen<\/a>, <a href=\"https:\/\/blog.jena.de\/stadtmitte\/wp-content\/uploads\/sites\/15\/2015\/10\/Mikroklimatisches_Gutachten_Endbericht.pdf\">Mikroklimatisches Gutachten<\/a>) die Erstellung folgender Gutachten als erforderlich erachtet:<\/p>\n<ul>\n<li><a href=\"https:\/\/blog.jena.de\/stadtmitte\/wp-content\/uploads\/sites\/15\/2015\/10\/Anlage_10_Einzelhandelsgutachten.pdf\">Einzelhandelsgutachten<\/a>,<\/li>\n<li><a href=\"https:\/\/blog.jena.de\/stadtmitte\/wp-content\/uploads\/sites\/15\/2015\/10\/Anlage_11_Verkehrsgutachten.pdf\">Verkehrsgutachten<\/a> und<\/li>\n<li><a href=\"https:\/\/blog.jena.de\/stadtmitte\/wp-content\/uploads\/sites\/15\/2015\/10\/Anlage_12_Immissionsschutzgutachten.pdf\">Immissionsschutzgutachten<\/a>.<\/li>\n<\/ul>\n<p align=\"LEFT\">Auf Grund der Ergebnisse der zwischenzeitlich erfolgten Gutachten wurde der 4. Planentwurf erarbeitet und vom Stadtrat am 11.09.2013 <a href=\"https:\/\/sessionnet.jena.de\/sessionnet\/buergerinfo\/\/vo0050.php?__kvonr=5817&amp;search=1\">gebilligt<\/a>. Der Stadtrat hatte die Schaffung von Baurecht an das Votum der <a href=\"https:\/\/sessionnet.jena.de\/sessionnet\/buergerinfo\/\/vo0050.php?__kvonr=6053&amp;search=1\">B\u00fcrgerbefragung<\/a> gekoppelt. Die intensive Diskussion f\u00fchrte zu einer sehr hohen Beteiligung an der Abstimmung. Von den 86.231 B\u00fcrger_innen nahmen 55.448 an der Abstimmung teil, das entspricht einer Beteiligung von 64%. Erstmals konnten bei einer solchen Befragung auch die 16- und 17-j\u00e4hrigen teilnehmen. Insgesamt votierten 37,5% f\u00fcr die Bebauung des Eichplatzes nach den Pl\u00e4nen von jenawohnen \/ OFB und 62% dagegen. Lediglich 233 Befragungsb\u00f6gen waren ung\u00fcltig. In der Konsequenz dieses Ergebnisses wurde durch den Stadtrat am 16.04.2014 <a href=\"https:\/\/sessionnet.jena.de\/sessionnet\/buergerinfo\/\/vo0050.php?__kvonr=6234&amp;search=1\">beschlossen<\/a>, dass die Stadt Jena entgegen des Beschlusses aus dem Jahr 2013 von einer Umsetzung des Projektes absieht.<\/p>\n<p align=\"LEFT\">B\u00fcrgerbeteiligung und Kommunikation waren in der bisher zwanzigj\u00e4hrigen Diskussion um die Wiederbebauung des Eichplatzareals stets Bestandteil der laufenden Prozesse.<\/p>\n<p align=\"LEFT\"><span style=\"text-decoration: underline\">B\u00fcrgerbeteiligung zwischen 1995 und 2014:<\/span><br \/>\n1995\u00a0\u00a0\u00a0\u00a0\u00a0\u00a0\u00a0\u00a0\u00a0\u00a0\u00a0\u00a0\u00a0\u00a0\u00a0\u00a0 2 B\u00fcrgerarbeitskreise sowie Ausstellung der Ergebnisse<br \/>\n2003 &#8211; 2013\u00a0\u00a0\u00a0\u00a0\u00a0 insgesamt vier mal wurde der B-Plan \u00f6ffentlich ausgelegt<br \/>\n2011\u00a0\u00a0\u00a0\u00a0\u00a0\u00a0\u00a0\u00a0\u00a0\u00a0\u00a0\u00a0\u00a0\u00a0\u00a0\u00a0\u00a0 Workshop &#8222;Platzgestaltung Eichplatz&#8220;<br \/>\n2011 \/ 2012\u00a0\u00a0\u00a0\u00a0\u00a0\u00a0 drei B\u00fcrger_innen als gleichberechtigte Mitglieder der Jury<br \/>\n2011 \/ 2012\u00a0\u00a0\u00a0\u00a0\u00a0\u00a0 B\u00fcrgerstammtische und Informationsbrosch\u00fcren<br \/>\n2012\u00a0\u00a0\u00a0\u00a0\u00a0\u00a0\u00a0\u00a0\u00a0\u00a0\u00a0\u00a0\u00a0\u00a0\u00a0\u00a0 B\u00fcrgerbefragung (15.000 repr\u00e4sentativ ausgew\u00e4hlte B\u00fcrger_innen)<br \/>\n2012 \/ 2013\u00a0\u00a0\u00a0\u00a0\u00a0\u00a0 3 Ausstellungensowie 8 Konzeptvorstellungen durch Investoren<br \/>\n2013\u00a0\u00a0\u00a0\u00a0\u00a0\u00a0\u00a0\u00a0\u00a0\u00a0\u00a0\u00a0\u00a0\u00a0\u00a0\u00a0\u00a0 Visualisierung im Stra\u00dfenraum<br \/>\n2014\u00a0\u00a0\u00a0\u00a0\u00a0\u00a0\u00a0\u00a0\u00a0\u00a0\u00a0\u00a0\u00a0\u00a0\u00a0\u00a0\u00a0 B\u00fcrgerinformation im &#8222;Eichplatzbogen&#8220;, diverses Infomaterial<br \/>\n2014\u00a0\u00a0\u00a0\u00a0\u00a0\u00a0\u00a0\u00a0\u00a0\u00a0\u00a0\u00a0\u00a0\u00a0\u00a0\u00a0\u00a0 B\u00fcrgerbefragung zur Umsetzung des Siegerkonzeptes<\/p>\n<p>Am 25.03.2015 wurde der Oberb\u00fcrgermeister durch den Stadtrat <a href=\"https:\/\/sessionnet.jena.de\/sessionnet\/buergerinfo\/\/vo0050.php?__kvonr=6715&amp;search=1\">beauftragt<\/a>, in einem partizipativen Prozess die Planungsziele f\u00fcr die Wiederaufnahme einer Entwicklung des innerst\u00e4dtischen Brachareals am Eichplatz zu entwickeln. Als bisher letzten Schritt <a href=\"https:\/\/sessionnet.jena.de\/sessionnet\/buergerinfo\/\/vo0050.php?__kvonr=6979&amp;search=1\">beschloss<\/a> der Stadtrat am 26.08.2015, auch den Aufstellungsbeschluss f\u00fcr den Bebauungsplan &#8222;Eichplatz&#8220; aus dem Jahr 1993 aufzuheben.<\/p>\n","protected":false},"excerpt":{"rendered":"<p>Bereits seit Anfang der 1990er Jahre verfolgt die Stadt Jena das Ziel, die kriegs- und vorwendebedingten innerst\u00e4dtischen Brachfl\u00e4chen wieder einer baulichen Nutzung zuzuf\u00fchren.&hellip;<\/p>\n","protected":false},"author":14,"featured_media":651,"parent":0,"menu_order":0,"comment_status":"closed","ping_status":"closed","template":"","meta":{"footnotes":""},"class_list":["post-77","page","type-page","status-publish","has-post-thumbnail","hentry"],"_links":{"self":[{"href":"https:\/\/blog.jena.de\/stadtmitte\/wp-json\/wp\/v2\/pages\/77","targetHints":{"allow":["GET"]}}],"collection":[{"href":"https:\/\/blog.jena.de\/stadtmitte\/wp-json\/wp\/v2\/pages"}],"about":[{"href":"https:\/\/blog.jena.de\/stadtmitte\/wp-json\/wp\/v2\/types\/page"}],"author":[{"embeddable":true,"href":"https:\/\/blog.jena.de\/stadtmitte\/wp-json\/wp\/v2\/users\/14"}],"replies":[{"embeddable":true,"href":"https:\/\/blog.jena.de\/stadtmitte\/wp-json\/wp\/v2\/comments?post=77"}],"version-history":[{"count":31,"href":"https:\/\/blog.jena.de\/stadtmitte\/wp-json\/wp\/v2\/pages\/77\/revisions"}],"predecessor-version":[{"id":888,"href":"https:\/\/blog.jena.de\/stadtmitte\/wp-json\/wp\/v2\/pages\/77\/revisions\/888"}],"wp:featuredmedia":[{"embeddable":true,"href":"https:\/\/blog.jena.de\/stadtmitte\/wp-json\/wp\/v2\/media\/651"}],"wp:attachment":[{"href":"https:\/\/blog.jena.de\/stadtmitte\/wp-json\/wp\/v2\/media?parent=77"}],"curies":[{"name":"wp","href":"https:\/\/api.w.org\/{rel}","templated":true}]}}