{"id":7,"date":"2015-09-02T17:29:22","date_gmt":"2015-09-02T15:29:22","guid":{"rendered":"http:\/\/blog.jena.de\/stadtmitte\/?page_id=7"},"modified":"2020-09-15T11:51:54","modified_gmt":"2020-09-15T09:51:54","slug":"projektbeschreibung","status":"publish","type":"page","link":"https:\/\/blog.jena.de\/stadtmitte\/projektbeschreibung\/","title":{"rendered":"Projektbeschreibung"},"content":{"rendered":"<p><a href=\"http:\/\/blog.jena.de\/stadtmitte\/wp-content\/uploads\/sites\/15\/2015\/09\/BV15_0345.pdf\"><img loading=\"lazy\" decoding=\"async\" class=\"size-medium wp-image-47 alignleft\" src=\"http:\/\/blog.jena.de\/stadtmitte\/wp-content\/uploads\/sites\/15\/2015\/09\/Deckblatt_BV-209x300.jpg\" alt=\"Deckblatt_BV\" width=\"209\" height=\"300\" \/><\/a><\/p>\n<p>Am 25.03.2015 hat der Stadtrat den Beschluss gefasst, dass in einem partizipativen Prozess die Planungsziele f\u00fcr die Wiederaufnahme der Gestaltung des Brachareals am Eichplatz entwickelt werden. Ein Gremium aus VertreterInnen der Politik, der Verwaltung, Fachleuten sowie B\u00fcrgerinnen und B\u00fcrgern wird mit externer Moderation vorhandene Grundlagen und B\u00fcrgervorschl\u00e4ge aufnehmen, diese hinsichtlich m\u00f6glicher Anforderungen pr\u00fcfen und aufzeigen, welche Entwicklung als zukunftsf\u00e4hig eingesch\u00e4tzt wird. Die externe Moderation und Mediation soll einen unvorbelasteten Neustart mit neuen Anst\u00f6\u00dfen zur Generierung frischer Ideen f\u00fcr die Wiederaufnahme der st\u00e4dtebaulichen Erg\u00e4nzung der Stadtmitte erm\u00f6glichen.<\/p>\n<p>Nach einem intensiven Auswahlverfahren wurde im Juli 2015 das B\u00fcro &#8222;StadtLabor&#8220; aus Leipzig mit der externen Begleitung des Prozesses beauftragt. Am 20.08.2015 pr\u00e4sentierten Herr Tr\u00f6ger und Herr Mothes vor dem Stadtentwicklungsausschuss ihren Vorschlag f\u00fcr die Umsetzung, den Vortrag finden Sie unter <a href=\"http:\/\/blog.jena.de\/stadtmitte\/downloads\/\">Downloads<\/a>. In den kommenden Monaten wird es Vor-Ort-Veranstaltungen mit unterschiedlichen Formaten geben, die eine breite Beteiligung erm\u00f6glichen. Erg\u00e4nzend dazu gab und gibt es von der B\u00fcrgerAG Eichplatz und dem Dezernat Stadtentwicklung &amp; Umwelt organisierte Vortragsreihe, die den Prozess thematisch begleitet.<\/p>\n<p>Der Prozessablauf Stadtmitte \/ Eichplatzareal:<\/p>\n<ol>\n<li>Start: <a href=\"http:\/\/blog.jena.de\/stadtmitte\/wp-content\/uploads\/sites\/15\/2015\/09\/BV15_0345.pdf\">Stadtratsbeschluss<\/a> zur Wiederaufnahme der Entwicklung des Eichplatzareals (M\u00e4rz 2015)<\/li>\n<li>Vorsondierung und Werkstattverfahren -&gt; Ergebnis: <a href=\"https:\/\/blog.jena.de\/stadtmitte\/wp-content\/uploads\/sites\/15\/2016\/03\/Grunds%C3%A4tze_Beteiligungsverf-Stadtmitte-Eichplatz_3-2016_03.compressed.pdf\">10 Grunds\u00e4tze<\/a> zur Entwicklung des Eichplatzareals<\/li>\n<li><a href=\"https:\/\/blog.jena.de\/stadtmitte\/wp-content\/uploads\/sites\/15\/2015\/09\/Rahmenplan_Eichplatzareal_Stand_17_01_2017.compressed.pdf\">Rahmenplan<\/a> mit Ergebnis eines Stadtratsbeschlusses -&gt;\u00a0<a href=\"https:\/\/blog.jena.de\/stadtmitte\/wp-content\/uploads\/sites\/15\/2015\/09\/BV_Rahmenplan.pdf\">beschlossen<\/a> am 15.02.2017<\/li>\n<li>Vorbereitung des Vergabeverfahrens und der Freiraumplanung -&gt; Prozess beginnt bei Vorliegen des Rahmenplanes<\/li>\n<\/ol>\n<p style=\"text-align: left\">Auf dieser Seite werden wir Sie \u00fcber alle Termine informieren, Unterlagen zum laufenden Prozess bereitstellen und Fragen beantworten. \/ASE<\/p>\n","protected":false},"excerpt":{"rendered":"<p>Am 25.03.2015 hat der Stadtrat den Beschluss gefasst, dass in einem partizipativen Prozess die Planungsziele f\u00fcr die Wiederaufnahme der Gestaltung des Brachareals am&hellip;<\/p>\n","protected":false},"author":14,"featured_media":651,"parent":0,"menu_order":1,"comment_status":"closed","ping_status":"closed","template":"","meta":{"footnotes":""},"class_list":["post-7","page","type-page","status-publish","has-post-thumbnail","hentry"],"_links":{"self":[{"href":"https:\/\/blog.jena.de\/stadtmitte\/wp-json\/wp\/v2\/pages\/7","targetHints":{"allow":["GET"]}}],"collection":[{"href":"https:\/\/blog.jena.de\/stadtmitte\/wp-json\/wp\/v2\/pages"}],"about":[{"href":"https:\/\/blog.jena.de\/stadtmitte\/wp-json\/wp\/v2\/types\/page"}],"author":[{"embeddable":true,"href":"https:\/\/blog.jena.de\/stadtmitte\/wp-json\/wp\/v2\/users\/14"}],"replies":[{"embeddable":true,"href":"https:\/\/blog.jena.de\/stadtmitte\/wp-json\/wp\/v2\/comments?post=7"}],"version-history":[{"count":12,"href":"https:\/\/blog.jena.de\/stadtmitte\/wp-json\/wp\/v2\/pages\/7\/revisions"}],"predecessor-version":[{"id":643,"href":"https:\/\/blog.jena.de\/stadtmitte\/wp-json\/wp\/v2\/pages\/7\/revisions\/643"}],"wp:featuredmedia":[{"embeddable":true,"href":"https:\/\/blog.jena.de\/stadtmitte\/wp-json\/wp\/v2\/media\/651"}],"wp:attachment":[{"href":"https:\/\/blog.jena.de\/stadtmitte\/wp-json\/wp\/v2\/media?parent=7"}],"curies":[{"name":"wp","href":"https:\/\/api.w.org\/{rel}","templated":true}]}}