{"id":12,"date":"2014-03-26T18:39:02","date_gmt":"2014-03-26T16:39:02","guid":{"rendered":"http:\/\/blog.jena.de\/lutherstrasse\/?page_id=12"},"modified":"2017-07-25T12:13:27","modified_gmt":"2017-07-25T10:13:27","slug":"projektbeschreibung","status":"publish","type":"page","link":"https:\/\/blog.jena.de\/lutherstrasse\/projektbeschreibung\/","title":{"rendered":"Projektbeschreibung"},"content":{"rendered":"<p>Der grundhafte Stra\u00dfenausbau wird durch den sehr mangelhaften Stra\u00dfenzustand, die j\u00e4hrlich eintretenden umfangreichen Frostsch\u00e4den im Fr\u00fchjahr und den hohen Sanierungsbedarf der unterirdischen Versorgungswirtschaft erforderlich.<\/p>\n<p>Es sind Fahrbahnabsenkungen in Form von Spurrinnen, Flickstellen und Unebenheiten vorhanden. Die vorhandenen Fahrbahnsch\u00e4den lassen auf einen unzureichend tragf\u00e4higen Stra\u00dfenoberbau schlie\u00dfen.<\/p>\n<p>Die Bauausf\u00fchrung wird als Gemeinschaftsma\u00dfnahme zwischen den Stadtwerken Energie Jena \u2013 P\u00f6\u00dfneck GmbH und dem Kommunalservice Jena durchgef\u00fchrt.<\/p>\n<h2>Lage der Ma\u00dfnahme<\/h2>\n<p>Lutherstra\u00dfe \/ Riedstra\u00dfe \/ Blumenstra\u00dfe &#8211; Stadtteil Jena &#8211; West<\/p>\n<figure id=\"attachment_24\" aria-describedby=\"caption-attachment-24\" style=\"width: 500px\" class=\"wp-caption alignnone\"><a href=\"http:\/\/blog.jena.de\/lutherstrasse\/wp-content\/uploads\/sites\/6\/2014\/04\/spl_ent.jpg\"><img loading=\"lazy\" decoding=\"async\" class=\"wp-image-24 size-medium\" src=\"https:\/\/blog.jena.de\/lutherstrasse\/wp-content\/uploads\/sites\/6\/2014\/04\/spl_ent-500x362.jpg\" alt=\"Kartenausschnitt aus dem Kartenportal der Stadt Jena \u00a9 Stadt Jena\" width=\"500\" height=\"362\" srcset=\"https:\/\/blog.jena.de\/lutherstrasse\/wp-content\/uploads\/sites\/6\/2014\/04\/spl_ent-500x362.jpg 500w, https:\/\/blog.jena.de\/lutherstrasse\/wp-content\/uploads\/sites\/6\/2014\/04\/spl_ent-768x556.jpg 768w, https:\/\/blog.jena.de\/lutherstrasse\/wp-content\/uploads\/sites\/6\/2014\/04\/spl_ent-1000x724.jpg 1000w, https:\/\/blog.jena.de\/lutherstrasse\/wp-content\/uploads\/sites\/6\/2014\/04\/spl_ent-600x434.jpg 600w, https:\/\/blog.jena.de\/lutherstrasse\/wp-content\/uploads\/sites\/6\/2014\/04\/spl_ent-953x690.jpg 953w, https:\/\/blog.jena.de\/lutherstrasse\/wp-content\/uploads\/sites\/6\/2014\/04\/spl_ent.jpg 1155w\" sizes=\"auto, (max-width: 500px) 100vw, 500px\" \/><\/a><figcaption id=\"caption-attachment-24\" class=\"wp-caption-text\">Stadt Jena | Kartenausschnitt aus dem Kartenportal der Stadt Jena<\/figcaption><\/figure>\n<p>Die Planung betrifft den Bereich in der Lutherstra\u00dfe ab der H\u00f6he des Volkshauses bis einschlie\u00dflich des Kreuzungsbereiches Katharinenstra\u00dfe sowie die Seitenstra\u00dfen Riedstra\u00dfe und Blumenstra\u00dfe.<\/p>\n<h2>Geplanter Ausf\u00fchrungszeitraum der Ma\u00dfnahme<\/h2>\n<ul>\n<li>Baudurchf\u00fchrung 04\/2014 &#8211; 10\/2015<\/li>\n<\/ul>\n<h2>Auswirkungen auf den Verkehr<\/h2>\n<p>Die Bauarbeiten erfolgen weitestgehend unter Vollsperrung. Anliegerverkehr ist in Abstimmung mit der Baufirma nur zeitweise und mit Einschr\u00e4nkungen m\u00f6glich. Das Bauvorhaben wird zeitlich in zwei Bauabschnitte geteilt.<\/p>\n<p>1. Bauabschnitt (2014): ab H\u00f6he Volkshaus bis Frommannstra\u00dfe<\/p>\n<p>2. Bauabschnitt (2015): ab Frommannstra\u00dfe bis Knoten Katharinenstra\u00dfe<\/p>\n<p>Die Verkehrsf\u00fchrung w\u00e4hrend der Bauzeit wurde in der AG Verkehrssicherheit diskutiert. Im Ergebnis wurde der Entwurf eines Umleitungskonzeptes erarbeitet.<\/p>\n","protected":false},"excerpt":{"rendered":"<p>Der grundhafte Stra\u00dfenausbau wird durch den sehr mangelhaften Stra\u00dfenzustand, die j\u00e4hrlich eintretenden umfangreichen Frostsch\u00e4den im Fr\u00fchjahr und den hohen Sanierungsbedarf der unterirdischen Versorgungswirtschaft&hellip;<\/p>\n","protected":false},"author":8,"featured_media":300,"parent":0,"menu_order":0,"comment_status":"closed","ping_status":"open","template":"","meta":{"footnotes":""},"class_list":["post-12","page","type-page","status-publish","has-post-thumbnail","hentry"],"_links":{"self":[{"href":"https:\/\/blog.jena.de\/lutherstrasse\/wp-json\/wp\/v2\/pages\/12","targetHints":{"allow":["GET"]}}],"collection":[{"href":"https:\/\/blog.jena.de\/lutherstrasse\/wp-json\/wp\/v2\/pages"}],"about":[{"href":"https:\/\/blog.jena.de\/lutherstrasse\/wp-json\/wp\/v2\/types\/page"}],"author":[{"embeddable":true,"href":"https:\/\/blog.jena.de\/lutherstrasse\/wp-json\/wp\/v2\/users\/8"}],"replies":[{"embeddable":true,"href":"https:\/\/blog.jena.de\/lutherstrasse\/wp-json\/wp\/v2\/comments?post=12"}],"version-history":[{"count":8,"href":"https:\/\/blog.jena.de\/lutherstrasse\/wp-json\/wp\/v2\/pages\/12\/revisions"}],"predecessor-version":[{"id":332,"href":"https:\/\/blog.jena.de\/lutherstrasse\/wp-json\/wp\/v2\/pages\/12\/revisions\/332"}],"wp:featuredmedia":[{"embeddable":true,"href":"https:\/\/blog.jena.de\/lutherstrasse\/wp-json\/wp\/v2\/media\/300"}],"wp:attachment":[{"href":"https:\/\/blog.jena.de\/lutherstrasse\/wp-json\/wp\/v2\/media?parent=12"}],"curies":[{"name":"wp","href":"https:\/\/api.w.org\/{rel}","templated":true}]}}