{"id":10,"date":"2014-03-26T17:35:02","date_gmt":"2014-03-26T15:35:02","guid":{"rendered":"http:\/\/blog.jena.de\/lutherstrasse\/?page_id=10"},"modified":"2023-02-01T20:43:38","modified_gmt":"2023-02-01T19:43:38","slug":"impressum","status":"publish","type":"page","link":"https:\/\/blog.jena.de\/lutherstrasse\/impressum\/","title":{"rendered":"Impressum"},"content":{"rendered":"<h2>Angaben gem\u00e4\u00df \u00a7 5 TMG:<\/h2>\n<p>Kommunalservice Jena<br \/>\nL\u00f6bstedter Stra\u00dfe 68<br \/>\n07749 Jena<\/p>\n<h2>Vertreten durch:<\/h2>\n<p>Werkleiter Uwe Feige<\/p>\n<h2>Kontakt:<\/h2>\n<p>Telefon: +49 3641 4989 0<br \/>\nTelefax: +49 3641 4989 105<br \/>\nE-Mail: <a href=\"mailto:ksj@jena.de\">ksj@jena.de<\/a><\/p>\n<h2>Umsatzsteuer-ID:<\/h2>\n<p>Umsatzsteuer-Identifikationsnummer gem\u00e4\u00df \u00a727 a Umsatzsteuergesetz:<\/p>\n<p>DE 150546569<\/p>\n<h2>Verantwortlich f\u00fcr den Inhalt nach \u00a7 55 Abs. 2 RStV:<\/h2>\n<p>Ansprechpartner: Torsten G\u00f6ring<\/p>\n<p>Kommunalservice Jena<br \/>\nL\u00f6bstedter Stra\u00dfe 68<br \/>\n07749 Jena<\/p>\n<p>Tel.: +49 3641 4989 133<br \/>\nFax: +49 3641 4989 129<br \/>\nE-Mail: <a href=\"mailto:torsten.goering@jena.de\">torsten.goering@jena.de<\/a><\/p>\n<h2>Technische Umsetzung und Hosting<\/h2>\n<p>Ansprechpartner: Mario Zeppin<br \/>\nKommunale Informationstechnik und Telekommunikation<br \/>\nOptimierter Regiebetrieb der Stadt Jena<br \/>\nParadiesstra\u00dfe 6<br \/>\n07743 Jena<\/p>\n<p>Telefon: 03641 49-5504<br \/>\nE-Mail: <a href=\"mailto:webmaster@jena.de\">webmaster@jena.de<\/a><\/p>\n<p>Quelle: http:\/\/www.e-recht24.de<\/p>\n<h2>Bildnachweis<\/h2>\n<p>Bannerbild: \u00a9 Stadt Jena<\/p>\n<h2>Haftungsausschluss (Disclaimer)<\/h2>\n<h3>Haftung f\u00fcr Inhalte<\/h3>\n<p>Als Diensteanbieter sind wir gem\u00e4\u00df \u00a7 7 Abs.1 TMG f\u00fcr eigene Inhalte auf diesen Seiten nach den allgemeinen Gesetzen verantwortlich. Nach \u00a7\u00a7 8 bis 10 TMG sind wir als Diensteanbieter jedoch nicht verpflichtet, \u00fcbermittelte oder gespeicherte fremde Informationen zu \u00fcberwachen oder nach Umst\u00e4nden zu forschen, die auf eine rechtswidrige T\u00e4tigkeit hinweisen. Verpflichtungen zur Entfernung oder Sperrung der Nutzung von Informationen nach den allgemeinen Gesetzen bleiben hiervon unber\u00fchrt. Eine diesbez\u00fcgliche Haftung ist jedoch erst ab dem Zeitpunkt der Kenntnis einer konkreten Rechtsverletzung m\u00f6glich. Bei Bekanntwerden von entsprechenden Rechtsverletzungen werden wir diese Inhalte umgehend entfernen.<\/p>\n<h3>Haftung f\u00fcr Links<\/h3>\n<p>Unser Angebot enth\u00e4lt Links zu externen Webseiten Dritter, auf deren Inhalte wir keinen Einfluss haben. Deshalb k\u00f6nnen wir f\u00fcr diese fremden Inhalte auch keine Gew\u00e4hr \u00fcbernehmen. F\u00fcr die Inhalte der verlinkten Seiten ist stets der jeweilige Anbieter oder Betreiber der Seiten verantwortlich. Die verlinkten Seiten wurden zum Zeitpunkt der Verlinkung auf m\u00f6gliche Rechtsverst\u00f6\u00dfe \u00fcberpr\u00fcft. Rechtswidrige Inhalte waren zum Zeitpunkt der Verlinkung nicht erkennbar. Eine permanente inhaltliche Kontrolle der verlinkten Seiten ist jedoch ohne konkrete Anhaltspunkte einer Rechtsverletzung nicht zumutbar. Bei Bekanntwerden von Rechtsverletzungen werden wir derartige Links umgehend entfernen.<\/p>\n<h3>Urheberrecht<\/h3>\n<p>Die durch die Seitenbetreiber erstellten Inhalte und Werke auf diesen Seiten unterliegen dem deutschen Urheberrecht. Die Vervielf\u00e4ltigung, Bearbeitung, Verbreitung und jede Art der Verwertung au\u00dferhalb der Grenzen des Urheberrechtes bed\u00fcrfen der schriftlichen Zustimmung des jeweiligen Autors bzw. Erstellers. Downloads und Kopien dieser Seite sind nur f\u00fcr den privaten, nicht kommerziellen Gebrauch gestattet. Soweit die Inhalte auf dieser Seite nicht vom Betreiber erstellt wurden, werden die Urheberrechte Dritter beachtet. Insbesondere werden Inhalte Dritter als solche gekennzeichnet. Sollten Sie trotzdem auf eine Urheberrechtsverletzung aufmerksam werden, bitten wir um einen entsprechenden Hinweis. Bei Bekanntwerden von Rechtsverletzungen werden wir derartige Inhalte umgehend entfernen.<\/p>\n<p><i>Quellenangaben: <a href=\"http:\/\/www.e-recht24.de\/muster-disclaimer.html\" target=\"_blank\" rel=\"nofollow noopener\">eRecht24 Disclaimer<\/a><\/i><\/p>\n","protected":false},"excerpt":{"rendered":"<p>Angaben gem\u00e4\u00df \u00a7 5 TMG: Kommunalservice Jena L\u00f6bstedter Stra\u00dfe 68 07749 Jena Vertreten durch: Werkleiter Uwe Feige Kontakt: Telefon: +49 3641 4989 0&hellip;<\/p>\n","protected":false},"author":8,"featured_media":300,"parent":0,"menu_order":3,"comment_status":"closed","ping_status":"closed","template":"","meta":{"footnotes":""},"class_list":["post-10","page","type-page","status-publish","has-post-thumbnail","hentry"],"_links":{"self":[{"href":"https:\/\/blog.jena.de\/lutherstrasse\/wp-json\/wp\/v2\/pages\/10","targetHints":{"allow":["GET"]}}],"collection":[{"href":"https:\/\/blog.jena.de\/lutherstrasse\/wp-json\/wp\/v2\/pages"}],"about":[{"href":"https:\/\/blog.jena.de\/lutherstrasse\/wp-json\/wp\/v2\/types\/page"}],"author":[{"embeddable":true,"href":"https:\/\/blog.jena.de\/lutherstrasse\/wp-json\/wp\/v2\/users\/8"}],"replies":[{"embeddable":true,"href":"https:\/\/blog.jena.de\/lutherstrasse\/wp-json\/wp\/v2\/comments?post=10"}],"version-history":[{"count":11,"href":"https:\/\/blog.jena.de\/lutherstrasse\/wp-json\/wp\/v2\/pages\/10\/revisions"}],"predecessor-version":[{"id":357,"href":"https:\/\/blog.jena.de\/lutherstrasse\/wp-json\/wp\/v2\/pages\/10\/revisions\/357"}],"wp:featuredmedia":[{"embeddable":true,"href":"https:\/\/blog.jena.de\/lutherstrasse\/wp-json\/wp\/v2\/media\/300"}],"wp:attachment":[{"href":"https:\/\/blog.jena.de\/lutherstrasse\/wp-json\/wp\/v2\/media?parent=10"}],"curies":[{"name":"wp","href":"https:\/\/api.w.org\/{rel}","templated":true}]}}