{"id":9240,"date":"2023-06-27T11:18:53","date_gmt":"2023-06-27T09:18:53","guid":{"rendered":"https:\/\/blog.jena.de\/jenakultur\/?page_id=9240"},"modified":"2023-12-20T11:14:33","modified_gmt":"2023-12-20T10:14:33","slug":"katalog-zur-ausstellung","status":"publish","type":"page","link":"https:\/\/blog.jena.de\/jenakultur\/der-grosse-schwof\/katalog-zur-ausstellung\/","title":{"rendered":"Katalog zur Ausstellung"},"content":{"rendered":"\n\n\n<div class=\"wp-block-buttons is-layout-flex wp-block-buttons-is-layout-flex\">\n<div class=\"wp-block-button has-custom-font-size is-style-outline has-small-font-size is-style-outline--1\"><a class=\"wp-block-button__link wp-element-button\" href=\"https:\/\/blog.jena.de\/jenakultur\/?page_id=8820\" style=\"border-radius:0px\">Der gro\u00dfe Schwof<\/a><\/div>\n\n\n\n<div class=\"wp-block-button has-custom-font-size is-style-outline has-small-font-size is-style-outline--2\"><a class=\"wp-block-button__link wp-element-button\" href=\"https:\/\/blog.jena.de\/jenakultur\/?page_id=9579\" style=\"border-radius:0px\">Videoportr\u00e4ts<\/a><\/div>\n\n\n\n<div class=\"wp-block-button has-custom-font-size is-style-outline has-small-font-size is-style-outline--3\"><a class=\"wp-block-button__link wp-element-button\" href=\"https:\/\/blog.jena.de\/jenakultur\/der-grosse-schwof\/fotografinnen-und-fotografen-2\/\" style=\"border-radius:0px\">Fotografinnen und Fotografen<\/a><\/div>\n\n\n\n<div class=\"wp-block-button has-custom-font-size is-style-outline has-small-font-size is-style-outline--4\"><a class=\"wp-block-button__link wp-element-button\" href=\"https:\/\/blog.jena.de\/jenakultur\/?page_id=9238\" style=\"border-radius:0px\">Veranstaltungen<\/a><\/div>\n\n\n\n<div class=\"wp-block-button has-custom-font-size is-style-outline has-small-font-size is-style-outline--5\"><a class=\"wp-block-button__link has-background wp-element-button\" href=\"https:\/\/blog.jena.de\/jenakultur\/?page_id=9240\" style=\"border-radius:0px;background-color:#f2f2f2\">Ausstellungskatalog<\/a><\/div>\n<\/div>\n\n\n\n<div style=\"height:50px\" aria-hidden=\"true\" class=\"wp-block-spacer\"><\/div>\n\n\n\n<div class=\"wp-block-columns is-layout-flex wp-container-core-columns-is-layout-9d6595d7 wp-block-columns-is-layout-flex\">\n<div class=\"wp-block-column is-vertically-aligned-top is-layout-flow wp-block-column-is-layout-flow\" style=\"flex-basis:40%\"><div class=\"wp-block-image\">\n<figure class=\"aligncenter size-full\"><a href=\"https:\/\/blog.jena.de\/jenakultur\/wp-content\/uploads\/sites\/25\/2023\/06\/jenakultur-katalog-zur-ausstellung-katalog.jpg\" data-rel=\"lightbox-gallery-rBRtaQtt\" data-rl_title=\"\" data-rl_caption=\"\" title=\"\"><img loading=\"lazy\" decoding=\"async\" width=\"500\" height=\"603\" src=\"https:\/\/blog.jena.de\/jenakultur\/wp-content\/uploads\/sites\/25\/2023\/06\/jenakultur-katalog-zur-ausstellung-katalog.jpg\" alt=\"\" class=\"wp-image-9287\" srcset=\"https:\/\/blog.jena.de\/jenakultur\/wp-content\/uploads\/sites\/25\/2023\/06\/jenakultur-katalog-zur-ausstellung-katalog.jpg 500w, https:\/\/blog.jena.de\/jenakultur\/wp-content\/uploads\/sites\/25\/2023\/06\/jenakultur-katalog-zur-ausstellung-katalog-415x500.jpg 415w\" sizes=\"auto, (max-width: 500px) 100vw, 500px\" \/><\/a><\/figure>\n<\/div>\n\n\n<div class=\"wp-block-buttons is-content-justification-left is-layout-flex wp-container-core-buttons-is-layout-45245d17 wp-block-buttons-is-layout-flex\"><\/div>\n<\/div>\n\n\n\n<div class=\"wp-block-column is-layout-flow wp-block-column-is-layout-flow\" style=\"flex-basis:60%\">\n<h5 class=\"wp-block-heading\"><strong>Der gro\u00dfe Schwof &#8211; Feste feiern im Osten<\/strong><\/h5>\n\n\n\n<div style=\"height:30px\" aria-hidden=\"true\" class=\"wp-block-spacer\"><\/div>\n\n\n\n<p class=\"has-small-font-size\" style=\"font-style:normal;font-weight:200\">Ausstellungskatalog<br>Herausgegeben von Petra G\u00f6llnitz und Erik Stephan f\u00fcr die St\u00e4dtischen Museen Jena<br>Seiten: 240<br>Text: Petra G\u00f6llnitz, Annett Gr\u00f6schner, Erik Stephan<br>ISBN: 978-3-949860-04-1<\/p>\n\n\n\n<p class=\"has-regular-font-size\" style=\"font-style:normal;font-weight:200\">vergriffen<br><\/p>\n\n\n\n<p class=\"has-small-font-size\" style=\"font-style:normal;font-weight:200;letter-spacing:-0.5px\">Die Ausstellung \u201eDer gro\u00dfe Schwof\u201c untersucht den Osten mit k\u00fcnstlerischen Mitteln in zumeist nichtk\u00fcnstlerischen Bereichen. Es geht um etwas ganz Essenzielles, um etwas, dass in geschlossenen Gesellschaften eine hohe Relevanz besitzt: Es geht um Feste und um die Art und Weise diese zu feiern! Und die Bilder zeigen es: Jeder Anlass wurde genutzt; geplant oder spontan, mit etwas Alkohol wurde der Alltag schnell deutlich freundlicher!<br>\u00dcber 300 Fotografien von 31 K\u00fcnstlerinnen und K\u00fcnstlern stellen dieses privat und \u00f6ffentlich so gewichtige Thema bis in die Zeit der Wende dar und hinterfragen es. Die Kapitel sind verr\u00fcckt, langweilig, von au\u00dferordentlicher Sch\u00f6nheit oder so stumpf wie ein normierter Alltag nur sein kann. Sie sind so heterogen wie das Leben und die Lebenserfahrungen in diesem untergegangenen Land waren. Die Themen reichen dabei von handfesten Dorffesten bis zu den Partys der Boh\u00e8me im Prenzlauer Berg, von Punkkonzerten bis zu M\u00e4nnertags-Ausfl\u00fcgen, von Turnfesten bis zu spontanen Kneipenfesten und von legend\u00e4ren Miss-Wahlen bis zu Betriebsfesten.<\/p>\n\n\n\n<div style=\"height:100px\" aria-hidden=\"true\" class=\"wp-block-spacer\"><\/div>\n<\/div>\n<\/div>\n","protected":false},"excerpt":{"rendered":"<p>Katalog zur Ausstellung: Der gro\u00dfe Schwof &#8211; Feste feiern im Osten.<br \/>\nKunstsammlung Jena, 01.07 &#8211; 15. Oktober 2023<br \/>\nText: Petra G\u00f6llnitz, Annett Gr\u00f6schner, Erik Stephan<\/p>\n","protected":false},"author":27,"featured_media":9207,"parent":8820,"menu_order":0,"comment_status":"closed","ping_status":"closed","template":"page-templates\/full-width.php","meta":{"footnotes":""},"class_list":["post-9240","page","type-page","status-publish","has-post-thumbnail","hentry"],"_links":{"self":[{"href":"https:\/\/blog.jena.de\/jenakultur\/wp-json\/wp\/v2\/pages\/9240","targetHints":{"allow":["GET"]}}],"collection":[{"href":"https:\/\/blog.jena.de\/jenakultur\/wp-json\/wp\/v2\/pages"}],"about":[{"href":"https:\/\/blog.jena.de\/jenakultur\/wp-json\/wp\/v2\/types\/page"}],"author":[{"embeddable":true,"href":"https:\/\/blog.jena.de\/jenakultur\/wp-json\/wp\/v2\/users\/27"}],"replies":[{"embeddable":true,"href":"https:\/\/blog.jena.de\/jenakultur\/wp-json\/wp\/v2\/comments?post=9240"}],"version-history":[{"count":24,"href":"https:\/\/blog.jena.de\/jenakultur\/wp-json\/wp\/v2\/pages\/9240\/revisions"}],"predecessor-version":[{"id":11091,"href":"https:\/\/blog.jena.de\/jenakultur\/wp-json\/wp\/v2\/pages\/9240\/revisions\/11091"}],"up":[{"embeddable":true,"href":"https:\/\/blog.jena.de\/jenakultur\/wp-json\/wp\/v2\/pages\/8820"}],"wp:featuredmedia":[{"embeddable":true,"href":"https:\/\/blog.jena.de\/jenakultur\/wp-json\/wp\/v2\/media\/9207"}],"wp:attachment":[{"href":"https:\/\/blog.jena.de\/jenakultur\/wp-json\/wp\/v2\/media?parent=9240"}],"curies":[{"name":"wp","href":"https:\/\/api.w.org\/{rel}","templated":true}]}}