{"id":12,"date":"2016-03-21T09:27:43","date_gmt":"2016-03-21T08:27:43","guid":{"rendered":"https:\/\/blog.jena.de\/jena2030\/?page_id=12"},"modified":"2017-07-07T11:54:07","modified_gmt":"2017-07-07T09:54:07","slug":"projektbeschreibung","status":"publish","type":"page","link":"https:\/\/blog.jena.de\/jena2030\/projektbeschreibung\/","title":{"rendered":"Projektbeschreibung"},"content":{"rendered":"<p>Derzeit erarbeitet die Stadt Jena auf Basis einer breiten Fach- und B\u00fcrgerbeteiligung ein Integriertes Stadtentwicklungskonzept mit dem Zielhorizont 2030. Dabei wird auf den vorhandenen teilr\u00e4umlichen, gesamtst\u00e4dtischen sowie fachlichen Konzepten aufgebaut.<\/p>\n<p>Das Integrierte Stadtentwicklungskonzept ist eine gesamtst\u00e4dtische themen\u00fcbergreifende Entwicklungsstrategie, in der die wesentlichen Handlungsbedarfe und Aufgabenschwerpunkte der Stadt f\u00fcr die n\u00e4chsten Jahre formuliert werden. Ziel ist es, unter Beteiligung von B\u00fcrgern, lokaler Akteure und Fachexperten die wesentlichen Herausforderungen der n\u00e4chsten Jahre zu er\u00f6rtern, r\u00e4umliche Schwerpunkte und Themen zu setzen und langfristige Vorhaben der Stadtentwicklung zu benennen.<\/p>\n<p>Es wird zahlreiche M\u00f6glichkeiten geben, sich in diesen Prozess einzubringen. Ein wichtiges Gremium bilden drei B\u00fcrgerversammlungen, in denen die einzelnen Themen der Stadtentwicklung beleuchtet, Ziele und Ma\u00dfnahmen diskutiert und priorisiert werden sollen.<\/p>\n<p>Sie sind herzlich eingeladen, sich in die Diskussion um die Zukunft der Stadt Jena einzubringen!<\/p>\n","protected":false},"excerpt":{"rendered":"<p>Derzeit erarbeitet die Stadt Jena auf Basis einer breiten Fach- und B\u00fcrgerbeteiligung ein Integriertes Stadtentwicklungskonzept mit dem Zielhorizont 2030. Dabei wird auf den&hellip;<\/p>\n","protected":false},"author":15,"featured_media":428,"parent":0,"menu_order":1,"comment_status":"open","ping_status":"closed","template":"","meta":{"footnotes":""},"class_list":["post-12","page","type-page","status-publish","has-post-thumbnail","hentry"],"_links":{"self":[{"href":"https:\/\/blog.jena.de\/jena2030\/wp-json\/wp\/v2\/pages\/12","targetHints":{"allow":["GET"]}}],"collection":[{"href":"https:\/\/blog.jena.de\/jena2030\/wp-json\/wp\/v2\/pages"}],"about":[{"href":"https:\/\/blog.jena.de\/jena2030\/wp-json\/wp\/v2\/types\/page"}],"author":[{"embeddable":true,"href":"https:\/\/blog.jena.de\/jena2030\/wp-json\/wp\/v2\/users\/15"}],"replies":[{"embeddable":true,"href":"https:\/\/blog.jena.de\/jena2030\/wp-json\/wp\/v2\/comments?post=12"}],"version-history":[{"count":15,"href":"https:\/\/blog.jena.de\/jena2030\/wp-json\/wp\/v2\/pages\/12\/revisions"}],"predecessor-version":[{"id":440,"href":"https:\/\/blog.jena.de\/jena2030\/wp-json\/wp\/v2\/pages\/12\/revisions\/440"}],"wp:featuredmedia":[{"embeddable":true,"href":"https:\/\/blog.jena.de\/jena2030\/wp-json\/wp\/v2\/media\/428"}],"wp:attachment":[{"href":"https:\/\/blog.jena.de\/jena2030\/wp-json\/wp\/v2\/media?parent=12"}],"curies":[{"name":"wp","href":"https:\/\/api.w.org\/{rel}","templated":true}]}}