{"id":28,"date":"2015-03-18T20:11:22","date_gmt":"2015-03-18T19:11:22","guid":{"rendered":"http:\/\/blog.jena.de\/beteiligung\/?page_id=28"},"modified":"2018-06-15T14:18:29","modified_gmt":"2018-06-15T12:18:29","slug":"leitlinien","status":"publish","type":"page","link":"https:\/\/blog.jena.de\/beteiligung\/leitlinien\/","title":{"rendered":"Jenas Weg"},"content":{"rendered":"<p>Am 01.10.2014 hat der Jenaer Stadtrat einstimmig den Beschluss gefasst, neue Wege der B\u00fcrgerbeteiligung zu gehen. Projekte der Stadtentwicklung und der Infrastruktur stehen nicht nur in Jena seit einigen Jahren verst\u00e4rkt im Fokus der \u00d6ffentlichkeit. Die B\u00fcrgerschaft m\u00f6chte die Zukunft &#8222;ihrer Stadt&#8220; mitgestalten und ist auch bereit, ihre Positionen entschlossen durchzusetzen. Die positive Entwicklung der Beteiligung am Verfahren des B\u00fcrgerhaushaltes ist ebenfalls ein Indikator f\u00fcr das gestiegene Interesse, sich aktiv in Fragen der Kommunalpolitik einzubringen.<\/p>\n<p>Um dies zu erreichen, wurden in einem partizipativen Prozess unter Beteiligung von B\u00fcrgerschaft, Politik und Verwaltung &#8222;Leitlinien f\u00fcr B\u00fcrgerbeteiligung&#8220; formuliert. Am 21.09.2016 hat der Jenaer Stadtrat die <a href=\"https:\/\/blog.jena.de\/beteiligung\/wp-content\/uploads\/sites\/14\/2015\/03\/BV-LL-BB_mit-Anhang.pdf\">Leitlinien\u00a0<\/a> mit gro\u00dfer Mehrheit beschlossen.<\/p>\n<p>In Umsetzung der Leitlinien wurde der Beirat f\u00fcr B\u00fcrgerbeteiligung gegr\u00fcndet, der seit dem 20.02.2018 beratend t\u00e4tig ist und eine Zentrale Koordinierungsstelle in der Stadt etabliert. Im Beirat wird u.a. die Arbeit der AG B\u00fcrgerhaushalt weitergef\u00fchrt, die mit drei stimmberechtigten Mitgliedern vertreten ist. Als dringlichste Aufgabe wurde durch den Beirat der Entwurf der B\u00fcrgerbeteiligungssatzung erarbeitet, die voraussichtlich im III. Quartal durch den Stadtrat beschlossen wird.<\/p>\n<p>Sie m\u00f6chten regelm\u00e4\u00dfig \u00fcber aktuelle Vorhaben und Termine der B\u00fcrgerbeteiligung informiert werden? Dann abonnieren Sie unseren monatlichen Newsletter.<\/p>\n<p><span style=\"color: #000000\">Mitmachen. Mitdenken. Mitgestalten.<\/span><\/p>\n","protected":false},"excerpt":{"rendered":"<p>Am 01.10.2014 hat der Jenaer Stadtrat einstimmig den Beschluss gefasst, neue Wege der B\u00fcrgerbeteiligung zu gehen. Projekte der Stadtentwicklung und der Infrastruktur stehen&hellip;<\/p>\n","protected":false},"author":14,"featured_media":705,"parent":0,"menu_order":0,"comment_status":"open","ping_status":"closed","template":"","meta":{"footnotes":""},"class_list":["post-28","page","type-page","status-publish","has-post-thumbnail","hentry"],"_links":{"self":[{"href":"https:\/\/blog.jena.de\/beteiligung\/wp-json\/wp\/v2\/pages\/28","targetHints":{"allow":["GET"]}}],"collection":[{"href":"https:\/\/blog.jena.de\/beteiligung\/wp-json\/wp\/v2\/pages"}],"about":[{"href":"https:\/\/blog.jena.de\/beteiligung\/wp-json\/wp\/v2\/types\/page"}],"author":[{"embeddable":true,"href":"https:\/\/blog.jena.de\/beteiligung\/wp-json\/wp\/v2\/users\/14"}],"replies":[{"embeddable":true,"href":"https:\/\/blog.jena.de\/beteiligung\/wp-json\/wp\/v2\/comments?post=28"}],"version-history":[{"count":17,"href":"https:\/\/blog.jena.de\/beteiligung\/wp-json\/wp\/v2\/pages\/28\/revisions"}],"predecessor-version":[{"id":904,"href":"https:\/\/blog.jena.de\/beteiligung\/wp-json\/wp\/v2\/pages\/28\/revisions\/904"}],"wp:featuredmedia":[{"embeddable":true,"href":"https:\/\/blog.jena.de\/beteiligung\/wp-json\/wp\/v2\/media\/705"}],"wp:attachment":[{"href":"https:\/\/blog.jena.de\/beteiligung\/wp-json\/wp\/v2\/media?parent=28"}],"curies":[{"name":"wp","href":"https:\/\/api.w.org\/{rel}","templated":true}]}}