{"id":13,"date":"2015-03-18T15:42:37","date_gmt":"2015-03-18T14:42:37","guid":{"rendered":"http:\/\/blog.jena.de\/beteiligung\/?page_id=13"},"modified":"2018-12-04T13:06:13","modified_gmt":"2018-12-04T12:06:13","slug":"downloads","status":"publish","type":"page","link":"https:\/\/blog.jena.de\/beteiligung\/downloads\/","title":{"rendered":"Downloads"},"content":{"rendered":"<ul>\n<li><a href=\"https:\/\/sessionnet.jena.de\/sessionnet\/buergerinfo\/\/vo0050.php?__kvonr=8763\" target=\"_blank\" rel=\"noopener\">Beschlussvorlage Nr. 17\/1557-BV des Stadtrates vom 18.01.2018 (Neuberufung des Beirats B\u00fcrgerbeteiligung)<\/a><\/li>\n<li><a href=\"https:\/\/sessionnet.jena.de\/sessionnet\/buergerinfo\/\/vo0050.php?__kvonr=8370\" target=\"_blank\" rel=\"noopener\">Beschlussvorlage Nr. 17\/1378-BV des Stadtrates vom 18.10.2017 (Satzung des Beirates f\u00fcr die Belange der B\u00fcrgerbeteiligung)<\/a><\/li>\n<li><a href=\"https:\/\/blog.jena.de\/beteiligung\/wp-content\/uploads\/sites\/14\/2015\/03\/BV_Umsetzung_Leitlinien_15032017_b.pdf\">Beschlussvorlages Nr. 17\/1207-BV des Stadtrates vom 15.03.2017 (Weiterf\u00fchrende Beschl\u00fcsse &#8211; Leitlinien f\u00fcr B\u00fcrgerbeteiligung)<\/a><\/li>\n<li><a href=\"https:\/\/blog.jena.de\/beteiligung\/wp-content\/uploads\/sites\/14\/2015\/03\/BV-LL-BB_mit-Anhang.pdf\">Beschlussvorlage Nr. 16\/0959-BV des Stadtrates vom 21.09.2016 (Leitlinien f\u00fcr B\u00fcrgerbeteiligung)<\/a><\/li>\n<li><a title=\"BV Nr. 14\/0077-BV des Stadtrates vom 01.10.2014\" href=\"http:\/\/blog.jena.de\/beteiligung\/wp-content\/uploads\/sites\/14\/2015\/03\/BV_14_0077_Version-StR.pdf\" target=\"_blank\" rel=\"noopener noreferrer\">Beschlussvorlage Nr. 14\/0077-BV des Stadtrates vom 01.10.2014 (Neue Wege der B\u00fcrgerbeteiligung in Jena)<\/a><\/li>\n<\/ul>\n<p>Aktuelle Dokumente:<\/p>\n<ul>\n<li><a href=\"https:\/\/blog.jena.de\/beteiligung\/wp-content\/uploads\/sites\/14\/2018\/01\/beteiligung-leitlinien-01082017-geschuetzt.pdf\">Leitlinien f\u00fcr B\u00fcrgerbeteiligung<\/a><\/li>\n<li><a href=\"https:\/\/blog.jena.de\/beteiligung\/wp-content\/uploads\/sites\/14\/2018\/01\/beteiligung-downloads-2017-10-19-satzungbeiratbfb-geschuetzt.pdf\">Satzung des Beirats f\u00fcr die Belange der B\u00fcrgerbeteiligung (Beirat f\u00fcr B\u00fcrgerbeteiligung)<\/a><\/li>\n<li><a href=\"https:\/\/blog.jena.de\/beteiligung\/wp-content\/uploads\/sites\/14\/2018\/12\/beteiligung-finalefassung-bbs-28112018.pdf\">Satzung \u00fcber Verfahrensregeln f\u00fcr B\u00fcrgerbeteiligung bei Vorhaben im Zust\u00e4ndigkeitsbereich des Stadtrats der Stadt Jena (B\u00fcrgerbeteiligungssatzung &#8211; BBS), Stand Beschluss des Stadtrats vom 27.11.2018<\/a><\/li>\n<\/ul>\n<p>Protokolle Beirat f\u00fcr B\u00fcrgerbeteiligung:<\/p>\n<ul>\n<li><a href=\"https:\/\/blog.jena.de\/beteiligung\/wp-content\/uploads\/sites\/14\/2018\/05\/beteiligung-downloads-entwurf-protokoll-20022018.pdf\" target=\"_blank\" rel=\"noopener\">1. Sitzung 20.02.2018<\/a><\/li>\n<li><a href=\"https:\/\/blog.jena.de\/beteiligung\/wp-content\/uploads\/sites\/14\/2018\/05\/beteiligung-downloads-entwurf-protokoll-20032018.pdf\" target=\"_blank\" rel=\"noopener\">2. Sitzung 20.03.2018<\/a><\/li>\n<\/ul>\n<p>Informationsveranstaltung &#8222;Beirat f\u00fcr B\u00fcrgerbeteiligung&#8220; 15.12.2017<\/p>\n<ul>\n<li><a href=\"https:\/\/blog.jena.de\/beteiligung\/wp-content\/uploads\/sites\/14\/2018\/01\/beteiligung-downloads-praesentation-15122017-geschuetzt.pdf\">Pr\u00e4sentation 15.12.2017<\/a><\/li>\n<\/ul>\n<p>Protokolle der Begleitgruppe zur Erarbeitung der Satzung f\u00fcr den Beirat f\u00fcr B\u00fcrgerbeteiligung:<\/p>\n<ul>\n<li><a href=\"https:\/\/blog.jena.de\/beteiligung\/wp-content\/uploads\/sites\/14\/2015\/03\/Protokoll_BG_25042017.pdf\">Protokoll 1. Sitzung 25.04.2017<\/a><\/li>\n<li><a href=\"https:\/\/blog.jena.de\/beteiligung\/wp-content\/uploads\/sites\/14\/2017\/06\/beteiligung-protokoll_bg_22052017.pdf\">Protokoll 2. Sitzung 22.05.2017<\/a><\/li>\n<li><a href=\"https:\/\/blog.jena.de\/beteiligung\/wp-content\/uploads\/sites\/14\/2015\/03\/beteiligung-downloads-protokoll_bg_19062017_final.pdf\" target=\"_blank\" rel=\"noopener\">Protokoll 3. Sitzung 19.06.2017<\/a><\/li>\n<li><a href=\"https:\/\/blog.jena.de\/beteiligung\/wp-content\/uploads\/sites\/14\/2015\/03\/beteiligung-downloads-2017-06-30_satzungbeiratbfb_entwurf.pdf\" target=\"_blank\" rel=\"noopener\">Entwurf der Satzung f\u00fcr den &#8222;Beirat f\u00fcr B\u00fcrgerbeteiligung&#8220;<\/a><\/li>\n<\/ul>\n<p>Auftaktveranstaltung &#8222;Leitlinien f\u00fcr die B\u00fcrgerbeteiligung&#8220; &#8211; 21.03.2015<\/p>\n<ul>\n<li><a href=\"http:\/\/blog.jena.de\/beteiligung\/wp-content\/uploads\/sites\/14\/2015\/03\/2015-03-21_Peisker_BB_Auftakt.pdf\">Pr\u00e4sentation Herr Peisker \/ Frau Morgenstern<\/a><\/li>\n<li><a href=\"http:\/\/blog.jena.de\/beteiligung\/wp-content\/uploads\/sites\/14\/2015\/04\/Dokumentation_B\u00fcrgerbeteiligung-Jena.pdf\">Dokumentation B\u00fcrgerbeteiligung Jena<\/a><\/li>\n<\/ul>\n<p>Stellungnahmen zur 1. Version der Vorhabenliste:<\/p>\n<ul>\n<li><a href=\"http:\/\/blog.jena.de\/beteiligung\/wp-content\/uploads\/sites\/14\/2015\/06\/2015-05-26_Vorhabenliste_Stellungnahme_Piraten-Jena.pdf\">Stellungnahme Piraten Jena vom 26.05.2015<\/a><\/li>\n<li><a href=\"http:\/\/blog.jena.de\/beteiligung\/wp-content\/uploads\/sites\/14\/2015\/07\/2015-06-24_Vorhabenliste_Stellungnahme_CDU.pdf\">Stellungnahme Fraktion CDU vom 24.06.2015<\/a><\/li>\n<\/ul>\n<p>Stadtentwicklungsausschuss 20.08.2015<\/p>\n<ul>\n<li><a href=\"http:\/\/blog.jena.de\/beteiligung\/wp-content\/uploads\/sites\/14\/2015\/08\/2015-08-20_SEA_Praesentation_zebralog.pdf\">Pr\u00e4sentation Zebralog<\/a><\/li>\n<\/ul>\n<p>Sitzungen der Begleitgruppe zur Erarbeitung der Leitlinien:<\/p>\n<ul>\n<li><a href=\"http:\/\/blog.jena.de\/beteiligung\/wp-content\/uploads\/sites\/14\/2015\/03\/Pra\u0308sentation_Jena_Begleitgruppensitzung_20150928.pdf\">Pr\u00e4sentation Zebralog 28.09.2015<\/a><\/li>\n<li><a href=\"https:\/\/blog.jena.de\/beteiligung\/wp-content\/uploads\/sites\/14\/2015\/11\/Pra_sentation_Jena_2.Begleitgruppensitzung_20151026_Version_final.pdf\">Pr\u00e4sentation Zebralog 26.10.2015<\/a><\/li>\n<li><a href=\"https:\/\/blog.jena.de\/beteiligung\/wp-content\/uploads\/sites\/14\/2016\/01\/Praesentation_3.Begleitgruppensitzung_20151215.pdf\" target=\"_blank\" rel=\"noopener noreferrer\">Pr\u00e4sentation Zebralog 15.12.2015<\/a><\/li>\n<li><a href=\"https:\/\/blog.jena.de\/beteiligung\/wp-content\/uploads\/sites\/14\/2016\/03\/Pra\u0308sentation_Jena_4.Begleitgruppensitzung_20150315_Version_1.compressed.pdf\">Pra\u0308sentation Zebralog 15.03.2016<\/a><\/li>\n<li><a href=\"https:\/\/blog.jena.de\/beteiligung\/wp-content\/uploads\/sites\/14\/2016\/05\/Pra%CC%88sentation_Jena_5.Begleitgruppensitzung_20150510.pdf\">Pr\u00e4sentation Zebralog 10.05.2016<\/a><\/li>\n<\/ul>\n<p>Protokolle der Begleitgruppensitzungen:<\/p>\n<ul>\n<li><a href=\"https:\/\/blog.jena.de\/beteiligung\/wp-content\/uploads\/sites\/14\/2015\/03\/SitzungBegleitgruppeErgebnisprotokoll280915.pdf\" target=\"_blank\" rel=\"noopener noreferrer\">Ergebnisprotokoll 28.09.2015<\/a><\/li>\n<li><a href=\"https:\/\/blog.jena.de\/beteiligung\/wp-content\/uploads\/sites\/14\/2015\/03\/SitzungBegleitgruppeErgebnisprotokoll261015.pdf\" target=\"_blank\" rel=\"noopener noreferrer\">Ergebnisprotokoll 26.10.2015<\/a><\/li>\n<li><a href=\"https:\/\/blog.jena.de\/beteiligung\/wp-content\/uploads\/sites\/14\/2015\/03\/SitzungBegleitgruppeErgebnisprotokoll151215.pdf\" target=\"_blank\" rel=\"noopener noreferrer\">Ergebnisprotokoll 15.12.2015<\/a><\/li>\n<\/ul>\n<p>Entw\u00fcrfe der Leitlinienpapiere<\/p>\n<ul>\n<li><a href=\"https:\/\/blog.jena.de\/beteiligung\/wp-content\/uploads\/sites\/14\/2016\/03\/Entwurf_Leitlinienpapier_2.0_20160309.pdf\">Entwurf Leitlinienpapier 2.0<\/a>, Stand: M\u00e4rz 2016<\/li>\n<li><a href=\"https:\/\/blog.jena.de\/beteiligung\/wp-content\/uploads\/sites\/14\/2015\/03\/Entwurf_Leitlinien_3.0-2.pdf\">Entwurf Leitlinienpapier 3.0<\/a>, Stand: Mai 2016<\/li>\n<li><a href=\"https:\/\/blog.jena.de\/beteiligung\/wp-content\/uploads\/sites\/14\/2016\/06\/Jena_Entwurf_Leitlinien_4.2_final_ohne-Vorwort.pdf\">Finales Leitlinienpapier 4.2<\/a>, Stand: Juni 2016<\/li>\n<\/ul>\n<p>&nbsp;<\/p>\n","protected":false},"excerpt":{"rendered":"<p>Beschlussvorlage Nr. 17\/1557-BV des Stadtrates vom 18.01.2018 (Neuberufung des Beirats B\u00fcrgerbeteiligung) Beschlussvorlage Nr. 17\/1378-BV des Stadtrates vom 18.10.2017 (Satzung des Beirates f\u00fcr die&hellip;<\/p>\n","protected":false},"author":14,"featured_media":691,"parent":0,"menu_order":3,"comment_status":"open","ping_status":"closed","template":"","meta":{"footnotes":""},"class_list":["post-13","page","type-page","status-publish","has-post-thumbnail","hentry"],"_links":{"self":[{"href":"https:\/\/blog.jena.de\/beteiligung\/wp-json\/wp\/v2\/pages\/13","targetHints":{"allow":["GET"]}}],"collection":[{"href":"https:\/\/blog.jena.de\/beteiligung\/wp-json\/wp\/v2\/pages"}],"about":[{"href":"https:\/\/blog.jena.de\/beteiligung\/wp-json\/wp\/v2\/types\/page"}],"author":[{"embeddable":true,"href":"https:\/\/blog.jena.de\/beteiligung\/wp-json\/wp\/v2\/users\/14"}],"replies":[{"embeddable":true,"href":"https:\/\/blog.jena.de\/beteiligung\/wp-json\/wp\/v2\/comments?post=13"}],"version-history":[{"count":49,"href":"https:\/\/blog.jena.de\/beteiligung\/wp-json\/wp\/v2\/pages\/13\/revisions"}],"predecessor-version":[{"id":949,"href":"https:\/\/blog.jena.de\/beteiligung\/wp-json\/wp\/v2\/pages\/13\/revisions\/949"}],"wp:featuredmedia":[{"embeddable":true,"href":"https:\/\/blog.jena.de\/beteiligung\/wp-json\/wp\/v2\/media\/691"}],"wp:attachment":[{"href":"https:\/\/blog.jena.de\/beteiligung\/wp-json\/wp\/v2\/media?parent=13"}],"curies":[{"name":"wp","href":"https:\/\/api.w.org\/{rel}","templated":true}]}}