{"id":10,"date":"2015-03-16T16:58:09","date_gmt":"2015-03-16T15:58:09","guid":{"rendered":"http:\/\/blog.jena.de\/beteiligung\/?page_id=10"},"modified":"2024-03-26T20:16:08","modified_gmt":"2024-03-26T19:16:08","slug":"datenschutz","status":"publish","type":"page","link":"https:\/\/blog.jena.de\/beteiligung\/datenschutz\/","title":{"rendered":"Datenschutz"},"content":{"rendered":"<h1>Datenschutz<\/h1>\n<p>Dieses Internet-Angebot wird von der Stadt Jena in \u00dcbereinstimmung mit den geltenden Gesetzen zum Datenschutz und zur Datensicherheit betrieben. Dabei unterliegt die Stadt Jena dem Th\u00fcringer Datenschutzgesetz (Th\u00fcrDSG), den Bestimmungen des Bundesdatenschutzgesetzes (BDSG) und des Teledienstedatenschutzgesetzes (TDDSG), bzw. des Mediendienstestaatsvertrages (MDStV). Um das Vertrauen der Nutzer in dieses Internet-Angebot zu st\u00e4rken, wird der Umgang mit personenbezogenen Daten offenbart. Sie erfahren hier, welche Informationen gesammelt und wie sie verwendet werden.<\/p>\n<p>Personenbezogene Daten sind Informationen \u00fcber pers\u00f6nliche oder sachliche Verh\u00e4ltnisse einer bestimmten oder bestimmbaren nat\u00fcrlichen Person. Hierunter fallen z.B. Angaben wie Name, Adresse, oder Telefonnummer.<\/p>\n<p>Die Nutzung dieses Portals ist grunds\u00e4tzlich ohne Angabe personenbezogener Daten m\u00f6glich. Soweit auf diesen Seiten personenbezogene Daten (beispielsweise Name, Anschrift oder E-Mail-Adressen) erhoben werden, erfolgt dies stets auf freiwilliger Basis. Diese Daten werden ohne Ihre ausdr\u00fcckliche Zustimmung nicht an Dritte weitergegeben.<\/p>\n<p>Es wird darauf hingewiesen, dass die Daten\u00fcbertragung im Internet (z.B. bei der Kommunikation per E-Mail) Sicherheitsl\u00fccken aufweisen kann. Ein l\u00fcckenloser Schutz der Daten vor dem Zugriff durch Dritte ist nicht m\u00f6glich. Informationen, die Sie unverschl\u00fcsselt per Elektronische Post (E-Mail) an die Stadt Jena senden, k\u00f6nnen daher m\u00f6glicherweise auf dem \u00dcbertragungsweg von Dritten gelesen werden. Die Stadt Jena kann in der Regel auch Ihre Identit\u00e4t nicht \u00fcberpr\u00fcfen und wei\u00df nicht, wer sich hinter einer E-Mail-Adresse verbirgt. Eine rechtssichere Kommunikation durch einfache E-Mail ist also nicht gew\u00e4hrleistet.<br \/>\nDie Stadt Jena setzt au\u00dferdem Filter gegen unerw\u00fcnschte Werbung (SPAM-Filter) ein, die in seltenen F\u00e4llen auch normale E-Mails f\u00e4lschlicherweise automatisch als unerw\u00fcnschte Werbung einordnen und l\u00f6schen. E-Mails, die sch\u00e4digende Programme (Viren) enthalten, werden in jedem Fall automatisch gel\u00f6scht.<\/p>\n<h2>Cookies<\/h2>\n<p>Internetseiten verwenden teilweise so genannte Cookies. Cookies richten auf Ihrem Rechner keinen Schaden an und enthalten keine Viren. Cookies erm\u00f6glichen es, insbesondere Nutzungsh\u00e4ufigkeit und Nutzeranzahl der Internetseiten zu ermitteln und Verhaltensweisen der Seitennutzung zu analysieren, Cookies dienen vor allem dazu, das Angebot nutzerfreundlicher, effektiver und sicherer zu machen. Cookies sind kleine Textdateien, die auf Ihrem Rechner abgelegt werden und die Ihr Browser speichert. Wird der entsprechende Server dieser Webseite erneut vom Nutzer der Website aufgerufen, sendet der Browser des Nutzers der Website den zuvor empfangenen Cookie wieder zur\u00fcck an den Server. Der Server kann dann die durch diese Prozedur erhaltenen Informationen auf verschiedene Arten auswerten. Durch Cookies k\u00f6nnen z. B. Werbeeinblendungen gesteuert oder das Navigieren auf einer Internetseite erleichtert werden.<\/p>\n<h3>Session-Cookies<\/h3>\n<p>Die meisten der auf dieser Internetseite verwendeten Cookies sind so genannte \u201eSession-Cookies\u201c. Session-Cookies sind kleine Informationseinheiten, die ein Anbieter im Arbeitsspeicher des Computers des Besuchers speichert. In einem Session-Cookie wird eine zuf\u00e4llig erzeugte eindeutige Identifikationsnummer abgelegt, eine sogenannte Session-ID. Au\u00dferdem enth\u00e4lt ein Cookie die Angabe \u00fcber seine Herkunft und die Speicherfrist. Diese Cookies k\u00f6nnen keine anderen Daten speichern. Sie werden nach Ende Ihres Besuchs automatisch gel\u00f6scht. Andere Cookies bleiben auf Ihrem Endger\u00e4t gespeichert, bis Sie diese l\u00f6schen. Diese Cookies erm\u00f6glichen es Ihren Browser die Internetseite beim n\u00e4chsten Besuch wiederzuerkennen.<\/p>\n<p>Sie k\u00f6nnen Ihren Browser so einstellen, dass Sie \u00fcber das Setzen von Cookies informiert werden und Cookies nur im Einzelfall erlauben, die Annahme von Cookies f\u00fcr bestimmte F\u00e4lle oder generell ausschlie\u00dfen sowie das automatische L\u00f6schen der Cookies beim Schlie\u00dfen des Browser aktivieren. Bei der Deaktivierung von Cookies kann die Funktionalit\u00e4t dieses Webportals eingeschr\u00e4nkt sein.<\/p>\n<h2>Server-Log-Files<\/h2>\n<p>Der Provider Kommunale Immobilien Jena erhebt und speichert automatisch Informationen in so genannten Server-Log Files, die Ihr Browser automatisch an die Stadt Jena als Betreiber dieser Internetseite \u00fcbermittelt. Dies sind:<\/p>\n<ul>\n<li>Browsertyp und Browserversion<\/li>\n<li>verwendetes Betriebssystem<\/li>\n<li>URL der vorher angezeigten Webseite (Referrer)<\/li>\n<li>Hostname des zugreifenden Rechners<\/li>\n<li>Name der abgerufenen Webseite<\/li>\n<li>Datum und Uhrzeit des Abrufs<\/li>\n<li>\u00fcbertragene Datenmenge<\/li>\n<li>Meldung \u00fcber erfolgreichen Abruf<\/li>\n<li>IP-Adresse<\/li>\n<\/ul>\n<p>Die Stadt Jena verwendet die Protokolldaten nur f\u00fcr statistische Auswertungen und zum Zweck des Betriebs, der Sicherheit und der Optimierung des Angebotes. Die Stadt Jena hat keine M\u00f6glichkeit, diese Daten einer bestimmten Person zuzuordnen. Eine Zusammenf\u00fchrung dieser Daten mit anderen Datenquellen wird nicht vorgenommen. Die IP-Nummern werden f\u00fcr die Dauer des Besuchs f\u00fcr die Beantwortung der Abfragen erfasst und nicht \u00fcber das Ende des Besuchs hinaus gespeichert. Daten, die beim Zugriff auf das Internetangebot der Stadt Jena protokolliert wurden, werden an Dritte nur \u00fcbermittelt, soweit die Stadt gesetzlich oder durch Gerichtsentscheidung dazu verpflichtet ist oder die Weitergabe im Falle von Angriffen auf die Internetinfrastruktur der Stadt Jena zur Rechts- oder Strafverfolgung erforderlich ist. Eine Weitergabe in anderen F\u00e4llen erfolgt nicht.<\/p>\n<h2>Datenschutzerkl\u00e4rung f\u00fcr die Nutzung von Piwik<\/h2>\n<p>Mit dem Ziel den Webauftritt kontinuierlich zu verbessern, benutzt die Stadt Jena den Open Source Webanalysedienst Piwik. Piwik verwendet so genannte &#8222;Cookies&#8220;. Das sind Textdateien, die auf Ihrem Computer gespeichert werden und die eine Analyse der Benutzung dieser Website durch Sie erm\u00f6glichen. Dazu werden die durch den Cookie erzeugten Informationen \u00fcber die Benutzung dieser Website auf dem Server der Stadt Jena gespeichert. Die IP-Adresse wird vor der Speicherung anonymisiert, ein personenbeziehbares Profil wird nicht erstellt. Piwik speichert in Ihrem Browser ein Cookie mit einer Lebensdauer von einer Woche. Folgende Daten werden durch die Webanalyse erfasst oder mit Hilfe der gelieferten Daten generiert:<\/p>\n<ul>\n<li>Anonymisierte IP-Adresse: Zur Anonymisierung wird die IP-Adresse nach der H\u00e4lfte abgeschnitten.<\/li>\n<li>Datum und Zeitpunkt des Besuchs<\/li>\n<li>Titel der angezeigten Webseite<\/li>\n<li>URL der angezeigten Webseite<\/li>\n<li>URL der vorher angezeigten Webseite (Referrer)<\/li>\n<li>Bildschirmaufl\u00f6sung<\/li>\n<li>Heruntergeladene Dateien<\/li>\n<li>Angeklickte ausgehende Links<\/li>\n<li>Vergangene Zeit zwischen Aufruf der Webseite und Anzeige beim Benutzer (Page speed)<\/li>\n<li>Verwendeter Browser (User-Agent Header)<\/li>\n<li>Sprache des Browsers (Accept-Language Header)<\/li>\n<li>Geografische Region aus der der Zugriff erfolgt: Die Zuordnung erfolgt auf Basis der Browsersprache und der anonymisierten IP-Adresse.<\/li>\n<\/ul>\n<p>Das Piwik-Cookie dient der Wiedererkennung von Besuchern \u00fcber eine nicht personenbeziehbare, zuf\u00e4llig generierte Besucher-ID und erfasst folgendes:<\/p>\n<ul>\n<li>Zeitpunkt des ersten Besuchs<\/li>\n<li>Zeitpunkt des vorherigen Besuchs<\/li>\n<li>Anzahl der Besuche<\/li>\n<\/ul>\n<p>Die durch den Cookie erzeugten Informationen \u00fcber die Benutzung dieser Website werden ausschlie\u00dflich von Mitarbeitern der Stadt Jena genutzt und nicht an Dritte weitergegeben. Sie k\u00f6nnen die Speicherung der Cookies durch eine entsprechende Einstellung Ihrer Browser-Software verhindern; In diesem Fall k\u00f6nnen Sie gegebenenfalls nicht s\u00e4mtliche Funktionen dieser Website vollumf\u00e4nglich nutzen.<\/p>\n<h2>Kontaktformular<\/h2>\n<p>Wenn Sie der Stadt Jena per Kontaktformular Anfragen zukommen lassen, werden Ihre Angaben aus dem Anfrageformular inklusive der von Ihnen dort angegebenen Kontaktdaten zwecks Bearbeitung der Anfrage und f\u00fcr den Fall von Anschlussfragen gespeichert. Diese Daten werden ohne Ihre Einwilligung nicht an Dritte weitergegeben.<\/p>\n<h2>Datenschutzerkl\u00e4rung f\u00fcr die Nutzung von YouTube<\/h2>\n<p>Diese Webseite nutzt Plugins der von Google betriebenen Seite YouTube. Betreiber der Seiten ist die YouTube, LLC, 901 Cherry Ave., San Bruno, CA 94066, USA. Wenn Sie eine der mit einem YouTube-Plugin ausgestatteten Internetseiten besuchen, wird eine Verbindung zu den Servern von YouTube hergestellt. Dabei wird dem Youtube-Server mitgeteilt, welche Internetseite Sie besucht haben.<\/p>\n<p>Wenn Sie in Ihrem YouTube-Account eingeloggt sind, erm\u00f6glichen Sie YouTube, Ihr Surfverhalten direkt Ihrem pers\u00f6nlichen Profil zuzuordnen. Dies k\u00f6nnen Sie verhindern, indem Sie sich aus Ihrem YouTube-Account ausloggen.<\/p>\n<p>Bei der Integration von Youtube-Videos wird auf der Internetseite der von Google angebotene erweiterte Datensschutzmodus verwendet, bei dem vor dem Abspielen eines eingebundenen YouTube-Videos keine Cookies abgelegt werden.<br \/>\nWeitere Informationen zum Umgang von Nutzerdaten finden Sie in der Datenschutzerkl\u00e4rung von YouTube unter: <a href=\"https:\/\/www.google.de\/intl\/de\/policies\/privacy\">https:\/\/www.google.de\/intl\/de\/policies\/privacy<\/a><\/p>\n<h2>Nutzung von weiteren Diensten<\/h2>\n<p>Auf diesem Webangebot werden folgende Dienste der Google Inc., 1600 Amphitheatre Parkway, Mountain View, CA 94043, USA eingesetzt:<\/p>\n<ul>\n<li>Google Fonts (Schriftarten)<\/li>\n<li>Google reCAPTCHA (Sicherheitsabfrage)<\/li>\n<\/ul>\n<h2>Soziale Netzwerke<\/h2>\n<p>Die Stadt Jena nimmt die derzeitige Diskussion um den Datenschutz in sozialen Netzwerken sehr ernst. Es ist gegenw\u00e4rtig rechtlich nicht abschlie\u00dfend gekl\u00e4rt, ob und inwieweit alle Netzwerke ihre Dienste im Einklang mit europ\u00e4ischen datenschutzrechtlichen Bestimmungen anbieten.<br \/>\nEs wird daher ausdr\u00fccklich darauf aufmerksam gemacht, dass die seitens der Stadt Jena genutzten Dienste Twitter, Facebook, Xing, Google+ und YouTube die Daten ihrer Nutzerinnen und Nutzer (z.B. pers\u00f6nliche Informationen, IP-Adresse ) entsprechend ihrer Datenverwendungsrichtlinien abspeichern und f\u00fcr gesch\u00e4ftliche Zwecke nutzen.<br \/>\nDie Stadt Jena hat keinen Einfluss auf die Datenerhebung und deren weitere Verwendung durch die sozialen Netzwerke. So bestehen keine Erkenntnisse dar\u00fcber, in welchem Umfang, an welchem Ort und f\u00fcr welche Dauer die Daten gespeichert werden, inwieweit die Netzwerke bestehenden L\u00f6schpflichten nachkommen, welche Auswertungen und Verkn\u00fcpfungen mit den Daten vorgenommen werden und an wen die Daten weitergegeben werden.<\/p>\n<h2>Newsletter<\/h2>\n<p>Wenn Sie den auf der Webseite angebotenen Newsletter beziehen m\u00f6chten, ist dazu die Anagbe Ihrer E-Mail-Adresse notwendig, sowie Informationen, mit der die \u00dcberpr\u00fcfung m\u00f6glich ist, dass Sie der Inhaber der angegebenen E-Mail-Adresse sind und mit dem Empfang des Newsletters einverstanden sind. Durch das Anmeldesystem mit einer zus\u00e4tzlichen Best\u00e4tigungsnachricht, die einen Link zur endg\u00fcltigen Registrierung enth\u00e4lt (Double-opt-in) ist sichergestellt, dass der Newsletter von Ihnen explizit erw\u00fcnscht ist.<br \/>\nWeitere Daten werden nicht erhoben. Diese Daten werden ausschlie\u00dflich f\u00fcr den Versand der angeforderten Informationen verwendet und nicht an Dritte weitergegeben. Zur Analyse der Systemleistung werden die Datens\u00e4tze f\u00fcr statistische Auswertungen genutzt.<br \/>\nDie erteilte Einwilligung zur Speicherung der Daten, der E-Mail-Adresse sowie deren Nutzung zum Versand des Newsletters k\u00f6nnen Sie jederzeit widerrufen, etwa \u00fcber den &#8222;Austragen&#8220;-Link im Newsletter.<\/p>\n<h2>Kommentarfunktion auf dieser Webseite<\/h2>\n<p>F\u00fcr die Kommentarfunktion auf dieser Internetseite werden neben Ihrem Kommentar auch der Zeitpunkt der Erstellung des Kommentars und Ihre E-Mail-Adresse gespeichert. Die Kommentarfunktion speichert die IP-Adressen der Nutzer, die Kommentare verfassen, um im Falle von Rechtsverletzungen wie Beleidigungen oder Propaganda gegen den Verfasser vorgehen zu k\u00f6nnen.<\/p>\n<p>Als Nutzer dieser Internetseite k\u00f6nnen Sie nach einer Anmeldung Kommentare abonnieren. Sie erhalten eine Best\u00e4tigungsemail, um zu pr\u00fcfen, ob Sie der Inhaber der angegebenen E-Mail-Adresse sind. Sie k\u00f6nnen diese Funktion jederzeit \u00fcber einen Link in den Info-Mails abbestellen.<\/p>\n<h2>Auskunft, L\u00f6schung, Sperrung<\/h2>\n<p>Sie haben jederzeit das Recht auf unentgeltliche Auskunft \u00fcber Ihre im Rahmen dieses Web-Angebotes gespeicherten personenbezogenen Daten, deren Herkunft und Empf\u00e4nger und den Zweck der Datenverarbeitung sowie ein Recht auf Berichtigung, Sperrung oder L\u00f6schung dieser Daten. Hierzu sowie zu weiteren Fragen zum Thema personenbezogene Daten k\u00f6nnen Sie sich jederzeit unter an die im Impressum angegebenen Adresse wenden.<\/p>\n<h2>\u00c4nderung der Datenschutzbestimmungen<\/h2>\n<p>Der Betreiber dieses Internet-Angebotes, also die Stadt Jena, hat jederzeit das Recht, diese Datenschutzbestimmungen unter Beachtung der geltenden gesetzlichen Datenschutzbestimmungen zu \u00e4ndern.<\/p>\n<h3>Weiterf\u00fchrende Links<\/h3>\n<p><a href=\"https:\/\/www.datenschutzzentrum.de\/artikel\/576-Hinweise-und-Empfehlungen-zur-Analyse-von-Internet-Angeboten-mit-Piwik.html\">Hinweise und Empfehlungen des ULD<\/a><br \/>\n<a href=\"https:\/\/www.datenschutz.de\/\">Virtuelles Datenschutzb\u00fcro<\/a><br \/>\n<a title=\"Th\u00fcrDSG\" href=\"https:\/\/www.tlfdi.de\/tlfdi\/\">Th\u00fcringer Datenschutzgesetz<\/a><br \/>\n<a title=\"BDSG\" href=\"http:\/\/www.gesetze-im-internet.de\/bdsg_1990\/\">Bundesdatenschutzgesetz<\/a><br \/>\n<a title=\"TMG\" href=\"http:\/\/www.buzer.de\/gesetz\/7616\/index.htm\">Telemediengesetz<\/a><\/p>\n","protected":false},"excerpt":{"rendered":"<p>Datenschutz Dieses Internet-Angebot wird von der Stadt Jena in \u00dcbereinstimmung mit den geltenden Gesetzen zum Datenschutz und zur Datensicherheit betrieben. Dabei unterliegt die&hellip;<\/p>\n","protected":false},"author":14,"featured_media":705,"parent":0,"menu_order":5,"comment_status":"open","ping_status":"closed","template":"","meta":{"footnotes":""},"class_list":["post-10","page","type-page","status-publish","has-post-thumbnail","hentry"],"_links":{"self":[{"href":"https:\/\/blog.jena.de\/beteiligung\/wp-json\/wp\/v2\/pages\/10","targetHints":{"allow":["GET"]}}],"collection":[{"href":"https:\/\/blog.jena.de\/beteiligung\/wp-json\/wp\/v2\/pages"}],"about":[{"href":"https:\/\/blog.jena.de\/beteiligung\/wp-json\/wp\/v2\/types\/page"}],"author":[{"embeddable":true,"href":"https:\/\/blog.jena.de\/beteiligung\/wp-json\/wp\/v2\/users\/14"}],"replies":[{"embeddable":true,"href":"https:\/\/blog.jena.de\/beteiligung\/wp-json\/wp\/v2\/comments?post=10"}],"version-history":[{"count":12,"href":"https:\/\/blog.jena.de\/beteiligung\/wp-json\/wp\/v2\/pages\/10\/revisions"}],"predecessor-version":[{"id":1005,"href":"https:\/\/blog.jena.de\/beteiligung\/wp-json\/wp\/v2\/pages\/10\/revisions\/1005"}],"wp:featuredmedia":[{"embeddable":true,"href":"https:\/\/blog.jena.de\/beteiligung\/wp-json\/wp\/v2\/media\/705"}],"wp:attachment":[{"href":"https:\/\/blog.jena.de\/beteiligung\/wp-json\/wp\/v2\/media?parent=10"}],"curies":[{"name":"wp","href":"https:\/\/api.w.org\/{rel}","templated":true}]}}