{"id":2275,"date":"2020-12-09T17:47:42","date_gmt":"2020-12-09T16:47:42","guid":{"rendered":"https:\/\/blog.jena.de\/15jahre-jenakultur\/?page_id=2275"},"modified":"2022-07-20T14:59:00","modified_gmt":"2022-07-20T12:59:00","slug":"die-jenaer-maerkte","status":"publish","type":"page","link":"https:\/\/blog.jena.de\/15jahre-jenakultur\/die-jenaer-maerkte\/","title":{"rendered":"Die Jenaer M\u00e4rkte"},"content":{"rendered":"<p>[et_pb_section fb_built=&#8220;1&#8243; module_class=&#8220;.centered { display: flex; align-items: center; flex-direction: row; flex-wrap: wrap; }&#8220; _builder_version=&#8220;4.7.5&#8243; _module_preset=&#8220;default&#8220; background_color=&#8220;#212121&#8243; custom_margin_tablet=&#8220;&#8220; custom_margin_phone=&#8220;0px||||false|false&#8220; custom_margin_last_edited=&#8220;on|phone&#8220; custom_padding=&#8220;10px||30px||false|false&#8220; bottom_divider_style=&#8220;asymmetric2&#8243; bottom_divider_color=&#8220;#ffb612&#8243; bottom_divider_height=&#8220;23px&#8220; da_disable_devices=&#8220;off|off|off&#8220; global_module=&#8220;2131&#8243; saved_tabs=&#8220;all&#8220; locked=&#8220;off&#8220; da_is_popup=&#8220;off&#8220; da_exit_intent=&#8220;off&#8220; da_has_close=&#8220;on&#8220; da_alt_close=&#8220;off&#8220; da_dark_close=&#8220;off&#8220; da_not_modal=&#8220;on&#8220; da_is_singular=&#8220;off&#8220; da_with_loader=&#8220;off&#8220; da_has_shadow=&#8220;on&#8220;][et_pb_row column_structure=&#8220;1_4,1_2,1_4&#8243; use_custom_gutter=&#8220;on&#8220; disabled_on=&#8220;off|off|off&#8220; _builder_version=&#8220;4.7.5&#8243; _module_preset=&#8220;default&#8220; width=&#8220;90%&#8220; max_width=&#8220;90%&#8220; custom_margin_tablet=&#8220;0px||||false|false&#8220; custom_margin_phone=&#8220;&#8220; custom_margin_last_edited=&#8220;on|phone&#8220; custom_padding=&#8220;0px||0px||false|false&#8220;][et_pb_column type=&#8220;1_4&#8243; _builder_version=&#8220;4.6.5&#8243; _module_preset=&#8220;default&#8220;][et_pb_image src=&#8220;https:\/\/blog.jena.de\/15jahre-jenakultur\/wp-content\/uploads\/sites\/28\/2020\/10\/15jahre-jenakultur-jk-logo-weiss.png&#8220; alt=&#8220;Logo von JenaKultur&#8220; title_text=&#8220;JenaKultur-Logo&#8220; url=&#8220;https:\/\/blog.jena.de\/15jahre-jenakultur\/&#8220; src_tablet=&#8220;https:\/\/blog.jena.de\/15jahre-jenakultur\/wp-content\/uploads\/sites\/28\/2020\/10\/15jahre-jenakultur-jk-logo-weiss-300&#215;64.png&#8220; src_phone=&#8220;https:\/\/blog.jena.de\/15jahre-jenakultur\/wp-content\/uploads\/sites\/28\/2020\/10\/15jahre-jenakultur-jk-logo-weiss-300&#215;64.png&#8220; src_last_edited=&#8220;on|phone&#8220; _builder_version=&#8220;4.7.5&#8243; _module_preset=&#8220;default&#8220; width=&#8220;75%&#8220; width_tablet=&#8220;&#8220; width_phone=&#8220;&#8220; width_last_edited=&#8220;on|tablet&#8220; max_width=&#8220;75%&#8220; max_width_tablet=&#8220;30%&#8220; max_width_phone=&#8220;40%&#8220; max_width_last_edited=&#8220;on|desktop&#8220; custom_margin=&#8220;10px||||false|false&#8220; custom_margin_tablet=&#8220;0px||10px||false|false&#8220; custom_margin_phone=&#8220;&#8220; custom_margin_last_edited=&#8220;on|tablet&#8220;][\/et_pb_image][\/et_pb_column][et_pb_column type=&#8220;1_2&#8243; _builder_version=&#8220;4.6.5&#8243; _module_preset=&#8220;default&#8220;][et_pb_text _builder_version=&#8220;4.9.7&#8243; _module_preset=&#8220;default&#8220; text_text_color=&#8220;#f6f8ff&#8220; header_font=&#8220;|300|||||||&#8220; header_text_align=&#8220;center&#8220; header_text_color=&#8220;#f6f8ff&#8220; header_font_size=&#8220;82px&#8220; header_letter_spacing=&#8220;7px&#8220; width=&#8220;100%&#8220; max_width=&#8220;100%&#8220; max_width_tablet=&#8220;&#8220; max_width_phone=&#8220;&#8220; max_width_last_edited=&#8220;on|tablet&#8220; custom_margin=&#8220;||20px||false|false&#8220; header_font_size_tablet=&#8220;60px&#8220; header_font_size_phone=&#8220;40px&#8220; header_font_size_last_edited=&#8220;on|tablet&#8220;]<\/p>\n<h1>JenaKulturStory<\/h1>\n<p>[\/et_pb_text][\/et_pb_column][et_pb_column type=&#8220;1_4&#8243; _builder_version=&#8220;4.6.5&#8243; _module_preset=&#8220;default&#8220;][et_pb_image src=&#8220;https:\/\/blog.jena.de\/15jahre-jenakultur\/wp-content\/uploads\/sites\/28\/2020\/10\/15jahre-jenakultur-logo-jena-labelversion-weiss-300&#215;26.png&#8220; alt=&#8220;Label der Jena Lichtstadt&#8220; title_text=&#8220;Jena Lichtstadt&#8220; url=&#8220;https:\/\/startseite.jena.de\/&#8220; url_new_window=&#8220;on&#8220; align=&#8220;right&#8220; _builder_version=&#8220;4.7.5&#8243; _module_preset=&#8220;default&#8220; width=&#8220;75%&#8220; max_width=&#8220;75%&#8220; max_width_tablet=&#8220;15%&#8220; max_width_phone=&#8220;25%&#8220; max_width_last_edited=&#8220;on|tablet&#8220; custom_margin=&#8220;15px||||false|false&#8220; custom_margin_tablet=&#8220;0px||||false|false&#8220; custom_margin_phone=&#8220;&#8220; custom_margin_last_edited=&#8220;on|tablet&#8220;][\/et_pb_image][\/et_pb_column][\/et_pb_row][\/et_pb_section][et_pb_section fb_built=&#8220;1&#8243; _builder_version=&#8220;4.7.4&#8243; _module_preset=&#8220;default&#8220; background_color=&#8220;#212121&#8243; da_disable_devices=&#8220;off|off|off&#8220; da_is_popup=&#8220;off&#8220; da_exit_intent=&#8220;off&#8220; da_has_close=&#8220;on&#8220; da_alt_close=&#8220;off&#8220; da_dark_close=&#8220;off&#8220; da_not_modal=&#8220;on&#8220; da_is_singular=&#8220;off&#8220; da_with_loader=&#8220;off&#8220; da_has_shadow=&#8220;on&#8220;][et_pb_row _builder_version=&#8220;4.7.4&#8243; _module_preset=&#8220;default&#8220; width=&#8220;95%&#8220;][et_pb_column type=&#8220;4_4&#8243; _builder_version=&#8220;4.7.4&#8243; _module_preset=&#8220;default&#8220;][et_pb_text _builder_version=&#8220;4.7.4&#8243; _module_preset=&#8220;default&#8220; header_2_font=&#8220;|300|||||||&#8220; header_2_text_align=&#8220;center&#8220; header_2_text_color=&#8220;#f6f8ff&#8220; header_2_font_size=&#8220;60px&#8220; header_2_letter_spacing=&#8220;1px&#8220; header_2_line_height=&#8220;0.8em&#8220; custom_margin=&#8220;50px||20px||false|false&#8220; header_2_font_size_tablet=&#8220;50px&#8220; header_2_font_size_phone=&#8220;35px&#8220; header_2_font_size_last_edited=&#8220;on|desktop&#8220; header_2_text_shadow_style=&#8220;preset5&#8243; header_2_text_shadow_horizontal_length=&#8220;0.04em&#8220; header_2_text_shadow_vertical_length=&#8220;0.06em&#8220; locked=&#8220;off&#8220;]<\/p>\n<h2>Die Jenaer M\u00e4rkte<\/h2>\n<p>[\/et_pb_text][et_pb_slider _builder_version=&#8220;4.9.7&#8243; _module_preset=&#8220;default&#8220; width=&#8220;75%&#8220; width_tablet=&#8220;90%&#8220; width_phone=&#8220;&#8220; width_last_edited=&#8220;on|phone&#8220; module_alignment=&#8220;center&#8220; hover_enabled=&#8220;0&#8243; body_font_size_tablet=&#8220;&#8220; body_font_size_phone=&#8220;15px&#8220; body_font_size_last_edited=&#8220;on|phone&#8220; body_line_height_tablet=&#8220;1.3em&#8220; body_line_height_phone=&#8220;1em&#8220; body_line_height_last_edited=&#8220;on|desktop&#8220; locked=&#8220;off&#8220; sticky_enabled=&#8220;0&#8243;][et_pb_slide heading=&#8220;Jenaer Fr\u00fchlingsmarkt &amp; Altstadtfest&#8220; url_new_window=&#8220;on&#8220; use_bg_overlay=&#8220;off&#8220; use_text_overlay=&#8220;on&#8220; text_overlay_color=&#8220;rgba(33,33,33,0.6)&#8220; text_border_radius=&#8220;3px&#8220; _builder_version=&#8220;4.6.5&#8243; _module_preset=&#8220;default&#8220; background_enable_color=&#8220;off&#8220; background_image=&#8220;https:\/\/blog.jena.de\/15jahre-jenakultur\/wp-content\/uploads\/sites\/28\/2020\/11\/15jahre-jenakultur-fruehlingsmarktjenakultur-cworsch-1.jpg&#8220; background_enable_image=&#8220;on&#8220; custom_button=&#8220;on&#8220; button_bg_color=&#8220;rgba(33,33,33,0.45)&#8220; width=&#8220;100%&#8220; locked=&#8220;off&#8220; sticky_transition=&#8220;on&#8220;]<\/p>\n<p>So finden jeweils im Mai der Jenaer <a href=\"https:\/\/www.jenakultur.de\/de\/maerkte_und_stadtfeste\/fruehlingsmarkt\/605600\" target=\"_blank\" rel=\"noopener noreferrer\" title=\"Zur Website des Fr\u00fchlingsmarkts\">Fr\u00fchlingsmarkt<\/a> und im September das Jenaer <a href=\"https:\/\/www.jenakultur.de\/de\/maerkte_und_stadtfeste\/altstadtfest\/605602\" target=\"_blank\" rel=\"noopener noreferrer\" title=\"Zur Website des Altstadtfests\">Altstadtfest<\/a> statt, bei denen sich der historische Marktplatz 10 Tage lang in eine bunte Aktionsfl\u00e4che verwandelt: Regionale und internationale Musiker, abwechslungsreiche Gastronomie und rasante Fahrgesch\u00e4fte sorgen f\u00fcr heitere Stimmung bei Gro\u00df und Klein.<\/p>\n<p>[\/et_pb_slide][et_pb_slide heading=&#8220;Th\u00fcringer Holzmarkt&#8220; url_new_window=&#8220;on&#8220; use_bg_overlay=&#8220;off&#8220; use_text_overlay=&#8220;on&#8220; text_overlay_color=&#8220;rgba(33,33,33,0.6)&#8220; _builder_version=&#8220;4.6.5&#8243; _module_preset=&#8220;default&#8220; background_enable_color=&#8220;off&#8220; background_image=&#8220;https:\/\/blog.jena.de\/15jahre-jenakultur\/wp-content\/uploads\/sites\/28\/2020\/11\/15jahre-jenakultur-thueringer-holzmarktjenakultur-cworsch-1.jpg&#8220; background_enable_image=&#8220;on&#8220; background_position=&#8220;bottom_center&#8220; custom_button=&#8220;on&#8220; button_bg_color=&#8220;rgba(33,33,33,0.45)&#8220; locked=&#8220;off&#8220; sticky_transition=&#8220;on&#8220;]<\/p>\n<p>Handwerk und Tradition spielen bei den Jenaer M\u00e4rkten eine gro\u00dfe Rolle. Im April verwandelt sich das Stadtzentrum zum <a href=\"https:\/\/www.jenakultur.de\/de\/maerkte_und_stadtfeste\/thueringer_holzmarkt\/605599\" target=\"_blank\" rel=\"noopener noreferrer\" title=\"Zur Website des Th\u00fcringer Holzmarkts\">Th\u00fcringer Holzmarkt<\/a> in eine riesige Aktionsfl\u00e4che f\u00fcr die ganze Familie \u2013 mit zahlreichen Vorf\u00fchrungen, Mitmachangeboten und Informationen rund um das Thema Holz.<\/p>\n<p>[\/et_pb_slide][et_pb_slide heading=&#8220;Jenaer T\u00f6pfermarkt&#8220; url_new_window=&#8220;on&#8220; use_bg_overlay=&#8220;off&#8220; use_text_overlay=&#8220;on&#8220; text_overlay_color=&#8220;rgba(33,33,33,0.6)&#8220; _builder_version=&#8220;4.9.7&#8243; _module_preset=&#8220;default&#8220; background_enable_color=&#8220;off&#8220; background_image=&#8220;https:\/\/blog.jena.de\/15jahre-jenakultur\/wp-content\/uploads\/sites\/28\/2020\/11\/15jahre-jenakultur-toepfermarktjenakultur-cworsch28-1.jpg&#8220; background_enable_image=&#8220;on&#8220; background_position=&#8220;bottom_center&#8220; custom_button=&#8220;on&#8220; button_bg_color=&#8220;rgba(33,33,33,0.45)&#8220; locked=&#8220;off&#8220; sticky_transition=&#8220;on&#8220;]<\/p>\n<p>Im Sommer gilt es dann, die <a href=\"https:\/\/www.jenakultur.de\/de\/maerkte_und_stadtfeste\/toepfermarkt\/605601\" target=\"_blank\" rel=\"noopener noreferrer\" title=\"Zur Website des Jenaer T\u00f6pfermarkts\">bunte Welt der Keramik<\/a> zu entdecken: Ca. 70 lokale, aber auch internationale T\u00f6pfer:innen pr\u00e4sentieren ihr Sortiment auf dem Jenaer Marktplatz und bieten einen Einblick in ihre Arbeit sowie die M\u00f6glichkeit, die verschiedenen kreativen Techniken selbst auszuprobieren.<\/p>\n<p>[\/et_pb_slide][et_pb_slide heading=&#8220;Jenaer Wochenmarkt&#8220; url_new_window=&#8220;on&#8220; use_bg_overlay=&#8220;off&#8220; use_text_overlay=&#8220;on&#8220; text_overlay_color=&#8220;rgba(33,33,33,0.6)&#8220; _builder_version=&#8220;4.9.7&#8243; _module_preset=&#8220;default&#8220; background_enable_color=&#8220;off&#8220; background_image=&#8220;https:\/\/blog.jena.de\/15jahre-jenakultur\/wp-content\/uploads\/sites\/28\/2020\/11\/15jahre-jenakultur-wochenmarkt2016jenakultur-chaecker-1.jpg&#8220; background_enable_image=&#8220;on&#8220; background_position=&#8220;top_center&#8220; custom_button=&#8220;on&#8220; button_bg_color=&#8220;rgba(33,33,33,0.45)&#8220; locked=&#8220;off&#8220; sticky_transition=&#8220;on&#8220;]<\/p>\n<p>Frische, regionale Produkte sind in der heutigen Zeit immer gefragter. Eine breite Auswahl von Obst und Gem\u00fcse, Fleisch- und Wurstwaren, Pflanzen und vielem mehr findet sich auf dem <a href=\"https:\/\/www.jenakultur.de\/de\/maerkte_und_stadtfeste\/wochenmarkt\/605604\" target=\"_blank\" rel=\"noopener noreferrer\" title=\"Zur Website des Jenaer Wochenmarkts\">Jenaer Wochenmarkt<\/a>. Besonders zu sch\u00e4tzen wissen Jenaer:innen und G\u00e4ste der Stadt die Herkunft, Qualit\u00e4t und Art der Beratung auf diesem gr\u00fcnen Markt, der w\u00f6chentlich an vier Tagen stattfindet.<\/p>\n<p>[\/et_pb_slide][et_pb_slide heading=&#8220;Jenaer Weihnachtsmarkt&#8220; url_new_window=&#8220;on&#8220; use_bg_overlay=&#8220;off&#8220; use_text_overlay=&#8220;on&#8220; text_overlay_color=&#8220;rgba(33,33,33,0.6)&#8220; _builder_version=&#8220;4.6.5&#8243; _module_preset=&#8220;default&#8220; background_enable_color=&#8220;off&#8220; background_image=&#8220;https:\/\/blog.jena.de\/15jahre-jenakultur\/wp-content\/uploads\/sites\/28\/2020\/11\/15jahre-jenakultur-weihnachtsmarktjenakultur-cworsch-1.jpg&#8220; background_enable_image=&#8220;on&#8220; background_position=&#8220;bottom_center&#8220; custom_button=&#8220;on&#8220; button_bg_color=&#8220;rgba(33,33,33,0.45)&#8220; locked=&#8220;off&#8220; sticky_transition=&#8220;on&#8220;]<\/p>\n<p>Auch in der Lichtstadt Jena ist die besinnliche Zeit des Jahres eine ganz besondere. So schm\u00fccken w\u00e4hrend des <a href=\"https:\/\/www.jenakultur.de\/de\/maerkte_und_stadtfeste\/weihnachtsmarkt\/605603\" target=\"_blank\" rel=\"noopener noreferrer\" title=\"Zur Website des Jenaer Weihnachtsmarktes\">Jenaer Weihnachtsmarktes<\/a> liebevoll dekorierte St\u00e4nde die Innenstadt, die Lieder der Turmbl\u00e4ser erklingen vom Rathausturm und der Duft von gebrannten Mandeln und anderen K\u00f6stlichkeiten durchzieht die Stra\u00dfen. An verschiedenen Orten sorgen kleine Programmpunkte f\u00fcr die richtige Weihnachtsstimmung.<\/p>\n<p>[\/et_pb_slide][et_pb_slide heading=&#8220;Jenaer Tr\u00f6delmarkt &amp; Bunter Markt&#8220; url_new_window=&#8220;on&#8220; use_bg_overlay=&#8220;off&#8220; use_text_overlay=&#8220;on&#8220; text_overlay_color=&#8220;rgba(33,33,33,0.6)&#8220; _builder_version=&#8220;4.6.5&#8243; _module_preset=&#8220;default&#8220; background_enable_color=&#8220;off&#8220; background_image=&#8220;https:\/\/blog.jena.de\/15jahre-jenakultur\/wp-content\/uploads\/sites\/28\/2020\/11\/15jahre-jenakultur-troedelmarkt2016jenakultur-chaecker-1.jpg&#8220; background_enable_image=&#8220;on&#8220; custom_button=&#8220;on&#8220; button_bg_color=&#8220;rgba(33,33,33,0.45)&#8220; locked=&#8220;off&#8220; sticky_transition=&#8220;on&#8220;]<\/p>\n<p>Doch die Produktpalette der Jenaer M\u00e4rkte reicht noch weiter: An regelm\u00e4\u00dfigen Terminen bietet der <a href=\"https:\/\/www.jenakultur.de\/de\/maerkte_und_stadtfeste\/troedel-_und_bunte_maerkte\/605605\" target=\"_blank\" rel=\"noopener noreferrer\" title=\"Zur Website des Jenaer Tr\u00f6delmarkts &amp; Bunter Markts\">Tr\u00f6delmarkt<\/a> ein Paradies f\u00fcr Freunde antiker B\u00fccher, alter M\u00f6bel und anderer gebrauchter Sch\u00e4tze. Der w\u00f6chentliche <a href=\"https:\/\/www.jenakultur.de\/de\/maerkte_und_stadtfeste\/troedel-_und_bunte_maerkte\/605605\" target=\"_blank\" rel=\"noopener noreferrer\" title=\"Zur Website des Jenaer Tr\u00f6delmarkts &amp; Bunter Markts\">Bunte Markt<\/a> mit seinem breiten Sortiment an Kleidung, Accessoires, Schuhen und mehr rundet das Angebot ab.<\/p>\n<p>[\/et_pb_slide][et_pb_slide heading=&#8220;Der Marktmeister: Oliver Klinke&#8220; url_new_window=&#8220;on&#8220; use_bg_overlay=&#8220;off&#8220; use_text_overlay=&#8220;on&#8220; text_overlay_color=&#8220;rgba(33,33,33,0.6)&#8220; _builder_version=&#8220;4.9.7&#8243; _module_preset=&#8220;default&#8220; background_enable_color=&#8220;off&#8220; background_image=&#8220;https:\/\/blog.jena.de\/15jahre-jenakultur\/wp-content\/uploads\/sites\/28\/2022\/07\/15jahre-jenakultur-oliverklinkejenakulturcworsch1.jpg&#8220; background_enable_image=&#8220;on&#8220; custom_button=&#8220;on&#8220; button_bg_color=&#8220;rgba(33,33,33,0.45)&#8220; hover_enabled=&#8220;0&#8243; locked=&#8220;off&#8220; sticky_transition=&#8220;on&#8220; title_text=&#8220;OliverKlinke\u00a9JenaKulturCWorsch+(1)&#8220; sticky_enabled=&#8220;0&#8243;][\/et_pb_slide][\/et_pb_slider][et_pb_text _builder_version=&#8220;4.7.4&#8243; _module_preset=&#8220;default&#8220; text_font_size=&#8220;15px&#8220; text_orientation=&#8220;center&#8220; background_layout=&#8220;dark&#8220; custom_margin=&#8220;||50px||false|false&#8220; text_font_size_tablet=&#8220;&#8220; text_font_size_phone=&#8220;13px&#8220; text_font_size_last_edited=&#8220;on|phone&#8220; locked=&#8220;off&#8220;]<\/p>\n<p>Zum Ansehen der Bilder die Pfeile links und rechts klicken.<br \/> \u00a9 Quelle: JenaKultur, Fotos: C. H\u00e4cker, C. Worsch<\/p>\n<p>[\/et_pb_text][\/et_pb_column][\/et_pb_row][\/et_pb_section]<\/p>\n","protected":false},"excerpt":{"rendered":"<p>JenaKulturStoryDie Jenaer M\u00e4rkteSo finden jeweils im Mai der Jenaer Fr\u00fchlingsmarkt und im September das Jenaer Altstadtfest statt, bei denen sich der historische Marktplatz 10 Tage lang in eine bunte Aktionsfl\u00e4che verwandelt: Regionale und internationale Musiker, abwechslungsreiche Gastronomie und rasante Fahrgesch\u00e4fte sorgen f\u00fcr heitere Stimmung bei Gro\u00df und Klein.Handwerk und Tradition spielen bei den Jenaer M\u00e4rkten [&hellip;]<\/p>\n","protected":false},"author":22,"featured_media":0,"parent":0,"menu_order":0,"comment_status":"closed","ping_status":"closed","template":"","meta":{"_et_pb_use_builder":"on","_et_pb_old_content":"<!-- wp:divi\/placeholder \/-->","_et_gb_content_width":"","footnotes":""},"class_list":["post-2275","page","type-page","status-publish","hentry"],"_links":{"self":[{"href":"https:\/\/blog.jena.de\/15jahre-jenakultur\/wp-json\/wp\/v2\/pages\/2275","targetHints":{"allow":["GET"]}}],"collection":[{"href":"https:\/\/blog.jena.de\/15jahre-jenakultur\/wp-json\/wp\/v2\/pages"}],"about":[{"href":"https:\/\/blog.jena.de\/15jahre-jenakultur\/wp-json\/wp\/v2\/types\/page"}],"author":[{"embeddable":true,"href":"https:\/\/blog.jena.de\/15jahre-jenakultur\/wp-json\/wp\/v2\/users\/22"}],"replies":[{"embeddable":true,"href":"https:\/\/blog.jena.de\/15jahre-jenakultur\/wp-json\/wp\/v2\/comments?post=2275"}],"version-history":[{"count":6,"href":"https:\/\/blog.jena.de\/15jahre-jenakultur\/wp-json\/wp\/v2\/pages\/2275\/revisions"}],"predecessor-version":[{"id":3435,"href":"https:\/\/blog.jena.de\/15jahre-jenakultur\/wp-json\/wp\/v2\/pages\/2275\/revisions\/3435"}],"wp:attachment":[{"href":"https:\/\/blog.jena.de\/15jahre-jenakultur\/wp-json\/wp\/v2\/media?parent=2275"}],"curies":[{"name":"wp","href":"https:\/\/api.w.org\/{rel}","templated":true}]}}