{"id":2269,"date":"2020-12-09T17:45:11","date_gmt":"2020-12-09T16:45:11","guid":{"rendered":"https:\/\/blog.jena.de\/15jahre-jenakultur\/?page_id=2269"},"modified":"2022-04-14T18:03:06","modified_gmt":"2022-04-14T16:03:06","slug":"veranstaltungshaeuser","status":"publish","type":"page","link":"https:\/\/blog.jena.de\/15jahre-jenakultur\/veranstaltungshaeuser\/","title":{"rendered":"Veranstaltungsh\u00e4user"},"content":{"rendered":"<p>[et_pb_section fb_built=&#8220;1&#8243; module_class=&#8220;.centered { display: flex; align-items: center; flex-direction: row; flex-wrap: wrap; }&#8220; _builder_version=&#8220;4.7.5&#8243; _module_preset=&#8220;default&#8220; background_color=&#8220;#212121&#8243; custom_margin_tablet=&#8220;&#8220; custom_margin_phone=&#8220;0px||||false|false&#8220; custom_margin_last_edited=&#8220;on|phone&#8220; custom_padding=&#8220;10px||30px||false|false&#8220; bottom_divider_style=&#8220;asymmetric2&#8243; bottom_divider_color=&#8220;#ffb612&#8243; bottom_divider_height=&#8220;23px&#8220; da_disable_devices=&#8220;off|off|off&#8220; global_module=&#8220;2131&#8243; saved_tabs=&#8220;all&#8220; locked=&#8220;off&#8220; da_is_popup=&#8220;off&#8220; da_exit_intent=&#8220;off&#8220; da_has_close=&#8220;on&#8220; da_alt_close=&#8220;off&#8220; da_dark_close=&#8220;off&#8220; da_not_modal=&#8220;on&#8220; da_is_singular=&#8220;off&#8220; da_with_loader=&#8220;off&#8220; da_has_shadow=&#8220;on&#8220;][et_pb_row column_structure=&#8220;1_4,1_2,1_4&#8243; use_custom_gutter=&#8220;on&#8220; disabled_on=&#8220;off|off|off&#8220; _builder_version=&#8220;4.7.5&#8243; _module_preset=&#8220;default&#8220; width=&#8220;90%&#8220; max_width=&#8220;90%&#8220; custom_margin_tablet=&#8220;0px||||false|false&#8220; custom_margin_phone=&#8220;&#8220; custom_margin_last_edited=&#8220;on|phone&#8220; custom_padding=&#8220;0px||0px||false|false&#8220;][et_pb_column type=&#8220;1_4&#8243; _builder_version=&#8220;4.6.5&#8243; _module_preset=&#8220;default&#8220;][et_pb_image src=&#8220;https:\/\/blog.jena.de\/15jahre-jenakultur\/wp-content\/uploads\/sites\/28\/2020\/10\/15jahre-jenakultur-jk-logo-weiss.png&#8220; alt=&#8220;Logo von JenaKultur&#8220; title_text=&#8220;JenaKultur-Logo&#8220; url=&#8220;https:\/\/blog.jena.de\/15jahre-jenakultur\/&#8220; src_tablet=&#8220;https:\/\/blog.jena.de\/15jahre-jenakultur\/wp-content\/uploads\/sites\/28\/2020\/10\/15jahre-jenakultur-jk-logo-weiss-300&#215;64.png&#8220; src_phone=&#8220;https:\/\/blog.jena.de\/15jahre-jenakultur\/wp-content\/uploads\/sites\/28\/2020\/10\/15jahre-jenakultur-jk-logo-weiss-300&#215;64.png&#8220; src_last_edited=&#8220;on|phone&#8220; _builder_version=&#8220;4.7.5&#8243; _module_preset=&#8220;default&#8220; width=&#8220;75%&#8220; width_tablet=&#8220;&#8220; width_phone=&#8220;&#8220; width_last_edited=&#8220;on|tablet&#8220; max_width=&#8220;75%&#8220; max_width_tablet=&#8220;30%&#8220; max_width_phone=&#8220;40%&#8220; max_width_last_edited=&#8220;on|desktop&#8220; custom_margin=&#8220;10px||||false|false&#8220; custom_margin_tablet=&#8220;0px||10px||false|false&#8220; custom_margin_phone=&#8220;&#8220; custom_margin_last_edited=&#8220;on|tablet&#8220;][\/et_pb_image][\/et_pb_column][et_pb_column type=&#8220;1_2&#8243; _builder_version=&#8220;4.6.5&#8243; _module_preset=&#8220;default&#8220;][et_pb_text _builder_version=&#8220;4.7.5&#8243; _module_preset=&#8220;default&#8220; text_text_color=&#8220;#f6f8ff&#8220; header_font=&#8220;|300|||||||&#8220; header_text_align=&#8220;center&#8220; header_text_color=&#8220;#f6f8ff&#8220; header_font_size=&#8220;82px&#8220; header_letter_spacing=&#8220;7px&#8220; width=&#8220;100%&#8220; max_width=&#8220;100%&#8220; max_width_tablet=&#8220;&#8220; max_width_phone=&#8220;&#8220; max_width_last_edited=&#8220;on|tablet&#8220; custom_margin=&#8220;||20px||false|false&#8220; header_font_size_tablet=&#8220;60px&#8220; header_font_size_phone=&#8220;40px&#8220; header_font_size_last_edited=&#8220;on|tablet&#8220;]<\/p>\n<h1>15 Jahre JenaKultur<\/h1>\n<p>[\/et_pb_text][\/et_pb_column][et_pb_column type=&#8220;1_4&#8243; _builder_version=&#8220;4.6.5&#8243; _module_preset=&#8220;default&#8220;][et_pb_image src=&#8220;https:\/\/blog.jena.de\/15jahre-jenakultur\/wp-content\/uploads\/sites\/28\/2020\/10\/15jahre-jenakultur-logo-jena-labelversion-weiss-300&#215;26.png&#8220; alt=&#8220;Label der Jena Lichtstadt&#8220; title_text=&#8220;Jena Lichtstadt&#8220; url=&#8220;https:\/\/startseite.jena.de\/&#8220; url_new_window=&#8220;on&#8220; align=&#8220;right&#8220; _builder_version=&#8220;4.7.5&#8243; _module_preset=&#8220;default&#8220; width=&#8220;75%&#8220; max_width=&#8220;75%&#8220; max_width_tablet=&#8220;15%&#8220; max_width_phone=&#8220;25%&#8220; max_width_last_edited=&#8220;on|tablet&#8220; custom_margin=&#8220;15px||||false|false&#8220; custom_margin_tablet=&#8220;0px||||false|false&#8220; custom_margin_phone=&#8220;&#8220; custom_margin_last_edited=&#8220;on|tablet&#8220;][\/et_pb_image][\/et_pb_column][\/et_pb_row][\/et_pb_section][et_pb_section fb_built=&#8220;1&#8243; custom_padding_last_edited=&#8220;on|phone&#8220; _builder_version=&#8220;4.7.5&#8243; _module_preset=&#8220;default&#8220; background_color=&#8220;#212121&#8243; custom_margin=&#8220;||||false|false&#8220; custom_padding=&#8220;||50px||false|false&#8220; custom_padding_tablet=&#8220;30px||50px||false|false&#8220; custom_padding_phone=&#8220;20px||||false|false&#8220; da_disable_devices=&#8220;off|off|off&#8220; da_is_popup=&#8220;off&#8220; da_exit_intent=&#8220;off&#8220; da_has_close=&#8220;on&#8220; da_alt_close=&#8220;off&#8220; da_dark_close=&#8220;off&#8220; da_not_modal=&#8220;on&#8220; da_is_singular=&#8220;off&#8220; da_with_loader=&#8220;off&#8220; da_has_shadow=&#8220;on&#8220;][et_pb_row custom_padding_last_edited=&#8220;on|tablet&#8220; _builder_version=&#8220;4.7.5&#8243; _module_preset=&#8220;default&#8220; width=&#8220;95%&#8220; custom_padding_tablet=&#8220;0px||||false|false&#8220; custom_padding_phone=&#8220;0px||||false|false&#8220;][et_pb_column type=&#8220;4_4&#8243; _builder_version=&#8220;4.7.4&#8243; _module_preset=&#8220;default&#8220;][et_pb_text _builder_version=&#8220;4.7.4&#8243; _module_preset=&#8220;default&#8220; header_2_font=&#8220;|300|||||||&#8220; header_2_text_align=&#8220;center&#8220; header_2_text_color=&#8220;#f6f8ff&#8220; header_2_font_size=&#8220;60px&#8220; header_2_letter_spacing=&#8220;1px&#8220; header_2_line_height=&#8220;0.8em&#8220; custom_margin=&#8220;50px||20px||false|false&#8220; custom_margin_tablet=&#8220;&#8220; custom_margin_phone=&#8220;20px||20px||false|false&#8220; custom_margin_last_edited=&#8220;on|phone&#8220; header_2_font_size_tablet=&#8220;50px&#8220; header_2_font_size_phone=&#8220;35px&#8220; header_2_font_size_last_edited=&#8220;on|desktop&#8220; header_2_text_shadow_style=&#8220;preset5&#8243; header_2_text_shadow_horizontal_length=&#8220;0.04em&#8220; header_2_text_shadow_vertical_length=&#8220;0.06em&#8220; locked=&#8220;off&#8220;]<\/p>\n<h2>Unsere Veranstaltungsh\u00e4user<\/h2>\n<p>[\/et_pb_text][et_pb_slider _builder_version=&#8220;4.9.7&#8243; _module_preset=&#8220;default&#8220; body_line_height=&#8220;1.1em&#8220; custom_button=&#8220;on&#8220; width=&#8220;100%&#8220; max_width=&#8220;75%&#8220; max_width_tablet=&#8220;90%&#8220; max_width_phone=&#8220;&#8220; max_width_last_edited=&#8220;on|phone&#8220; module_alignment=&#8220;center&#8220; custom_margin=&#8220;||10px||false|false&#8220; hover_enabled=&#8220;0&#8243; header_font_size_tablet=&#8220;&#8220; header_font_size_phone=&#8220;&#8220; header_font_size_last_edited=&#8220;on|phone&#8220; button_text_size_tablet=&#8220;&#8220; button_text_size_phone=&#8220;17px&#8220; button_text_size_last_edited=&#8220;on|phone&#8220; locked=&#8220;off&#8220; sticky_enabled=&#8220;0&#8243;][et_pb_slide heading=&#8220;Volksbad Jena&#8220; button_text=&#8220;Mehr zum Volksbad Jena&#8220; button_link=&#8220;https:\/\/www.volksbad-jena.de\/de\/startseite\/648524&#8243; url_new_window=&#8220;on&#8220; use_text_overlay=&#8220;on&#8220; text_overlay_color=&#8220;rgba(33,33,33,0.6)&#8220; _builder_version=&#8220;4.6.5&#8243; _module_preset=&#8220;default&#8220; background_enable_color=&#8220;off&#8220; background_image=&#8220;https:\/\/blog.jena.de\/15jahre-jenakultur\/wp-content\/uploads\/sites\/28\/2020\/11\/15jahre-jenakultur-volksbad-2016-quellejenakultur-fotochaecker62-1.jpg&#8220; background_enable_image=&#8220;on&#8220; custom_button=&#8220;on&#8220; button_bg_color=&#8220;rgba(33,33,33,0.6)&#8220; button_border_width=&#8220;0px&#8220; locked=&#8220;off&#8220; button_text_color__hover_enabled=&#8220;on|hover&#8220; button_text_color__hover=&#8220;#212121&#8243; button_bg_color__hover_enabled=&#8220;on|hover&#8220; button_bg_color__hover=&#8220;rgba(246,248,255,0.75)&#8220; button_bg_enable_color__hover=&#8220;on&#8220; sticky_transition=&#8220;on&#8220;]<\/p>\n<p>Nachdem im Jahr 2001 der Betrieb des 1909 eingeweihten historischen Schwimmbades endg\u00fcltig eingestellt worden war, suchte Jenas Stadtrat mehrere Jahre lang nach einer neuen Nutzung. Als das Volksbad Jena im Jahr 2003 vom Theaterhaus Jena w\u00e4hrend Sanierungsarbeiten der B\u00fchne als \u00dcbergangsspielst\u00e4tte genutzt werden musste, stellte sich umgehend die besondere Eignung der Badehalle f\u00fcr Veranstaltungen heraus.<\/p>\n<p>[\/et_pb_slide][et_pb_slide heading=&#8220;Volkshaus Jena&#8220; button_text=&#8220;Mehr zum Volkshaus Jena&#8220; button_link=&#8220;https:\/\/www.volkshaus-jena.de\/de\/startseite\/694140&#8243; url_new_window=&#8220;on&#8220; use_text_overlay=&#8220;on&#8220; text_overlay_color=&#8220;rgba(33,33,33,0.6)&#8220; _builder_version=&#8220;4.9.7&#8243; _module_preset=&#8220;default&#8220; background_enable_color=&#8220;off&#8220; background_image=&#8220;https:\/\/blog.jena.de\/15jahre-jenakultur\/wp-content\/uploads\/sites\/28\/2020\/11\/15jahre-jenakultur-volkshausjenaparadies-agraef-1.jpg&#8220; background_enable_image=&#8220;on&#8220; custom_button=&#8220;on&#8220; button_bg_color=&#8220;rgba(33,33,33,0.6)&#8220; button_border_width=&#8220;0px&#8220; hover_enabled=&#8220;0&#8243; locked=&#8220;off&#8220; button_text_color__hover_enabled=&#8220;on|hover&#8220; button_text_color__hover=&#8220;#212121&#8243; button_bg_color__hover_enabled=&#8220;on|hover&#8220; button_bg_color__hover=&#8220;rgba(246,248,255,0.75)&#8220; button_bg_enable_color__hover=&#8220;on&#8220; sticky_transition=&#8220;on&#8220; sticky_enabled=&#8220;0&#8243;]<\/p>\n<p>&#8222;Ein Haus f\u00fcr das Volk&#8220;: Bereits im Jahr 1903 \u00f6ffnete das eindrucksvolle Geb\u00e4ude seine T\u00fcren und steht seither, auf ausdr\u00fccklichen Wunsch Ernst Abbes, der breiten \u00d6ffentlichkeit zur Verf\u00fcgung. So diente es nicht nur der langj\u00e4hrigen Beherbergung der Ernst-Abbe-B\u00fccherei sowie der Jenaer Philharmonie, sondern auch f\u00fcr Veranstaltungen unterschiedlicher Genres. Ab 2022 wird das Volkshaus Jena nach umfangreicher Sanierung zudem als attraktives und modernes Kultur- und Kongresszentrum neu erstrahlen.<\/p>\n<p>[\/et_pb_slide][et_pb_slide heading=&#8220;Villa Rosenthal Jena&#8220; button_text=&#8220;Mehr zur Villa Rosenthal Jena&#8220; button_link=&#8220;https:\/\/www.villa-rosenthal-jena.de\/de\/startseite\/682774&#8243; url_new_window=&#8220;on&#8220; use_text_overlay=&#8220;on&#8220; text_overlay_color=&#8220;rgba(33,33,33,0.6)&#8220; _builder_version=&#8220;4.7.5&#8243; _module_preset=&#8220;default&#8220; background_enable_color=&#8220;off&#8220; background_image=&#8220;https:\/\/blog.jena.de\/15jahre-jenakultur\/wp-content\/uploads\/sites\/28\/2020\/11\/15jahre-jenakultur-villarosenthalstadtjena-jhauspurg-1.jpg&#8220; background_enable_image=&#8220;on&#8220; custom_button=&#8220;on&#8220; button_bg_color=&#8220;rgba(33,33,33,0.6)&#8220; button_border_width=&#8220;0px&#8220; locked=&#8220;off&#8220; button_text_color__hover_enabled=&#8220;on|hover&#8220; button_text_color__hover=&#8220;#212121&#8243; button_bg_color__hover_enabled=&#8220;on|hover&#8220; button_bg_color__hover=&#8220;rgba(246,248,255,0.75)&#8220; button_bg_enable_color__hover=&#8220;on&#8220; sticky_transition=&#8220;on&#8220;]<\/p>\n<p>Das ehemalige Wohnhaus von Eduard und Clara Rosenthal weist zugleich eine pr\u00e4chtige, gro\u00dfb\u00fcrgerliche Atmosph\u00e4re und eine \u00e4u\u00dferst bewegende Geschichte auf. Seit dem Jahr 1886 war Rosenthal Professor f\u00fcr Deutsche Rechtsgeschichte und \u00d6ffentliches Recht sowie zweimalig Rektor an der Jenaer Universit\u00e4t. <a href=\"https:\/\/www.eduard-rosenthal.de\/de\/startseite\/879167\" target=\"_blank\" rel=\"noopener noreferrer\" title=\"Mehr \u00fcber Eduard Rosenthal erfahren\">Rosenthal<\/a> gilt als Vater der ersten Th\u00fcringer Landesverfassung, die 1920 in Kraft trat. Im gleichen Jahr wurde dem hochgeachteten, j\u00fcdischen Mitglied der Jenaer Oberschicht die Ehrenb\u00fcrgerw\u00fcrde der Stadt verliehen. Nach seinem Tod 1926 lebte seine Frau Clara weiter in der Villa, wo sie sich aufgrund der Tyrannei der Nationalsozialisten 1941 das Leben nahm.<\/p>\n<p>[\/et_pb_slide][et_pb_slide heading=&#8220;Stadtteilzentrum LISA&#8220; button_text=&#8220;Mehr zum Stadtteilzentrum LISA&#8220; button_link=&#8220;https:\/\/www.lisa-jena.de\/de\/startseite\/662242&#8243; url_new_window=&#8220;on&#8220; use_text_overlay=&#8220;on&#8220; text_overlay_color=&#8220;rgba(33,33,33,0.6)&#8220; _builder_version=&#8220;4.6.5&#8243; _module_preset=&#8220;default&#8220; background_enable_color=&#8220;off&#8220; background_image=&#8220;https:\/\/blog.jena.de\/15jahre-jenakultur\/wp-content\/uploads\/sites\/28\/2020\/11\/15jahre-jenakultur-lisajenakultur-cworsch-1.jpg&#8220; background_enable_image=&#8220;on&#8220; custom_button=&#8220;on&#8220; button_bg_color=&#8220;rgba(33,33,33,0.6)&#8220; button_border_width=&#8220;0px&#8220; locked=&#8220;off&#8220; button_text_color__hover_enabled=&#8220;on|hover&#8220; button_text_color__hover=&#8220;#212121&#8243; button_bg_color__hover_enabled=&#8220;on|hover&#8220; button_bg_color__hover=&#8220;rgba(246,248,255,0.75)&#8220; button_bg_enable_color__hover=&#8220;on&#8220; sticky_transition=&#8220;on&#8220;]<\/p>\n<p>Seit \u00fcber 20 Jahren ist das Lobedaer Informations-, Spa\u00df- und Aktionszentrum nicht nur ein vielf\u00e4ltiger Veranstaltungsort, sondern auch Treffpunkt engagierter Vereine und ein Ort der interkulturellen Begegnung im Wohngebiet.<\/p>\n<p>[\/et_pb_slide][et_pb_slide heading=&#8220;Historisches Rathaus&#8220; button_text=&#8220;Mehr zum Historischen Rathaus&#8220; button_link=&#8220;https:\/\/www.jenaconvention.de\/location\/historische-rathaus\/&#8220; url_new_window=&#8220;on&#8220; use_text_overlay=&#8220;on&#8220; text_overlay_color=&#8220;rgba(33,33,33,0.6)&#8220; _builder_version=&#8220;4.6.5&#8243; _module_preset=&#8220;default&#8220; background_enable_color=&#8220;off&#8220; background_image=&#8220;https:\/\/blog.jena.de\/15jahre-jenakultur\/wp-content\/uploads\/sites\/28\/2020\/11\/15jahre-jenakultur-rathausjenakultur-jenaparadies-1.jpg&#8220; background_enable_image=&#8220;on&#8220; custom_button=&#8220;on&#8220; button_bg_color=&#8220;rgba(33,33,33,0.6)&#8220; button_border_width=&#8220;0px&#8220; locked=&#8220;off&#8220; button_text_color__hover_enabled=&#8220;on|hover&#8220; button_text_color__hover=&#8220;#212121&#8243; button_bg_color__hover_enabled=&#8220;on|hover&#8220; button_bg_color__hover=&#8220;rgba(246,248,255,0.75)&#8220; button_bg_enable_color__hover=&#8220;on&#8220; sticky_transition=&#8220;on&#8220;]<\/p>\n<p>Seit dem Jahr 2009 sind zudem Veranstaltungen im Historischen Rathaus Teil des Portfolios von JenaKultur \u2013 einem der \u00e4ltesten erhaltenen Rathausgeb\u00e4ude Deutschlands. Die R\u00e4umlichkeiten bieten heute Platz und Ausstattung f\u00fcr bis zu 200 Personen. Im geschichtstr\u00e4chtigen Ambiente sind hier auch gelegentlich Konzerte, Lesungen und Ausstellungen zu erleben.<\/p>\n<p>[\/et_pb_slide][\/et_pb_slider][et_pb_text _builder_version=&#8220;4.6.5&#8243; _module_preset=&#8220;default&#8220; text_font_size=&#8220;15px&#8220; text_orientation=&#8220;center&#8220; background_layout=&#8220;dark&#8220; max_width=&#8220;55%&#8220; max_width_tablet=&#8220;80%&#8220; max_width_phone=&#8220;80%&#8220; max_width_last_edited=&#8220;on|desktop&#8220; module_alignment=&#8220;center&#8220; custom_margin=&#8220;||50px||false|false&#8220; text_font_size_tablet=&#8220;&#8220; text_font_size_phone=&#8220;13px&#8220; text_font_size_last_edited=&#8220;on|phone&#8220; locked=&#8220;off&#8220;]<\/p>\n<p>Zum Ansehen der Bilder die Pfeile links und rechts klicken.<br \/> \u00a9 Quelle: JenaKultur\/Stadt Jena, Fotos: C. H\u00e4cker, J. Hauspurg, Jenaparadies\/A. Gr\u00e4f, C. Worsch<\/p>\n<p>[\/et_pb_text][\/et_pb_column][\/et_pb_row][\/et_pb_section]<\/p>\n","protected":false},"excerpt":{"rendered":"<p>15 Jahre JenaKulturUnsere Veranstaltungsh\u00e4userNachdem im Jahr 2001 der Betrieb des 1909 eingeweihten historischen Schwimmbades endg\u00fcltig eingestellt worden war, suchte Jenas Stadtrat mehrere Jahre lang nach einer neuen Nutzung. Als das Volksbad Jena im Jahr 2003 vom Theaterhaus Jena w\u00e4hrend Sanierungsarbeiten der B\u00fchne als \u00dcbergangsspielst\u00e4tte genutzt werden musste, stellte sich umgehend die besondere Eignung der Badehalle [&hellip;]<\/p>\n","protected":false},"author":22,"featured_media":0,"parent":0,"menu_order":0,"comment_status":"closed","ping_status":"closed","template":"","meta":{"_et_pb_use_builder":"on","_et_pb_old_content":"","_et_gb_content_width":"","footnotes":""},"class_list":["post-2269","page","type-page","status-publish","hentry"],"_links":{"self":[{"href":"https:\/\/blog.jena.de\/15jahre-jenakultur\/wp-json\/wp\/v2\/pages\/2269","targetHints":{"allow":["GET"]}}],"collection":[{"href":"https:\/\/blog.jena.de\/15jahre-jenakultur\/wp-json\/wp\/v2\/pages"}],"about":[{"href":"https:\/\/blog.jena.de\/15jahre-jenakultur\/wp-json\/wp\/v2\/types\/page"}],"author":[{"embeddable":true,"href":"https:\/\/blog.jena.de\/15jahre-jenakultur\/wp-json\/wp\/v2\/users\/22"}],"replies":[{"embeddable":true,"href":"https:\/\/blog.jena.de\/15jahre-jenakultur\/wp-json\/wp\/v2\/comments?post=2269"}],"version-history":[{"count":5,"href":"https:\/\/blog.jena.de\/15jahre-jenakultur\/wp-json\/wp\/v2\/pages\/2269\/revisions"}],"predecessor-version":[{"id":3384,"href":"https:\/\/blog.jena.de\/15jahre-jenakultur\/wp-json\/wp\/v2\/pages\/2269\/revisions\/3384"}],"wp:attachment":[{"href":"https:\/\/blog.jena.de\/15jahre-jenakultur\/wp-json\/wp\/v2\/media?parent=2269"}],"curies":[{"name":"wp","href":"https:\/\/api.w.org\/{rel}","templated":true}]}}