{"id":2219,"date":"2020-12-08T16:43:22","date_gmt":"2020-12-08T15:43:22","guid":{"rendered":"https:\/\/blog.jena.de\/15jahre-jenakultur\/?page_id=2219"},"modified":"2020-12-15T10:39:50","modified_gmt":"2020-12-15T09:39:50","slug":"stadt-der-wissenschaft","status":"publish","type":"page","link":"https:\/\/blog.jena.de\/15jahre-jenakultur\/stadt-der-wissenschaft\/","title":{"rendered":"Stadt der Wissenschaft"},"content":{"rendered":"<p>[et_pb_section fb_built=&#8220;1&#8243; admin_label=&#8220;Popup &#8211; #undefined&#8220; module_class=&#8220;.centered { display: flex; align-items: center; flex-direction: row; flex-wrap: wrap; }&#8220; _builder_version=&#8220;4.7.5&#8243; _module_preset=&#8220;default&#8220; background_color=&#8220;#212121&#8243; custom_margin_phone=&#8220;0px||||false|false&#8220; custom_margin_last_edited=&#8220;on|phone&#8220; custom_padding=&#8220;10px||30px||false|false&#8220; bottom_divider_style=&#8220;asymmetric2&#8243; bottom_divider_color=&#8220;#ffb612&#8243; bottom_divider_height=&#8220;23px&#8220; da_disable_devices=&#8220;off|off|off&#8220; global_module=&#8220;2131&#8243; saved_tabs=&#8220;all&#8220; locked=&#8220;off&#8220; da_is_popup=&#8220;off&#8220; da_exit_intent=&#8220;off&#8220; da_has_close=&#8220;on&#8220; da_alt_close=&#8220;off&#8220; da_dark_close=&#8220;off&#8220; da_not_modal=&#8220;on&#8220; da_is_singular=&#8220;off&#8220; da_with_loader=&#8220;off&#8220; da_has_shadow=&#8220;on&#8220;][et_pb_row column_structure=&#8220;1_4,1_2,1_4&#8243; use_custom_gutter=&#8220;on&#8220; disabled_on=&#8220;off|off|off&#8220; _builder_version=&#8220;4.7.5&#8243; _module_preset=&#8220;default&#8220; width=&#8220;90%&#8220; max_width=&#8220;90%&#8220; custom_margin_tablet=&#8220;0px||||false|false&#8220; custom_margin_phone=&#8220;&#8220; custom_margin_last_edited=&#8220;on|phone&#8220; custom_padding=&#8220;0px||0px||false|false&#8220;][et_pb_column type=&#8220;1_4&#8243; _builder_version=&#8220;4.6.5&#8243; _module_preset=&#8220;default&#8220;][et_pb_image src=&#8220;https:\/\/blog.jena.de\/15jahre-jenakultur\/wp-content\/uploads\/sites\/28\/2020\/10\/15jahre-jenakultur-jk-logo-weiss.png&#8220; alt=&#8220;Logo von JenaKultur&#8220; title_text=&#8220;JenaKultur-Logo&#8220; url=&#8220;https:\/\/blog.jena.de\/15jahre-jenakultur\/&#8220; src_tablet=&#8220;https:\/\/blog.jena.de\/15jahre-jenakultur\/wp-content\/uploads\/sites\/28\/2020\/10\/15jahre-jenakultur-jk-logo-weiss-300&#215;64.png&#8220; src_phone=&#8220;https:\/\/blog.jena.de\/15jahre-jenakultur\/wp-content\/uploads\/sites\/28\/2020\/10\/15jahre-jenakultur-jk-logo-weiss-300&#215;64.png&#8220; src_last_edited=&#8220;on|phone&#8220; _builder_version=&#8220;4.7.5&#8243; _module_preset=&#8220;default&#8220; width=&#8220;75%&#8220; width_tablet=&#8220;&#8220; width_phone=&#8220;&#8220; width_last_edited=&#8220;on|tablet&#8220; max_width=&#8220;75%&#8220; max_width_tablet=&#8220;30%&#8220; max_width_phone=&#8220;40%&#8220; max_width_last_edited=&#8220;on|desktop&#8220; custom_margin=&#8220;10px||||false|false&#8220; custom_margin_tablet=&#8220;0px||10px||false|false&#8220; custom_margin_phone=&#8220;&#8220; custom_margin_last_edited=&#8220;on|tablet&#8220;][\/et_pb_image][\/et_pb_column][et_pb_column type=&#8220;1_2&#8243; _builder_version=&#8220;4.6.5&#8243; _module_preset=&#8220;default&#8220;][et_pb_text _builder_version=&#8220;4.7.5&#8243; _module_preset=&#8220;default&#8220; text_text_color=&#8220;#f6f8ff&#8220; header_font=&#8220;|300|||||||&#8220; header_text_align=&#8220;center&#8220; header_text_color=&#8220;#f6f8ff&#8220; header_font_size=&#8220;82px&#8220; header_letter_spacing=&#8220;7px&#8220; width=&#8220;100%&#8220; max_width=&#8220;100%&#8220; max_width_tablet=&#8220;&#8220; max_width_phone=&#8220;&#8220; max_width_last_edited=&#8220;on|tablet&#8220; custom_margin=&#8220;||20px||false|false&#8220; header_font_size_tablet=&#8220;60px&#8220; header_font_size_phone=&#8220;40px&#8220; header_font_size_last_edited=&#8220;on|tablet&#8220;]<\/p>\n<h1>15 Jahre JenaKultur<\/h1>\n<p>[\/et_pb_text][\/et_pb_column][et_pb_column type=&#8220;1_4&#8243; _builder_version=&#8220;4.6.5&#8243; _module_preset=&#8220;default&#8220;][et_pb_image src=&#8220;https:\/\/blog.jena.de\/15jahre-jenakultur\/wp-content\/uploads\/sites\/28\/2020\/10\/15jahre-jenakultur-logo-jena-labelversion-weiss-300&#215;26.png&#8220; alt=&#8220;Label der Jena Lichtstadt&#8220; title_text=&#8220;Jena Lichtstadt&#8220; url=&#8220;https:\/\/startseite.jena.de\/&#8220; url_new_window=&#8220;on&#8220; align=&#8220;right&#8220; _builder_version=&#8220;4.7.5&#8243; _module_preset=&#8220;default&#8220; width=&#8220;75%&#8220; max_width=&#8220;75%&#8220; max_width_tablet=&#8220;15%&#8220; max_width_phone=&#8220;25%&#8220; max_width_last_edited=&#8220;on|tablet&#8220; custom_margin=&#8220;15px||||false|false&#8220; custom_margin_tablet=&#8220;0px||||false|false&#8220; custom_margin_phone=&#8220;&#8220; custom_margin_last_edited=&#8220;on|tablet&#8220;][\/et_pb_image][\/et_pb_column][\/et_pb_row][\/et_pb_section][et_pb_section fb_built=&#8220;1&#8243; admin_label=&#8220;Popup &#8211; #undefined&#8220; _builder_version=&#8220;4.7.4&#8243; _module_preset=&#8220;default&#8220; background_color=&#8220;#212121&#8243; da_disable_devices=&#8220;off|off|off&#8220; da_is_popup=&#8220;off&#8220; da_exit_intent=&#8220;off&#8220; da_has_close=&#8220;on&#8220; da_alt_close=&#8220;off&#8220; da_dark_close=&#8220;off&#8220; da_not_modal=&#8220;on&#8220; da_is_singular=&#8220;off&#8220; da_with_loader=&#8220;off&#8220; da_has_shadow=&#8220;on&#8220;][et_pb_row _builder_version=&#8220;4.7.5&#8243; _module_preset=&#8220;default&#8220; width=&#8220;95%&#8220; hover_enabled=&#8220;0&#8243; custom_padding_last_edited=&#8220;on|tablet&#8220; custom_padding_phone=&#8220;0px||||false|false&#8220; sticky_enabled=&#8220;0&#8243; custom_padding_tablet=&#8220;0px||||false|false&#8220;][et_pb_column type=&#8220;4_4&#8243; _builder_version=&#8220;4.7.4&#8243; _module_preset=&#8220;default&#8220;][et_pb_text _builder_version=&#8220;4.7.4&#8243; _module_preset=&#8220;default&#8220; header_2_font=&#8220;|300|||||||&#8220; header_2_text_align=&#8220;center&#8220; header_2_text_color=&#8220;#f6f8ff&#8220; header_2_font_size=&#8220;60px&#8220; header_2_letter_spacing=&#8220;1px&#8220; header_2_line_height=&#8220;0.8em&#8220; custom_margin=&#8220;50px||20px||false|false&#8220; header_2_font_size_tablet=&#8220;50px&#8220; header_2_font_size_phone=&#8220;35px&#8220; header_2_font_size_last_edited=&#8220;on|desktop&#8220; header_2_text_shadow_style=&#8220;preset5&#8243; header_2_text_shadow_horizontal_length=&#8220;0.04em&#8220; header_2_text_shadow_vertical_length=&#8220;0.06em&#8220; locked=&#8220;off&#8220; custom_margin_phone=&#8220;20px||20px||false|false&#8220; custom_margin_last_edited=&#8220;on|phone&#8220;]<\/p>\n<h2>Stadt der Wissenschaft<\/h2>\n<p>[\/et_pb_text][et_pb_slider _builder_version=&#8220;4.7.5&#8243; _module_preset=&#8220;default&#8220; width=&#8220;100%&#8220; module_alignment=&#8220;center&#8220; min_height=&#8220;600px&#8220; min_height_tablet=&#8220;400px&#8220; min_height_phone=&#8220;200px&#8220; min_height_last_edited=&#8220;on|phone&#8220; hover_enabled=&#8220;0&#8243; locked=&#8220;off&#8220; max_width_last_edited=&#8220;on|phone&#8220; max_width=&#8220;75%&#8220; sticky_enabled=&#8220;0&#8243; max_width_tablet=&#8220;90%&#8220;][et_pb_slide url_new_window=&#8220;on&#8220; use_text_overlay=&#8220;off&#8220; _builder_version=&#8220;4.7.4&#8243; _module_preset=&#8220;default&#8220; background_enable_color=&#8220;off&#8220; background_image=&#8220;https:\/\/blog.jena.de\/15jahre-jenakultur\/wp-content\/uploads\/sites\/28\/2020\/11\/15jahre-jenakultur-sdw2008-jenakultur-sreuter2.jpg&#8220; background_enable_image=&#8220;on&#8220; custom_button=&#8220;on&#8220; button_bg_color=&#8220;rgba(33,33,33,0.75)&#8220; locked=&#8220;off&#8220; sticky_transition=&#8220;on&#8220;][\/et_pb_slide][et_pb_slide _builder_version=&#8220;4.6.5&#8243; _module_preset=&#8220;default&#8220; background_enable_color=&#8220;off&#8220; background_image=&#8220;https:\/\/blog.jena.de\/15jahre-jenakultur\/wp-content\/uploads\/sites\/28\/2020\/11\/15jahre-jenakultur-jenatueffteltinkarodigast-1-1.jpg&#8220; background_enable_image=&#8220;on&#8220; locked=&#8220;off&#8220; sticky_transition=&#8220;on&#8220;][\/et_pb_slide][et_pb_slide _builder_version=&#8220;4.6.5&#8243; _module_preset=&#8220;default&#8220; background_enable_color=&#8220;off&#8220; background_image=&#8220;https:\/\/blog.jena.de\/15jahre-jenakultur\/wp-content\/uploads\/sites\/28\/2020\/11\/15jahre-jenakultur-jenatueffteltinkarodigast-2-1.jpg&#8220; background_enable_image=&#8220;on&#8220; locked=&#8220;off&#8220; sticky_transition=&#8220;on&#8220;][\/et_pb_slide][et_pb_slide _builder_version=&#8220;4.6.5&#8243; _module_preset=&#8220;default&#8220; background_enable_color=&#8220;off&#8220; background_image=&#8220;https:\/\/blog.jena.de\/15jahre-jenakultur\/wp-content\/uploads\/sites\/28\/2020\/11\/15jahre-jenakultur-luce.dertonderfarbenrosalie-1.jpg&#8220; background_enable_image=&#8220;on&#8220; locked=&#8220;off&#8220; sticky_transition=&#8220;on&#8220;][\/et_pb_slide][et_pb_slide _builder_version=&#8220;4.6.5&#8243; _module_preset=&#8220;default&#8220; background_enable_color=&#8220;off&#8220; background_image=&#8220;https:\/\/blog.jena.de\/15jahre-jenakultur\/wp-content\/uploads\/sites\/28\/2020\/11\/15jahre-jenakultur-queenklassiknightthiloschumann-4-1.jpg&#8220; background_enable_image=&#8220;on&#8220; locked=&#8220;off&#8220; sticky_transition=&#8220;on&#8220;][\/et_pb_slide][et_pb_slide _builder_version=&#8220;4.6.5&#8243; _module_preset=&#8220;default&#8220; background_enable_color=&#8220;off&#8220; background_image=&#8220;https:\/\/blog.jena.de\/15jahre-jenakultur\/wp-content\/uploads\/sites\/28\/2020\/11\/15jahre-jenakultur-queenklassiknightthiloschumann-8-2.jpg&#8220; background_enable_image=&#8220;on&#8220; background_position=&#8220;top_center&#8220; locked=&#8220;off&#8220; sticky_transition=&#8220;on&#8220;][\/et_pb_slide][et_pb_slide _builder_version=&#8220;4.6.5&#8243; _module_preset=&#8220;default&#8220; background_enable_color=&#8220;off&#8220; background_image=&#8220;https:\/\/blog.jena.de\/15jahre-jenakultur\/wp-content\/uploads\/sites\/28\/2020\/11\/15jahre-jenakultur-queenklassiknight-thiloschumann.jpg&#8220; background_enable_image=&#8220;on&#8220; locked=&#8220;off&#8220; sticky_transition=&#8220;on&#8220;][\/et_pb_slide][et_pb_slide _builder_version=&#8220;4.6.5&#8243; _module_preset=&#8220;default&#8220; background_enable_color=&#8220;off&#8220; background_image=&#8220;https:\/\/blog.jena.de\/15jahre-jenakultur\/wp-content\/uploads\/sites\/28\/2020\/11\/15jahre-jenakultur-queenklassiknightthiloschumann-20.jpg&#8220; background_enable_image=&#8220;on&#8220; locked=&#8220;off&#8220; sticky_transition=&#8220;on&#8220;][\/et_pb_slide][et_pb_slide _builder_version=&#8220;4.6.5&#8243; _module_preset=&#8220;default&#8220; background_enable_color=&#8220;off&#8220; background_image=&#8220;https:\/\/blog.jena.de\/15jahre-jenakultur\/wp-content\/uploads\/sites\/28\/2020\/11\/15jahre-jenakultur-sdw2008-jena-leuchtet-jenakultur-sreuter-118.jpg&#8220; background_enable_image=&#8220;on&#8220; locked=&#8220;off&#8220; sticky_transition=&#8220;on&#8220;][\/et_pb_slide][et_pb_slide _builder_version=&#8220;4.6.5&#8243; _module_preset=&#8220;default&#8220; background_enable_color=&#8220;off&#8220; background_image=&#8220;https:\/\/blog.jena.de\/15jahre-jenakultur\/wp-content\/uploads\/sites\/28\/2020\/11\/15jahre-jenakultur-sdw2008-jenakultur-sreuter3.jpg&#8220; background_enable_image=&#8220;on&#8220; background_position=&#8220;top_center&#8220; locked=&#8220;off&#8220; sticky_transition=&#8220;on&#8220;][\/et_pb_slide][et_pb_slide _builder_version=&#8220;4.6.5&#8243; _module_preset=&#8220;default&#8220; background_enable_color=&#8220;off&#8220; background_image=&#8220;https:\/\/blog.jena.de\/15jahre-jenakultur\/wp-content\/uploads\/sites\/28\/2020\/11\/15jahre-jenakultur-sdw2008-jena-leuchtet-jenakultur-sreuter-77.jpg&#8220; background_enable_image=&#8220;on&#8220; background_position=&#8220;top_center&#8220; locked=&#8220;off&#8220; sticky_transition=&#8220;on&#8220;][\/et_pb_slide][et_pb_slide _builder_version=&#8220;4.6.5&#8243; _module_preset=&#8220;default&#8220; background_enable_color=&#8220;off&#8220; background_image=&#8220;https:\/\/blog.jena.de\/15jahre-jenakultur\/wp-content\/uploads\/sites\/28\/2020\/11\/15jahre-jenakultur-st-der-w-2008-5817stifterverband-davidausserhofer-4.jpg&#8220; background_enable_image=&#8220;on&#8220; background_position=&#8220;top_center&#8220; locked=&#8220;off&#8220; sticky_transition=&#8220;on&#8220;][\/et_pb_slide][\/et_pb_slider][et_pb_text _builder_version=&#8220;4.6.5&#8243; _module_preset=&#8220;default&#8220; text_font_size=&#8220;15px&#8220; text_orientation=&#8220;center&#8220; background_layout=&#8220;dark&#8220; locked=&#8220;off&#8220; text_font_size_phone=&#8220;13px&#8220; text_font_size_last_edited=&#8220;on|phone&#8220; custom_margin=&#8220;||50px||false|false&#8220; module_alignment=&#8220;center&#8220; max_width=&#8220;55%&#8220; max_width_tablet=&#8220;80%&#8220; max_width_phone=&#8220;80%&#8220; max_width_last_edited=&#8220;on|desktop&#8220;]<\/p>\n<p>Zum Ansehen der Bilder die Pfeile links und rechts klicken.<br \/> \u00a9 Quelle: JenaKultur, Fotos:\u00a0D. Ausserhofer, W.-D. Gericke, S. Reuter,\u00a0I. Rodigast, T. Schumann<\/p>\n<p>[\/et_pb_text][et_pb_text _builder_version=&#8220;4.7.4&#8243; _module_preset=&#8220;default&#8220; background_layout=&#8220;dark&#8220; width=&#8220;50%&#8220; module_alignment=&#8220;center&#8220; custom_margin=&#8220;50px||||false|false&#8220; locked=&#8220;off&#8220; header_3_font_size=&#8220;24px&#8220; header_4_font=&#8220;|300|||||||&#8220; header_4_font_size=&#8220;25px&#8220; width_tablet=&#8220;90%&#8220; width_last_edited=&#8220;on|phone&#8220; max_width=&#8220;85%&#8220; custom_margin_phone=&#8220;20px||||false|false&#8220; custom_margin_last_edited=&#8220;on|phone&#8220; custom_padding=&#8220;||||false|false&#8220; header_3_font=&#8220;||||||||&#8220; text_font_size_phone=&#8220;15px&#8220; text_font_size_last_edited=&#8220;on|phone&#8220;]<\/p>\n<p>Die Auszeichnung als \u201eStadt der Wissenschaft\u201c ist vor allem ein enormer Erfolg f\u00fcr das Stadtmarketing. Nicht zuletzt durch die finanziellen Sondermittel des Gro\u00dfprojekts wird auch die Kooperation der verschiedenen Einrichtungen von JenaKultur untereinander befl\u00fcgelt, und f\u00fcr das Wissenschaftsjahr entstehen sehr besondere Veranstaltungen:<\/p>\n<p>&nbsp;<\/p>\n<ul>\n<li>Auftaktprojekt \u201eJena leuchtet\u201c<\/li>\n<li>Gespr\u00e4chsforen Herz, Blau, Paradies, Provinz<\/li>\n<li>Fotografieausstellung \u201eDavid Malin \u2013 das unsichtbare Universum\u201c<\/li>\n<li>Ausstellung \u201eMit Lichtbehagen\u201c 450 Jahre Universit\u00e4tsstadt<\/li>\n<li>Zug der Jenaer Geister<\/li>\n<li>Kunst- und Ausstellungsprojekt \u201eDer europ\u00e4ische Wissensspeicher\u201c<\/li>\n<li>Konzert Kulturarena &amp; MKS Jena \u201eKrypta der Stadtkirche\u201c<\/li>\n<li>Konzerte der Jenaer Philharmonie \u201eBach &amp; Mathematik\u201c \u201eSpiralstrukturen\u201c \u201eStrahlen im gew\u00f6lbten Raum\u201c<\/li>\n<li>\u201eDie Unterwelt der Wissenschaft\u201c<\/li>\n<li>Luce. Der Ton der Farben. Licht-Kunst Konzert | Lichtkunst: rosalie | Lichttechnik: MAZeT GmbH (JENCOLOR\u00ae)<\/li>\n<\/ul>\n<p>[\/et_pb_text][\/et_pb_column][\/et_pb_row][\/et_pb_section]<\/p>\n","protected":false},"excerpt":{"rendered":"<p>15 Jahre JenaKulturStadt der WissenschaftZum Ansehen der Bilder die Pfeile links und rechts klicken. \u00a9 Quelle: JenaKultur, Fotos:\u00a0D. Ausserhofer, W.-D. Gericke, S. Reuter,\u00a0I. Rodigast, T. SchumannDie Auszeichnung als \u201eStadt der Wissenschaft\u201c ist vor allem ein enormer Erfolg f\u00fcr das Stadtmarketing. Nicht zuletzt durch die finanziellen Sondermittel des Gro\u00dfprojekts wird auch die Kooperation der verschiedenen Einrichtungen [&hellip;]<\/p>\n","protected":false},"author":22,"featured_media":0,"parent":0,"menu_order":0,"comment_status":"closed","ping_status":"closed","template":"","meta":{"_et_pb_use_builder":"on","_et_pb_old_content":"","_et_gb_content_width":"","footnotes":""},"class_list":["post-2219","page","type-page","status-publish","hentry"],"_links":{"self":[{"href":"https:\/\/blog.jena.de\/15jahre-jenakultur\/wp-json\/wp\/v2\/pages\/2219","targetHints":{"allow":["GET"]}}],"collection":[{"href":"https:\/\/blog.jena.de\/15jahre-jenakultur\/wp-json\/wp\/v2\/pages"}],"about":[{"href":"https:\/\/blog.jena.de\/15jahre-jenakultur\/wp-json\/wp\/v2\/types\/page"}],"author":[{"embeddable":true,"href":"https:\/\/blog.jena.de\/15jahre-jenakultur\/wp-json\/wp\/v2\/users\/22"}],"replies":[{"embeddable":true,"href":"https:\/\/blog.jena.de\/15jahre-jenakultur\/wp-json\/wp\/v2\/comments?post=2219"}],"version-history":[{"count":6,"href":"https:\/\/blog.jena.de\/15jahre-jenakultur\/wp-json\/wp\/v2\/pages\/2219\/revisions"}],"predecessor-version":[{"id":2588,"href":"https:\/\/blog.jena.de\/15jahre-jenakultur\/wp-json\/wp\/v2\/pages\/2219\/revisions\/2588"}],"wp:attachment":[{"href":"https:\/\/blog.jena.de\/15jahre-jenakultur\/wp-json\/wp\/v2\/media?parent=2219"}],"curies":[{"name":"wp","href":"https:\/\/api.w.org\/{rel}","templated":true}]}}