{"id":2148,"date":"2020-12-07T16:55:41","date_gmt":"2020-12-07T15:55:41","guid":{"rendered":"https:\/\/blog.jena.de\/15jahre-jenakultur\/?page_id=2148"},"modified":"2023-01-05T15:01:58","modified_gmt":"2023-01-05T14:01:58","slug":"rat-aus-jena","status":"publish","type":"page","link":"https:\/\/blog.jena.de\/15jahre-jenakultur\/rat-aus-jena\/","title":{"rendered":"Rat aus Jena"},"content":{"rendered":"<p>[et_pb_section fb_built=&#8220;1&#8243; module_class=&#8220;.centered { display: flex; align-items: center; flex-direction: row; flex-wrap: wrap; }&#8220; _builder_version=&#8220;4.7.5&#8243; _module_preset=&#8220;default&#8220; background_color=&#8220;#212121&#8243; custom_margin_tablet=&#8220;&#8220; custom_margin_phone=&#8220;0px||||false|false&#8220; custom_margin_last_edited=&#8220;on|phone&#8220; custom_padding=&#8220;10px||30px||false|false&#8220; bottom_divider_style=&#8220;asymmetric2&#8243; bottom_divider_color=&#8220;#ffb612&#8243; bottom_divider_height=&#8220;23px&#8220; da_disable_devices=&#8220;off|off|off&#8220; global_module=&#8220;2131&#8243; saved_tabs=&#8220;all&#8220; locked=&#8220;off&#8220; global_colors_info=&#8220;{}&#8220; da_is_popup=&#8220;off&#8220; da_exit_intent=&#8220;off&#8220; da_has_close=&#8220;on&#8220; da_alt_close=&#8220;off&#8220; da_dark_close=&#8220;off&#8220; da_not_modal=&#8220;on&#8220; da_is_singular=&#8220;off&#8220; da_with_loader=&#8220;off&#8220; da_has_shadow=&#8220;on&#8220;][et_pb_row column_structure=&#8220;1_4,1_2,1_4&#8243; use_custom_gutter=&#8220;on&#8220; disabled_on=&#8220;off|off|off&#8220; _builder_version=&#8220;4.16&#8243; _module_preset=&#8220;default&#8220; width=&#8220;90%&#8220; max_width=&#8220;90%&#8220; custom_margin_tablet=&#8220;0px||||false|false&#8220; custom_margin_phone=&#8220;&#8220; custom_margin_last_edited=&#8220;on|phone&#8220; custom_padding=&#8220;0px||0px||false|false&#8220; global_colors_info=&#8220;{}&#8220;][et_pb_column type=&#8220;1_4&#8243; _builder_version=&#8220;4.16&#8243; _module_preset=&#8220;default&#8220; global_colors_info=&#8220;{}&#8220;][et_pb_image src=&#8220;https:\/\/blog.jena.de\/15jahre-jenakultur\/wp-content\/uploads\/sites\/28\/2020\/10\/15jahre-jenakultur-jk-logo-weiss.png&#8220; alt=&#8220;Logo von JenaKultur&#8220; title_text=&#8220;JenaKultur-Logo&#8220; url=&#8220;https:\/\/blog.jena.de\/15jahre-jenakultur\/&#8220; src_tablet=&#8220;https:\/\/blog.jena.de\/15jahre-jenakultur\/wp-content\/uploads\/sites\/28\/2020\/10\/15jahre-jenakultur-jk-logo-weiss-300&#215;64.png&#8220; src_phone=&#8220;https:\/\/blog.jena.de\/15jahre-jenakultur\/wp-content\/uploads\/sites\/28\/2020\/10\/15jahre-jenakultur-jk-logo-weiss-300&#215;64.png&#8220; src_last_edited=&#8220;on|phone&#8220; _builder_version=&#8220;4.16&#8243; _module_preset=&#8220;default&#8220; width=&#8220;75%&#8220; width_tablet=&#8220;&#8220; width_phone=&#8220;&#8220; width_last_edited=&#8220;on|tablet&#8220; max_width=&#8220;75%&#8220; max_width_tablet=&#8220;30%&#8220; max_width_phone=&#8220;40%&#8220; max_width_last_edited=&#8220;on|desktop&#8220; custom_margin=&#8220;10px||||false|false&#8220; custom_margin_tablet=&#8220;0px||10px||false|false&#8220; custom_margin_phone=&#8220;&#8220; custom_margin_last_edited=&#8220;on|tablet&#8220; global_colors_info=&#8220;{}&#8220;][\/et_pb_image][\/et_pb_column][et_pb_column type=&#8220;1_2&#8243; _builder_version=&#8220;4.16&#8243; _module_preset=&#8220;default&#8220; global_colors_info=&#8220;{}&#8220;][et_pb_text _builder_version=&#8220;4.16&#8243; _module_preset=&#8220;default&#8220; text_text_color=&#8220;#f6f8ff&#8220; header_font=&#8220;|300|||||||&#8220; header_text_align=&#8220;center&#8220; header_text_color=&#8220;#f6f8ff&#8220; header_font_size=&#8220;82px&#8220; header_letter_spacing=&#8220;7px&#8220; width=&#8220;100%&#8220; max_width=&#8220;100%&#8220; max_width_tablet=&#8220;&#8220; max_width_phone=&#8220;&#8220; max_width_last_edited=&#8220;on|tablet&#8220; custom_margin=&#8220;||20px||false|false&#8220; header_font_size_tablet=&#8220;60px&#8220; header_font_size_phone=&#8220;40px&#8220; header_font_size_last_edited=&#8220;on|tablet&#8220; global_colors_info=&#8220;{}&#8220;]<\/p>\n<h1>JenaKulturStory<\/h1>\n<p>[\/et_pb_text][\/et_pb_column][et_pb_column type=&#8220;1_4&#8243; _builder_version=&#8220;4.16&#8243; _module_preset=&#8220;default&#8220; global_colors_info=&#8220;{}&#8220;][et_pb_image src=&#8220;https:\/\/blog.jena.de\/15jahre-jenakultur\/wp-content\/uploads\/sites\/28\/2020\/10\/15jahre-jenakultur-logo-jena-labelversion-weiss-300&#215;26.png&#8220; alt=&#8220;Label der Jena Lichtstadt&#8220; title_text=&#8220;Jena Lichtstadt&#8220; url=&#8220;https:\/\/startseite.jena.de\/&#8220; url_new_window=&#8220;on&#8220; align=&#8220;right&#8220; _builder_version=&#8220;4.16&#8243; _module_preset=&#8220;default&#8220; width=&#8220;75%&#8220; max_width=&#8220;75%&#8220; max_width_tablet=&#8220;15%&#8220; max_width_phone=&#8220;25%&#8220; max_width_last_edited=&#8220;on|tablet&#8220; custom_margin=&#8220;15px||||false|false&#8220; custom_margin_tablet=&#8220;0px||||false|false&#8220; custom_margin_phone=&#8220;&#8220; custom_margin_last_edited=&#8220;on|tablet&#8220; global_colors_info=&#8220;{}&#8220;][\/et_pb_image][\/et_pb_column][\/et_pb_row][\/et_pb_section][et_pb_section fb_built=&#8220;1&#8243; _builder_version=&#8220;4.16&#8243; _module_preset=&#8220;default&#8220; background_color=&#8220;#212121&#8243; da_disable_devices=&#8220;off|off|off&#8220; global_colors_info=&#8220;{}&#8220; da_is_popup=&#8220;off&#8220; da_exit_intent=&#8220;off&#8220; da_has_close=&#8220;on&#8220; da_alt_close=&#8220;off&#8220; da_dark_close=&#8220;off&#8220; da_not_modal=&#8220;on&#8220; da_is_singular=&#8220;off&#8220; da_with_loader=&#8220;off&#8220; da_has_shadow=&#8220;on&#8220;][et_pb_row custom_padding_last_edited=&#8220;on|tablet&#8220; _builder_version=&#8220;4.16&#8243; _module_preset=&#8220;default&#8220; background_color=&#8220;#212121&#8243; width=&#8220;100%&#8220; max_width=&#8220;100%&#8220; module_alignment=&#8220;center&#8220; custom_margin_tablet=&#8220;&#8220; custom_margin_phone=&#8220;0px||||false|false&#8220; custom_margin_last_edited=&#8220;on|phone&#8220; custom_padding_tablet=&#8220;0px||||false|false&#8220; custom_padding_phone=&#8220;0px||||false|false&#8220; scroll_scaling=&#8220;0|100|100|100|70|100|100&#8243; locked=&#8220;off&#8220; global_colors_info=&#8220;{}&#8220;][et_pb_column type=&#8220;4_4&#8243; _builder_version=&#8220;4.16&#8243; _module_preset=&#8220;default&#8220; global_colors_info=&#8220;{}&#8220;][et_pb_text _builder_version=&#8220;4.16&#8243; _module_preset=&#8220;default&#8220; header_2_font=&#8220;|300|||||||&#8220; header_2_text_align=&#8220;center&#8220; header_2_text_color=&#8220;#f6f8ff&#8220; header_2_font_size=&#8220;60px&#8220; header_2_letter_spacing=&#8220;1px&#8220; header_2_line_height=&#8220;0.8em&#8220; custom_margin=&#8220;50px||20px||false|false&#8220; custom_margin_tablet=&#8220;&#8220; custom_margin_phone=&#8220;20px||20px||false|false&#8220; custom_margin_last_edited=&#8220;on|phone&#8220; header_2_font_size_tablet=&#8220;50px&#8220; header_2_font_size_phone=&#8220;35px&#8220; header_2_font_size_last_edited=&#8220;on|desktop&#8220; header_2_text_shadow_style=&#8220;preset5&#8243; header_2_text_shadow_horizontal_length=&#8220;0.04em&#8220; header_2_text_shadow_vertical_length=&#8220;0.06em&#8220; global_colors_info=&#8220;{}&#8220;]<\/p>\n<h2>Rat aus Jena?<\/h2>\n<p>[\/et_pb_text][et_pb_text _builder_version=&#8220;4.16&#8243; _module_preset=&#8220;default&#8220; header_3_font=&#8220;||||||||&#8220; header_3_font_size=&#8220;24px&#8220; header_4_font=&#8220;|300|||||||&#8220; header_4_font_size=&#8220;25px&#8220; background_layout=&#8220;dark&#8220; width=&#8220;50%&#8220; width_tablet=&#8220;90%&#8220; width_phone=&#8220;&#8220; width_last_edited=&#8220;on|phone&#8220; max_width=&#8220;85%&#8220; module_alignment=&#8220;center&#8220; custom_margin=&#8220;50px||||false|false&#8220; custom_margin_tablet=&#8220;&#8220; custom_margin_phone=&#8220;20px||||false|false&#8220; custom_margin_last_edited=&#8220;on|phone&#8220; custom_padding=&#8220;||||false|false&#8220; text_font_size_tablet=&#8220;&#8220; text_font_size_phone=&#8220;15px&#8220; text_font_size_last_edited=&#8220;on|phone&#8220; locked=&#8220;off&#8220; global_colors_info=&#8220;{}&#8220;]<\/p>\n<h3 style=\"text-align: left\">Bitte sehr!<br \/> JenaKultur ist gefragt<\/h3>\n<p style=\"text-align: left\">W\u00e4hrend der Gr\u00fcndung von JenaKultur hat die Jenaer Politik in anderen St\u00e4dten mit Eigenbetrieben um Rat nachgefragt, um von den guten Erfahrungen dort zu profitieren.<\/p>\n<p>[\/et_pb_text][et_pb_video src=&#8220;https:\/\/blog.jena.de\/15jahre-jenakultur\/wp-content\/uploads\/sites\/28\/2020\/12\/15jahre-jenakultur-carsten-mueller-final-1.mp4&#8243; image_src=&#8220;https:\/\/blog.jena.de\/15jahre-jenakultur\/wp-content\/uploads\/sites\/28\/2020\/12\/15jahre-jenakultur-mueller1.jpg&#8220; play_icon_color=&#8220;#ffb612&#8243; thumbnail_overlay_color=&#8220;rgba(0,0,0,0.6)&#8220; _builder_version=&#8220;4.16&#8243; _module_preset=&#8220;default&#8220; width=&#8220;100%&#8220; max_width=&#8220;50%&#8220; max_width_tablet=&#8220;80%&#8220; max_width_phone=&#8220;&#8220; max_width_last_edited=&#8220;on|phone&#8220; module_alignment=&#8220;center&#8220; custom_margin=&#8220;20px||||false|false&#8220; border_radii=&#8220;on|15px|15px|15px|15px&#8220; border_color_all=&#8220;#ffb612&#8243; locked=&#8220;off&#8220; global_colors_info=&#8220;{}&#8220;][\/et_pb_video][et_pb_text _builder_version=&#8220;4.19.4&#8243; _module_preset=&#8220;default&#8220; text_font_size=&#8220;15px&#8220; text_orientation=&#8220;center&#8220; background_layout=&#8220;dark&#8220; max_width=&#8220;55%&#8220; max_width_tablet=&#8220;80%&#8220; max_width_phone=&#8220;80%&#8220; max_width_last_edited=&#8220;on|desktop&#8220; module_alignment=&#8220;center&#8220; custom_margin=&#8220;||50px||false|false&#8220; hover_enabled=&#8220;0&#8243; text_font_size_tablet=&#8220;&#8220; text_font_size_phone=&#8220;13px&#8220; text_font_size_last_edited=&#8220;on|phone&#8220; locked=&#8220;off&#8220; global_colors_info=&#8220;{}&#8220; sticky_enabled=&#8220;0&#8243;]<\/p>\n<p>Carsten M\u00fcller, Werkleiter f\u00fcr Zentrales Management\/Tourismus\/Marketing, \u00fcber die Rolle von JenaKultur als Ratgeber, Partner und Vermittler.<\/p>\n<p>[\/et_pb_text][et_pb_text _builder_version=&#8220;4.16&#8243; _module_preset=&#8220;default&#8220; header_3_font=&#8220;||||||||&#8220; header_3_font_size=&#8220;24px&#8220; header_4_font=&#8220;|300|||||||&#8220; header_4_font_size=&#8220;25px&#8220; background_layout=&#8220;dark&#8220; width=&#8220;50%&#8220; width_tablet=&#8220;90%&#8220; width_phone=&#8220;&#8220; width_last_edited=&#8220;on|phone&#8220; max_width=&#8220;85%&#8220; module_alignment=&#8220;center&#8220; custom_margin=&#8220;50px||||false|false&#8220; custom_margin_tablet=&#8220;&#8220; custom_margin_phone=&#8220;20px||||false|false&#8220; custom_margin_last_edited=&#8220;on|phone&#8220; custom_padding=&#8220;||||false|false&#8220; text_font_size_tablet=&#8220;&#8220; text_font_size_phone=&#8220;15px&#8220; text_font_size_last_edited=&#8220;on|phone&#8220; locked=&#8220;off&#8220; global_colors_info=&#8220;{}&#8220;]<\/p>\n<p>In der Arbeitsgemeinschaft Reformbetriebe kommen mindestens einmal j\u00e4hrlich die interessierten Eigenbetriebe Deutschlands zum Erfahrungsaustausch zusammen. 2007 war JenaKultur erstmals bei diesen Treffen mit von der Partie, bereits 2009 konnte man die Partner nach Jena einladen. Ziel der informellen Beratungen ist es, an den Erfahrungen der anderen zu partizipieren, Kennzahlen zu vergleichen und gemeinsam Optimierungsm\u00f6glichkeiten f\u00fcr die Kulturarbeit zu suchen. Reformbetriebe sind in einem dauerhaften Lernmodus und auf die st\u00e4ndige Verbesserung ihrer Betriebsabl\u00e4ufe aus.<\/p>\n<p>[\/et_pb_text][\/et_pb_column][\/et_pb_row][et_pb_row column_structure=&#8220;1_2,1_2&#8243; use_custom_gutter=&#8220;on&#8220; make_equal=&#8220;on&#8220; _builder_version=&#8220;4.16&#8243; _module_preset=&#8220;default&#8220; width=&#8220;100%&#8220; max_width=&#8220;50%&#8220; max_width_tablet=&#8220;100%&#8220; max_width_phone=&#8220;&#8220; max_width_last_edited=&#8220;on|phone&#8220; custom_margin=&#8220;||||false|false&#8220; locked=&#8220;off&#8220; global_colors_info=&#8220;{}&#8220;][et_pb_column type=&#8220;1_2&#8243; _builder_version=&#8220;4.16&#8243; _module_preset=&#8220;default&#8220; background_enable_color=&#8220;off&#8220; global_colors_info=&#8220;{}&#8220;][et_pb_blurb use_icon=&#8220;on&#8220; font_icon=&#8220;&#xe066;||divi||400&#8243; icon_color=&#8220;#f6f8ff&#8220; image_icon_background_color=&#8220;#ffb612&#8243; image_icon_width=&#8220;48px&#8220; _builder_version=&#8220;4.16&#8243; _module_preset=&#8220;default&#8220; header_font=&#8220;|600|||||||&#8220; body_text_align=&#8220;center&#8220; body_text_color=&#8220;#333745&#8243; body_font_size=&#8220;15px&#8220; body_line_height=&#8220;1.6em&#8220; background_color=&#8220;rgba(246,248,255,0.75)&#8220; image_icon_custom_padding=&#8220;25px|25px|25px|25px|false|false&#8220; text_orientation=&#8220;center&#8220; background_layout=&#8220;dark&#8220; width=&#8220;90%&#8220; max_width=&#8220;90%&#8220; max_width_tablet=&#8220;60%&#8220; max_width_phone=&#8220;60%&#8220; max_width_last_edited=&#8220;on|tablet&#8220; module_alignment=&#8220;center&#8220; custom_margin=&#8220;20px||50px||false|false&#8220; custom_padding=&#8220;10px|10px|10px|10px|false|false&#8220; body_font_size_tablet=&#8220;&#8220; body_font_size_phone=&#8220;13px&#8220; body_font_size_last_edited=&#8220;on|phone&#8220; border_radii=&#8220;on|15px|15px|15px|15px&#8220; border_radii_image=&#8220;on|100%|100%|100%|100%&#8220; use_circle=&#8220;on&#8220; circle_color=&#8220;#ffb612&#8243; global_colors_info=&#8220;{}&#8220; image_icon_background_color__sticky_enabled=&#8220;#7EBEC5&#8243; image_icon_background_color__sticky=&#8220;#7EBEC5&#8243;]<\/p>\n<p>Inzwischen ist JenaKultur l\u00e4ngst selbst zu einem gefragten <strong>Ratgeber<\/strong> geworden. St\u00e4dte, die Eigenbetriebe gr\u00fcnden wollen, lassen sich bei Fragen rund um Satzung, Organisation und Aufbau der Kostenstruktur beraten und profitieren von den in Jena gemachten Erfahrungen. Beispiele hierf\u00fcr sind Chemnitz, Naumburg, D\u00fcren und last but not least sogar Rotterdam.<\/p>\n<p>[\/et_pb_blurb][\/et_pb_column][et_pb_column type=&#8220;1_2&#8243; _builder_version=&#8220;4.16&#8243; _module_preset=&#8220;default&#8220; background_enable_color=&#8220;off&#8220; global_colors_info=&#8220;{}&#8220;][et_pb_blurb use_icon=&#8220;on&#8220; font_icon=&#8220;&#xe08b;||divi||400&#8243; icon_color=&#8220;#f6f8ff&#8220; image_icon_background_color=&#8220;#ffb612&#8243; image_icon_width=&#8220;48px&#8220; _builder_version=&#8220;4.19.4&#8243; _module_preset=&#8220;default&#8220; header_font=&#8220;|600|||||||&#8220; body_text_align=&#8220;center&#8220; body_text_color=&#8220;#333745&#8243; body_font_size=&#8220;15px&#8220; body_line_height=&#8220;1.6em&#8220; background_color=&#8220;rgba(246,248,255,0.75)&#8220; image_icon_custom_padding=&#8220;25px|25px|25px|25px|false|false&#8220; text_orientation=&#8220;center&#8220; background_layout=&#8220;dark&#8220; width=&#8220;90%&#8220; max_width=&#8220;90%&#8220; max_width_tablet=&#8220;60%&#8220; max_width_phone=&#8220;60%&#8220; max_width_last_edited=&#8220;on|tablet&#8220; module_alignment=&#8220;center&#8220; custom_margin=&#8220;20px||50px||false|false&#8220; custom_padding=&#8220;10px|10px|10px|10px|false|false&#8220; hover_enabled=&#8220;0&#8243; body_font_size_tablet=&#8220;&#8220; body_font_size_phone=&#8220;13px&#8220; body_font_size_last_edited=&#8220;on|phone&#8220; border_radii=&#8220;on|15px|15px|15px|15px&#8220; border_radii_image=&#8220;on|100%|100%|100%|100%&#8220; use_circle=&#8220;on&#8220; circle_color=&#8220;#ffb612&#8243; global_colors_info=&#8220;{}&#8220; image_icon_background_color__sticky_enabled=&#8220;#7EBEC5&#8243; image_icon_background_color__sticky=&#8220;#7EBEC5&#8243; sticky_enabled=&#8220;0&#8243;]<\/p>\n<p>JenaKultur \u00fcbt <strong>Mitgliedschaften<\/strong> in verschiedenen Kulturverb\u00e4nden aus.<br \/>Der Werkleiter f\u00fcr Zentrales Management\/Tourismus\/Marketing Carsten M\u00fcller beispielsweise ist im Jahr 2019 in den Vorstand des <strong><a href=\"https:\/\/www.evvc.org\/\" target=\"_blank\" rel=\"noopener noreferrer\" title=\"Zur Website des EVVC\">Europ\u00e4ischen Verbands der Veranstaltungs-Centren e.V.<\/a><\/strong> gew\u00e4hlt worden.<\/p>\n<p>[\/et_pb_blurb][\/et_pb_column][\/et_pb_row][\/et_pb_section]<\/p>\n","protected":false},"excerpt":{"rendered":"<p>JenaKulturStoryRat aus Jena?Bitte sehr! JenaKultur ist gefragt W\u00e4hrend der Gr\u00fcndung von JenaKultur hat die Jenaer Politik in anderen St\u00e4dten mit Eigenbetrieben um Rat nachgefragt, um von den guten Erfahrungen dort zu profitieren.Carsten M\u00fcller, Werkleiter f\u00fcr Zentrales Management\/Tourismus\/Marketing, \u00fcber die Rolle von JenaKultur als Ratgeber, Partner und Vermittler.In der Arbeitsgemeinschaft Reformbetriebe kommen mindestens einmal j\u00e4hrlich die [&hellip;]<\/p>\n","protected":false},"author":22,"featured_media":0,"parent":0,"menu_order":0,"comment_status":"closed","ping_status":"closed","template":"","meta":{"_et_pb_use_builder":"on","_et_pb_old_content":"","_et_gb_content_width":"","footnotes":""},"class_list":["post-2148","page","type-page","status-publish","hentry"],"_links":{"self":[{"href":"https:\/\/blog.jena.de\/15jahre-jenakultur\/wp-json\/wp\/v2\/pages\/2148","targetHints":{"allow":["GET"]}}],"collection":[{"href":"https:\/\/blog.jena.de\/15jahre-jenakultur\/wp-json\/wp\/v2\/pages"}],"about":[{"href":"https:\/\/blog.jena.de\/15jahre-jenakultur\/wp-json\/wp\/v2\/types\/page"}],"author":[{"embeddable":true,"href":"https:\/\/blog.jena.de\/15jahre-jenakultur\/wp-json\/wp\/v2\/users\/22"}],"replies":[{"embeddable":true,"href":"https:\/\/blog.jena.de\/15jahre-jenakultur\/wp-json\/wp\/v2\/comments?post=2148"}],"version-history":[{"count":9,"href":"https:\/\/blog.jena.de\/15jahre-jenakultur\/wp-json\/wp\/v2\/pages\/2148\/revisions"}],"predecessor-version":[{"id":3499,"href":"https:\/\/blog.jena.de\/15jahre-jenakultur\/wp-json\/wp\/v2\/pages\/2148\/revisions\/3499"}],"wp:attachment":[{"href":"https:\/\/blog.jena.de\/15jahre-jenakultur\/wp-json\/wp\/v2\/media?parent=2148"}],"curies":[{"name":"wp","href":"https:\/\/api.w.org\/{rel}","templated":true}]}}